{"id":987,"date":"2019-08-19T10:51:08","date_gmt":"2019-08-19T08:51:08","guid":{"rendered":"https:\/\/www.france-culinaire.com\/product\/aromatisation-5-baies\/"},"modified":"2019-12-03T15:59:45","modified_gmt":"2019-12-03T13:59:45","slug":"aromatisation-5-baies","status":"publish","type":"product","link":"https:\/\/www.france-culinaire.com\/en\/product\/aromatisation-5-baies\/","title":{"rendered":"M\u00e9lange 5 baies"},"content":{"rendered":"\n<p><strong>Aromatisation en grains.<\/strong><\/p>\n<p>Le m\u00e9lange 5 baies est une sp\u00e9cialit\u00e9 aromatique compos\u00e9e d&#8217;un m\u00e9lange d&#8217;\u00e9pices en grains (baies roses, poivres, coriandre). Elle est principalement utilis\u00e9e pour le d\u00e9cor et l&#8217;aromatisation. Cette sp\u00e9cialit\u00e9 apporte une flaveur caract\u00e9ristique des 5 baies et est de couleur gris, rouge, noir, elle est fabriqu\u00e9e en France.<\/p>\n<p><strong>Pr\u00e9conisation d&#8217;utilisation : \u00e0 adapter selon usage<\/strong><\/p>\n","protected":false},"excerpt":{"rendered":"<p>Sp\u00e9cialit\u00e9 aromatique note 5 baies.<\/p>\n","protected":false},"featured_media":2275,"template":"","meta":[],"product_brand":[],"product_type":[2],"product_visibility":[],"product_cat":[882],"class_list":{"0":"post-987","1":"product","2":"type-product","3":"status-publish","4":"has-post-thumbnail","6":"product_cat-produits-produitsspcialits-aromatiquesmlanges-dpices","7":"product_tag-aromatisation","8":"product_tag-coriandre","9":"product_tag-grains","11":"first","12":"instock","13":"shipping-taxable","14":"product-type-simple"},"acf":{"fiche_technique":"","fiche_methode":""},"yoast_head":"<!-- This site is optimized with the Yoast SEO plugin v27.1.1 - https:\/\/yoast.com\/product\/yoast-seo-wordpress\/ -->\n<title>M\u00e9lange 5 baies - France Culinaire D\u00e9veloppement<\/title>\n<meta name=\"robots\" content=\"index, follow, max-snippet:-1, max-image-preview:large, max-video-preview:-1\" \/>\n<link rel=\"canonical\" href=\"https:\/\/www.france-culinaire.com\/product\/aromatisation-5-baies\/\" \/>\n<meta property=\"og:locale\" content=\"en_US\" \/>\n<meta property=\"og:type\" content=\"article\" \/>\n<meta property=\"og:title\" content=\"M\u00e9lange 5 baies - France Culinaire D\u00e9veloppement\" \/>\n<meta property=\"og:description\" content=\"Sp\u00e9cialit\u00e9 aromatique note 5 baies.\" \/>\n<meta property=\"og:url\" content=\"https:\/\/www.france-culinaire.com\/product\/aromatisation-5-baies\/\" \/>\n<meta property=\"og:site_name\" content=\"France Culinaire D\u00e9veloppement\" \/>\n<meta property=\"article:modified_time\" content=\"2019-12-03T13:59:45+00:00\" \/>\n<meta property=\"og:image\" content=\"https:\/\/www.france-culinaire.com\/app\/uploads\/2019\/10\/m_lange__pices.-e1573113793172.png\" \/>\n\t<meta property=\"og:image:width\" content=\"399\" \/>\n\t<meta property=\"og:image:height\" content=\"529\" \/>\n\t<meta property=\"og:image:type\" content=\"image\/png\" \/>\n<meta name=\"twitter:card\" content=\"summary_large_image\" \/>\n<script type=\"application\/ld+json\" class=\"yoast-schema-graph\">{\"@context\":\"https:\/\/schema.org\",\"@graph\":[{\"@type\":\"WebPage\",\"@id\":\"https:\/\/www.france-culinaire.com\/product\/aromatisation-5-baies\/\",\"url\":\"https:\/\/www.france-culinaire.com\/product\/aromatisation-5-baies\/\",\"name\":\"M\u00e9lange 5 baies - France Culinaire D\u00e9veloppement\",\"isPartOf\":{\"@id\":\"https:\/\/www.france-culinaire.com\/#website\"},\"primaryImageOfPage\":{\"@id\":\"https:\/\/www.france-culinaire.com\/product\/aromatisation-5-baies\/#primaryimage\"},\"image\":{\"@id\":\"https:\/\/www.france-culinaire.com\/product\/aromatisation-5-baies\/#primaryimage\"},\"thumbnailUrl\":\"https:\/\/www.france-culinaire.com\/app\/uploads\/2019\/10\/m_lange__pices.-e1573113793172.png\",\"datePublished\":\"2019-08-19T08:51:08+00:00\",\"dateModified\":\"2019-12-03T13:59:45+00:00\",\"breadcrumb\":{\"@id\":\"https:\/\/www.france-culinaire.com\/product\/aromatisation-5-baies\/#breadcrumb\"},\"inLanguage\":\"en-US\",\"potentialAction\":[{\"@type\":\"ReadAction\",\"target\":[\"https:\/\/www.france-culinaire.com\/product\/aromatisation-5-baies\/\"]}]},{\"@type\":\"ImageObject\",\"inLanguage\":\"en-US\",\"@id\":\"https:\/\/www.france-culinaire.com\/product\/aromatisation-5-baies\/#primaryimage\",\"url\":\"https:\/\/www.france-culinaire.com\/app\/uploads\/2019\/10\/m_lange__pices.-e1573113793172.png\",\"contentUrl\":\"https:\/\/www.france-culinaire.com\/app\/uploads\/2019\/10\/m_lange__pices.-e1573113793172.png\",\"width\":399,\"height\":529},{\"@type\":\"BreadcrumbList\",\"@id\":\"https:\/\/www.france-culinaire.com\/product\/aromatisation-5-baies\/#breadcrumb\",\"itemListElement\":[{\"@type\":\"ListItem\",\"position\":1,\"name\":\"Home\",\"item\":\"https:\/\/www.france-culinaire.com\/en\/\"},{\"@type\":\"ListItem\",\"position\":2,\"name\":\"Boutique\",\"item\":\"https:\/\/www.france-culinaire.com\/boutique-2\/\"},{\"@type\":\"ListItem\",\"position\":3,\"name\":\"M\u00e9lange 5 baies\"}]},{\"@type\":\"WebSite\",\"@id\":\"https:\/\/www.france-culinaire.com\/#website\",\"url\":\"https:\/\/www.france-culinaire.com\/\",\"name\":\"France Culinaire D\u00e9veloppement\",\"description\":\"L\u2019aromatisation sur mesure\",\"potentialAction\":[{\"@type\":\"SearchAction\",\"target\":{\"@type\":\"EntryPoint\",\"urlTemplate\":\"https:\/\/www.france-culinaire.com\/?s={search_term_string}\"},\"query-input\":{\"@type\":\"PropertyValueSpecification\",\"valueRequired\":true,\"valueName\":\"search_term_string\"}}],\"inLanguage\":\"en-US\"}]}<\/script>\n<!-- \/ Yoast SEO plugin. -->","yoast_head_json":{"title":"M\u00e9lange 5 baies - France Culinaire D\u00e9veloppement","robots":{"index":"index","follow":"follow","max-snippet":"max-snippet:-1","max-image-preview":"max-image-preview:large","max-video-preview":"max-video-preview:-1"},"canonical":"https:\/\/www.france-culinaire.com\/product\/aromatisation-5-baies\/","og_locale":"en_US","og_type":"article","og_title":"M\u00e9lange 5 baies - France Culinaire D\u00e9veloppement","og_description":"Sp\u00e9cialit\u00e9 aromatique note 5 baies.","og_url":"https:\/\/www.france-culinaire.com\/product\/aromatisation-5-baies\/","og_site_name":"France Culinaire D\u00e9veloppement","article_modified_time":"2019-12-03T13:59:45+00:00","og_image":[{"width":399,"height":529,"url":"https:\/\/www.france-culinaire.com\/app\/uploads\/2019\/10\/m_lange__pices.-e1573113793172.png","type":"image\/png"}],"twitter_card":"summary_large_image","schema":{"@context":"https:\/\/schema.org","@graph":[{"@type":"WebPage","@id":"https:\/\/www.france-culinaire.com\/product\/aromatisation-5-baies\/","url":"https:\/\/www.france-culinaire.com\/product\/aromatisation-5-baies\/","name":"M\u00e9lange 5 baies - France Culinaire D\u00e9veloppement","isPartOf":{"@id":"https:\/\/www.france-culinaire.com\/#website"},"primaryImageOfPage":{"@id":"https:\/\/www.france-culinaire.com\/product\/aromatisation-5-baies\/#primaryimage"},"image":{"@id":"https:\/\/www.france-culinaire.com\/product\/aromatisation-5-baies\/#primaryimage"},"thumbnailUrl":"https:\/\/www.france-culinaire.com\/app\/uploads\/2019\/10\/m_lange__pices.-e1573113793172.png","datePublished":"2019-08-19T08:51:08+00:00","dateModified":"2019-12-03T13:59:45+00:00","breadcrumb":{"@id":"https:\/\/www.france-culinaire.com\/product\/aromatisation-5-baies\/#breadcrumb"},"inLanguage":"en-US","potentialAction":[{"@type":"ReadAction","target":["https:\/\/www.france-culinaire.com\/product\/aromatisation-5-baies\/"]}]},{"@type":"ImageObject","inLanguage":"en-US","@id":"https:\/\/www.france-culinaire.com\/product\/aromatisation-5-baies\/#primaryimage","url":"https:\/\/www.france-culinaire.com\/app\/uploads\/2019\/10\/m_lange__pices.-e1573113793172.png","contentUrl":"https:\/\/www.france-culinaire.com\/app\/uploads\/2019\/10\/m_lange__pices.-e1573113793172.png","width":399,"height":529},{"@type":"BreadcrumbList","@id":"https:\/\/www.france-culinaire.com\/product\/aromatisation-5-baies\/#breadcrumb","itemListElement":[{"@type":"ListItem","position":1,"name":"Home","item":"https:\/\/www.france-culinaire.com\/en\/"},{"@type":"ListItem","position":2,"name":"Boutique","item":"https:\/\/www.france-culinaire.com\/boutique-2\/"},{"@type":"ListItem","position":3,"name":"M\u00e9lange 5 baies"}]},{"@type":"WebSite","@id":"https:\/\/www.france-culinaire.com\/#website","url":"https:\/\/www.france-culinaire.com\/","name":"France Culinaire D\u00e9veloppement","description":"L\u2019aromatisation sur mesure","potentialAction":[{"@type":"SearchAction","target":{"@type":"EntryPoint","urlTemplate":"https:\/\/www.france-culinaire.com\/?s={search_term_string}"},"query-input":{"@type":"PropertyValueSpecification","valueRequired":true,"valueName":"search_term_string"}}],"inLanguage":"en-US"}]}},"_links":{"self":[{"href":"https:\/\/www.france-culinaire.com\/en\/wp-json\/wp\/v2\/product\/987","targetHints":{"allow":["GET"]}}],"collection":[{"href":"https:\/\/www.france-culinaire.com\/en\/wp-json\/wp\/v2\/product"}],"about":[{"href":"https:\/\/www.france-culinaire.com\/en\/wp-json\/wp\/v2\/types\/product"}],"wp:featuredmedia":[{"embeddable":true,"href":"https:\/\/www.france-culinaire.com\/en\/wp-json\/wp\/v2\/media\/2275"}],"wp:attachment":[{"href":"https:\/\/www.france-culinaire.com\/en\/wp-json\/wp\/v2\/media?parent=987"}],"wp:term":[{"taxonomy":"product_brand","embeddable":true,"href":"https:\/\/www.france-culinaire.com\/en\/wp-json\/wp\/v2\/product_brand?post=987"},{"taxonomy":"product_type","embeddable":true,"href":"https:\/\/www.france-culinaire.com\/en\/wp-json\/wp\/v2\/product_type?post=987"},{"taxonomy":"product_visibility","embeddable":true,"href":"https:\/\/www.france-culinaire.com\/en\/wp-json\/wp\/v2\/product_visibility?post=987"},{"taxonomy":"product_cat","embeddable":true,"href":"https:\/\/www.france-culinaire.com\/en\/wp-json\/wp\/v2\/product_cat?post=987"}],"curies":[{"name":"wp","href":"https:\/\/api.w.org\/{rel}","templated":true}]}}