{"id":967,"date":"2019-08-19T10:50:49","date_gmt":"2019-08-19T08:50:49","guid":{"rendered":"https:\/\/www.france-culinaire.com\/product\/garam-massala\/"},"modified":"2019-12-03T15:23:38","modified_gmt":"2019-12-03T13:23:38","slug":"garam-massala","status":"publish","type":"product","link":"https:\/\/www.france-culinaire.com\/en\/product\/garam-massala\/","title":{"rendered":"Garam massala"},"content":{"rendered":"\n<p><strong>Garam massala en poudre.<\/strong><\/p>\n<p>Le garam massala est une sp\u00e9cialit\u00e9 aromatique obtenue par m\u00e9lange d&#8217;\u00e9pices et d&#8217;aromates issu de la cuisine traditionnelle du Nord de l&#8217;Inde. Elle apporte une flaveur aromatique, \u00e9pic\u00e9e et est de couleur brune. Fabriqu\u00e9 en France.<\/p>\n<p><strong>Pr\u00e9conisation d&#8217;utilisation : \u00e0 adapter selon usage<\/strong><\/p>\n","protected":false},"excerpt":{"rendered":"<p>Sp\u00e9cialit\u00e9 aromatique note \u00e9pic\u00e9e.<\/p>\n","protected":false},"featured_media":2210,"template":"","meta":[],"product_brand":[],"product_type":[2],"product_visibility":[],"product_cat":[882],"class_list":{"0":"post-967","1":"product","2":"type-product","3":"status-publish","4":"has-post-thumbnail","6":"product_cat-produits-produitsspcialits-aromatiquesmlanges-dpices","7":"product_tag-aromatique","8":"product_tag-aromatisation","9":"product_tag-garam","10":"product_tag-inde","11":"product_tag-massala","12":"product_tag-poudre","14":"first","15":"instock","16":"shipping-taxable","17":"product-type-simple"},"acf":{"fiche_technique":"","fiche_methode":""},"yoast_head":"<!-- This site is optimized with the Yoast SEO plugin v27.1.1 - https:\/\/yoast.com\/product\/yoast-seo-wordpress\/ -->\n<title>Garam massala - France Culinaire D\u00e9veloppement<\/title>\n<meta name=\"robots\" content=\"index, follow, max-snippet:-1, max-image-preview:large, max-video-preview:-1\" \/>\n<link rel=\"canonical\" href=\"https:\/\/www.france-culinaire.com\/product\/garam-massala\/\" \/>\n<meta property=\"og:locale\" content=\"en_US\" \/>\n<meta property=\"og:type\" content=\"article\" \/>\n<meta property=\"og:title\" content=\"Garam massala - France Culinaire D\u00e9veloppement\" \/>\n<meta property=\"og:description\" content=\"Sp\u00e9cialit\u00e9 aromatique note \u00e9pic\u00e9e.\" \/>\n<meta property=\"og:url\" content=\"https:\/\/www.france-culinaire.com\/product\/garam-massala\/\" \/>\n<meta property=\"og:site_name\" content=\"France Culinaire D\u00e9veloppement\" \/>\n<meta property=\"article:modified_time\" content=\"2019-12-03T13:23:38+00:00\" \/>\n<meta property=\"og:image\" content=\"https:\/\/www.france-culinaire.com\/app\/uploads\/2019\/10\/epices3-2.png\" \/>\n\t<meta property=\"og:image:width\" content=\"400\" \/>\n\t<meta property=\"og:image:height\" content=\"635\" \/>\n\t<meta property=\"og:image:type\" content=\"image\/png\" \/>\n<meta name=\"twitter:card\" content=\"summary_large_image\" \/>\n<script type=\"application\/ld+json\" class=\"yoast-schema-graph\">{\"@context\":\"https:\/\/schema.org\",\"@graph\":[{\"@type\":\"WebPage\",\"@id\":\"https:\/\/www.france-culinaire.com\/product\/garam-massala\/\",\"url\":\"https:\/\/www.france-culinaire.com\/product\/garam-massala\/\",\"name\":\"Garam massala - France Culinaire D\u00e9veloppement\",\"isPartOf\":{\"@id\":\"https:\/\/www.france-culinaire.com\/#website\"},\"primaryImageOfPage\":{\"@id\":\"https:\/\/www.france-culinaire.com\/product\/garam-massala\/#primaryimage\"},\"image\":{\"@id\":\"https:\/\/www.france-culinaire.com\/product\/garam-massala\/#primaryimage\"},\"thumbnailUrl\":\"https:\/\/www.france-culinaire.com\/app\/uploads\/2019\/10\/epices3-2.png\",\"datePublished\":\"2019-08-19T08:50:49+00:00\",\"dateModified\":\"2019-12-03T13:23:38+00:00\",\"breadcrumb\":{\"@id\":\"https:\/\/www.france-culinaire.com\/product\/garam-massala\/#breadcrumb\"},\"inLanguage\":\"en-US\",\"potentialAction\":[{\"@type\":\"ReadAction\",\"target\":[\"https:\/\/www.france-culinaire.com\/product\/garam-massala\/\"]}]},{\"@type\":\"ImageObject\",\"inLanguage\":\"en-US\",\"@id\":\"https:\/\/www.france-culinaire.com\/product\/garam-massala\/#primaryimage\",\"url\":\"https:\/\/www.france-culinaire.com\/app\/uploads\/2019\/10\/epices3-2.png\",\"contentUrl\":\"https:\/\/www.france-culinaire.com\/app\/uploads\/2019\/10\/epices3-2.png\",\"width\":400,\"height\":635},{\"@type\":\"BreadcrumbList\",\"@id\":\"https:\/\/www.france-culinaire.com\/product\/garam-massala\/#breadcrumb\",\"itemListElement\":[{\"@type\":\"ListItem\",\"position\":1,\"name\":\"Home\",\"item\":\"https:\/\/www.france-culinaire.com\/en\/\"},{\"@type\":\"ListItem\",\"position\":2,\"name\":\"Boutique\",\"item\":\"https:\/\/www.france-culinaire.com\/boutique-2\/\"},{\"@type\":\"ListItem\",\"position\":3,\"name\":\"Garam massala\"}]},{\"@type\":\"WebSite\",\"@id\":\"https:\/\/www.france-culinaire.com\/#website\",\"url\":\"https:\/\/www.france-culinaire.com\/\",\"name\":\"France Culinaire D\u00e9veloppement\",\"description\":\"L\u2019aromatisation sur mesure\",\"potentialAction\":[{\"@type\":\"SearchAction\",\"target\":{\"@type\":\"EntryPoint\",\"urlTemplate\":\"https:\/\/www.france-culinaire.com\/?s={search_term_string}\"},\"query-input\":{\"@type\":\"PropertyValueSpecification\",\"valueRequired\":true,\"valueName\":\"search_term_string\"}}],\"inLanguage\":\"en-US\"}]}<\/script>\n<!-- \/ Yoast SEO plugin. -->","yoast_head_json":{"title":"Garam massala - France Culinaire D\u00e9veloppement","robots":{"index":"index","follow":"follow","max-snippet":"max-snippet:-1","max-image-preview":"max-image-preview:large","max-video-preview":"max-video-preview:-1"},"canonical":"https:\/\/www.france-culinaire.com\/product\/garam-massala\/","og_locale":"en_US","og_type":"article","og_title":"Garam massala - France Culinaire D\u00e9veloppement","og_description":"Sp\u00e9cialit\u00e9 aromatique note \u00e9pic\u00e9e.","og_url":"https:\/\/www.france-culinaire.com\/product\/garam-massala\/","og_site_name":"France Culinaire D\u00e9veloppement","article_modified_time":"2019-12-03T13:23:38+00:00","og_image":[{"width":400,"height":635,"url":"https:\/\/www.france-culinaire.com\/app\/uploads\/2019\/10\/epices3-2.png","type":"image\/png"}],"twitter_card":"summary_large_image","schema":{"@context":"https:\/\/schema.org","@graph":[{"@type":"WebPage","@id":"https:\/\/www.france-culinaire.com\/product\/garam-massala\/","url":"https:\/\/www.france-culinaire.com\/product\/garam-massala\/","name":"Garam massala - France Culinaire D\u00e9veloppement","isPartOf":{"@id":"https:\/\/www.france-culinaire.com\/#website"},"primaryImageOfPage":{"@id":"https:\/\/www.france-culinaire.com\/product\/garam-massala\/#primaryimage"},"image":{"@id":"https:\/\/www.france-culinaire.com\/product\/garam-massala\/#primaryimage"},"thumbnailUrl":"https:\/\/www.france-culinaire.com\/app\/uploads\/2019\/10\/epices3-2.png","datePublished":"2019-08-19T08:50:49+00:00","dateModified":"2019-12-03T13:23:38+00:00","breadcrumb":{"@id":"https:\/\/www.france-culinaire.com\/product\/garam-massala\/#breadcrumb"},"inLanguage":"en-US","potentialAction":[{"@type":"ReadAction","target":["https:\/\/www.france-culinaire.com\/product\/garam-massala\/"]}]},{"@type":"ImageObject","inLanguage":"en-US","@id":"https:\/\/www.france-culinaire.com\/product\/garam-massala\/#primaryimage","url":"https:\/\/www.france-culinaire.com\/app\/uploads\/2019\/10\/epices3-2.png","contentUrl":"https:\/\/www.france-culinaire.com\/app\/uploads\/2019\/10\/epices3-2.png","width":400,"height":635},{"@type":"BreadcrumbList","@id":"https:\/\/www.france-culinaire.com\/product\/garam-massala\/#breadcrumb","itemListElement":[{"@type":"ListItem","position":1,"name":"Home","item":"https:\/\/www.france-culinaire.com\/en\/"},{"@type":"ListItem","position":2,"name":"Boutique","item":"https:\/\/www.france-culinaire.com\/boutique-2\/"},{"@type":"ListItem","position":3,"name":"Garam massala"}]},{"@type":"WebSite","@id":"https:\/\/www.france-culinaire.com\/#website","url":"https:\/\/www.france-culinaire.com\/","name":"France Culinaire D\u00e9veloppement","description":"L\u2019aromatisation sur mesure","potentialAction":[{"@type":"SearchAction","target":{"@type":"EntryPoint","urlTemplate":"https:\/\/www.france-culinaire.com\/?s={search_term_string}"},"query-input":{"@type":"PropertyValueSpecification","valueRequired":true,"valueName":"search_term_string"}}],"inLanguage":"en-US"}]}},"_links":{"self":[{"href":"https:\/\/www.france-culinaire.com\/en\/wp-json\/wp\/v2\/product\/967","targetHints":{"allow":["GET"]}}],"collection":[{"href":"https:\/\/www.france-culinaire.com\/en\/wp-json\/wp\/v2\/product"}],"about":[{"href":"https:\/\/www.france-culinaire.com\/en\/wp-json\/wp\/v2\/types\/product"}],"wp:featuredmedia":[{"embeddable":true,"href":"https:\/\/www.france-culinaire.com\/en\/wp-json\/wp\/v2\/media\/2210"}],"wp:attachment":[{"href":"https:\/\/www.france-culinaire.com\/en\/wp-json\/wp\/v2\/media?parent=967"}],"wp:term":[{"taxonomy":"product_brand","embeddable":true,"href":"https:\/\/www.france-culinaire.com\/en\/wp-json\/wp\/v2\/product_brand?post=967"},{"taxonomy":"product_type","embeddable":true,"href":"https:\/\/www.france-culinaire.com\/en\/wp-json\/wp\/v2\/product_type?post=967"},{"taxonomy":"product_visibility","embeddable":true,"href":"https:\/\/www.france-culinaire.com\/en\/wp-json\/wp\/v2\/product_visibility?post=967"},{"taxonomy":"product_cat","embeddable":true,"href":"https:\/\/www.france-culinaire.com\/en\/wp-json\/wp\/v2\/product_cat?post=967"}],"curies":[{"name":"wp","href":"https:\/\/api.w.org\/{rel}","templated":true}]}}