{"id":823,"date":"2019-08-19T10:48:32","date_gmt":"2019-08-19T08:48:32","guid":{"rendered":"https:\/\/www.france-culinaire.com\/product\/fond-blanc-de-volaille-hal\/"},"modified":"2020-05-14T17:00:37","modified_gmt":"2020-05-14T15:00:37","slug":"fond_blanc_de_volaille_hal_5592","status":"publish","type":"product","link":"https:\/\/www.france-culinaire.com\/en\/product\/fond_blanc_de_volaille_hal_5592\/","title":{"rendered":"Fond blanc de volaille hal"},"content":{"rendered":"\n<p><strong>Pr\u00e9paration de base d\u00e9shydrat\u00e9e.<\/strong><\/p>\n<p>Le fond blanc de volaille hal est une pr\u00e9paration culinaire d\u00e9shydrat\u00e9e, pr\u00eate \u00e0 l&#8217;emploi, convient \u00e0 une alimentation Halal. Elle apporte une flaveur de volaille et est de couleur jaune ambr\u00e9e. Fabriqu\u00e9 en France.<\/p>\n<p><strong>Dose d&#8217;utilisation : 60g par litre d\u2019eau.<\/strong><\/p>\n","protected":false},"excerpt":{"rendered":"<p>Pr\u00e9paration de base pour fond blanc de volaille.<\/p>\n","protected":false},"featured_media":2354,"template":"","meta":[],"product_brand":[],"product_type":[2],"product_visibility":[],"product_cat":[15],"class_list":{"0":"post-823","1":"product","2":"type-product","3":"status-publish","4":"has-post-thumbnail","6":"product_cat-uncategorized","7":"product_tag-fond","8":"product_tag-halal","9":"product_tag-poudre","10":"product_tag-sauce","11":"product_tag-volaille","13":"first","14":"instock","15":"shipping-taxable","16":"product-type-simple"},"acf":{"fiche_technique":"","fiche_methode":""},"yoast_head":"<!-- This site is optimized with the Yoast SEO plugin v27.1.1 - https:\/\/yoast.com\/product\/yoast-seo-wordpress\/ -->\n<title>Fond blanc de volaille hal - France Culinaire D\u00e9veloppement<\/title>\n<meta name=\"robots\" content=\"index, follow, max-snippet:-1, max-image-preview:large, max-video-preview:-1\" \/>\n<link rel=\"canonical\" href=\"https:\/\/www.france-culinaire.com\/product\/fond_blanc_de_volaille_hal_5592\/\" \/>\n<meta property=\"og:locale\" content=\"en_US\" \/>\n<meta property=\"og:type\" content=\"article\" \/>\n<meta property=\"og:title\" content=\"Fond blanc de volaille hal - France Culinaire D\u00e9veloppement\" \/>\n<meta property=\"og:description\" content=\"Pr\u00e9paration de base pour fond blanc de volaille.\" \/>\n<meta property=\"og:url\" content=\"https:\/\/www.france-culinaire.com\/product\/fond_blanc_de_volaille_hal_5592\/\" \/>\n<meta property=\"og:site_name\" content=\"France Culinaire D\u00e9veloppement\" \/>\n<meta property=\"article:modified_time\" content=\"2020-05-14T15:00:37+00:00\" \/>\n<meta property=\"og:image\" content=\"https:\/\/www.france-culinaire.com\/app\/uploads\/2019\/11\/cocotte_viande..png\" \/>\n\t<meta property=\"og:image:width\" content=\"360\" \/>\n\t<meta property=\"og:image:height\" content=\"440\" \/>\n\t<meta property=\"og:image:type\" content=\"image\/png\" \/>\n<meta name=\"twitter:card\" content=\"summary_large_image\" \/>\n<script type=\"application\/ld+json\" class=\"yoast-schema-graph\">{\"@context\":\"https:\/\/schema.org\",\"@graph\":[{\"@type\":\"WebPage\",\"@id\":\"https:\/\/www.france-culinaire.com\/product\/fond_blanc_de_volaille_hal_5592\/\",\"url\":\"https:\/\/www.france-culinaire.com\/product\/fond_blanc_de_volaille_hal_5592\/\",\"name\":\"Fond blanc de volaille hal - France Culinaire D\u00e9veloppement\",\"isPartOf\":{\"@id\":\"https:\/\/www.france-culinaire.com\/#website\"},\"primaryImageOfPage\":{\"@id\":\"https:\/\/www.france-culinaire.com\/product\/fond_blanc_de_volaille_hal_5592\/#primaryimage\"},\"image\":{\"@id\":\"https:\/\/www.france-culinaire.com\/product\/fond_blanc_de_volaille_hal_5592\/#primaryimage\"},\"thumbnailUrl\":\"https:\/\/www.france-culinaire.com\/app\/uploads\/2019\/11\/cocotte_viande..png\",\"datePublished\":\"2019-08-19T08:48:32+00:00\",\"dateModified\":\"2020-05-14T15:00:37+00:00\",\"breadcrumb\":{\"@id\":\"https:\/\/www.france-culinaire.com\/product\/fond_blanc_de_volaille_hal_5592\/#breadcrumb\"},\"inLanguage\":\"en-US\",\"potentialAction\":[{\"@type\":\"ReadAction\",\"target\":[\"https:\/\/www.france-culinaire.com\/product\/fond_blanc_de_volaille_hal_5592\/\"]}]},{\"@type\":\"ImageObject\",\"inLanguage\":\"en-US\",\"@id\":\"https:\/\/www.france-culinaire.com\/product\/fond_blanc_de_volaille_hal_5592\/#primaryimage\",\"url\":\"https:\/\/www.france-culinaire.com\/app\/uploads\/2019\/11\/cocotte_viande..png\",\"contentUrl\":\"https:\/\/www.france-culinaire.com\/app\/uploads\/2019\/11\/cocotte_viande..png\",\"width\":360,\"height\":440},{\"@type\":\"BreadcrumbList\",\"@id\":\"https:\/\/www.france-culinaire.com\/product\/fond_blanc_de_volaille_hal_5592\/#breadcrumb\",\"itemListElement\":[{\"@type\":\"ListItem\",\"position\":1,\"name\":\"Home\",\"item\":\"https:\/\/www.france-culinaire.com\/en\/\"},{\"@type\":\"ListItem\",\"position\":2,\"name\":\"Boutique\",\"item\":\"https:\/\/www.france-culinaire.com\/boutique-2\/\"},{\"@type\":\"ListItem\",\"position\":3,\"name\":\"Fond blanc de volaille hal\"}]},{\"@type\":\"WebSite\",\"@id\":\"https:\/\/www.france-culinaire.com\/#website\",\"url\":\"https:\/\/www.france-culinaire.com\/\",\"name\":\"France Culinaire D\u00e9veloppement\",\"description\":\"L\u2019aromatisation sur mesure\",\"potentialAction\":[{\"@type\":\"SearchAction\",\"target\":{\"@type\":\"EntryPoint\",\"urlTemplate\":\"https:\/\/www.france-culinaire.com\/?s={search_term_string}\"},\"query-input\":{\"@type\":\"PropertyValueSpecification\",\"valueRequired\":true,\"valueName\":\"search_term_string\"}}],\"inLanguage\":\"en-US\"}]}<\/script>\n<!-- \/ Yoast SEO plugin. -->","yoast_head_json":{"title":"Fond blanc de volaille hal - France Culinaire D\u00e9veloppement","robots":{"index":"index","follow":"follow","max-snippet":"max-snippet:-1","max-image-preview":"max-image-preview:large","max-video-preview":"max-video-preview:-1"},"canonical":"https:\/\/www.france-culinaire.com\/product\/fond_blanc_de_volaille_hal_5592\/","og_locale":"en_US","og_type":"article","og_title":"Fond blanc de volaille hal - France Culinaire D\u00e9veloppement","og_description":"Pr\u00e9paration de base pour fond blanc de volaille.","og_url":"https:\/\/www.france-culinaire.com\/product\/fond_blanc_de_volaille_hal_5592\/","og_site_name":"France Culinaire D\u00e9veloppement","article_modified_time":"2020-05-14T15:00:37+00:00","og_image":[{"width":360,"height":440,"url":"https:\/\/www.france-culinaire.com\/app\/uploads\/2019\/11\/cocotte_viande..png","type":"image\/png"}],"twitter_card":"summary_large_image","schema":{"@context":"https:\/\/schema.org","@graph":[{"@type":"WebPage","@id":"https:\/\/www.france-culinaire.com\/product\/fond_blanc_de_volaille_hal_5592\/","url":"https:\/\/www.france-culinaire.com\/product\/fond_blanc_de_volaille_hal_5592\/","name":"Fond blanc de volaille hal - France Culinaire D\u00e9veloppement","isPartOf":{"@id":"https:\/\/www.france-culinaire.com\/#website"},"primaryImageOfPage":{"@id":"https:\/\/www.france-culinaire.com\/product\/fond_blanc_de_volaille_hal_5592\/#primaryimage"},"image":{"@id":"https:\/\/www.france-culinaire.com\/product\/fond_blanc_de_volaille_hal_5592\/#primaryimage"},"thumbnailUrl":"https:\/\/www.france-culinaire.com\/app\/uploads\/2019\/11\/cocotte_viande..png","datePublished":"2019-08-19T08:48:32+00:00","dateModified":"2020-05-14T15:00:37+00:00","breadcrumb":{"@id":"https:\/\/www.france-culinaire.com\/product\/fond_blanc_de_volaille_hal_5592\/#breadcrumb"},"inLanguage":"en-US","potentialAction":[{"@type":"ReadAction","target":["https:\/\/www.france-culinaire.com\/product\/fond_blanc_de_volaille_hal_5592\/"]}]},{"@type":"ImageObject","inLanguage":"en-US","@id":"https:\/\/www.france-culinaire.com\/product\/fond_blanc_de_volaille_hal_5592\/#primaryimage","url":"https:\/\/www.france-culinaire.com\/app\/uploads\/2019\/11\/cocotte_viande..png","contentUrl":"https:\/\/www.france-culinaire.com\/app\/uploads\/2019\/11\/cocotte_viande..png","width":360,"height":440},{"@type":"BreadcrumbList","@id":"https:\/\/www.france-culinaire.com\/product\/fond_blanc_de_volaille_hal_5592\/#breadcrumb","itemListElement":[{"@type":"ListItem","position":1,"name":"Home","item":"https:\/\/www.france-culinaire.com\/en\/"},{"@type":"ListItem","position":2,"name":"Boutique","item":"https:\/\/www.france-culinaire.com\/boutique-2\/"},{"@type":"ListItem","position":3,"name":"Fond blanc de volaille hal"}]},{"@type":"WebSite","@id":"https:\/\/www.france-culinaire.com\/#website","url":"https:\/\/www.france-culinaire.com\/","name":"France Culinaire D\u00e9veloppement","description":"L\u2019aromatisation sur mesure","potentialAction":[{"@type":"SearchAction","target":{"@type":"EntryPoint","urlTemplate":"https:\/\/www.france-culinaire.com\/?s={search_term_string}"},"query-input":{"@type":"PropertyValueSpecification","valueRequired":true,"valueName":"search_term_string"}}],"inLanguage":"en-US"}]}},"_links":{"self":[{"href":"https:\/\/www.france-culinaire.com\/en\/wp-json\/wp\/v2\/product\/823","targetHints":{"allow":["GET"]}}],"collection":[{"href":"https:\/\/www.france-culinaire.com\/en\/wp-json\/wp\/v2\/product"}],"about":[{"href":"https:\/\/www.france-culinaire.com\/en\/wp-json\/wp\/v2\/types\/product"}],"wp:featuredmedia":[{"embeddable":true,"href":"https:\/\/www.france-culinaire.com\/en\/wp-json\/wp\/v2\/media\/2354"}],"wp:attachment":[{"href":"https:\/\/www.france-culinaire.com\/en\/wp-json\/wp\/v2\/media?parent=823"}],"wp:term":[{"taxonomy":"product_brand","embeddable":true,"href":"https:\/\/www.france-culinaire.com\/en\/wp-json\/wp\/v2\/product_brand?post=823"},{"taxonomy":"product_type","embeddable":true,"href":"https:\/\/www.france-culinaire.com\/en\/wp-json\/wp\/v2\/product_type?post=823"},{"taxonomy":"product_visibility","embeddable":true,"href":"https:\/\/www.france-culinaire.com\/en\/wp-json\/wp\/v2\/product_visibility?post=823"},{"taxonomy":"product_cat","embeddable":true,"href":"https:\/\/www.france-culinaire.com\/en\/wp-json\/wp\/v2\/product_cat?post=823"}],"curies":[{"name":"wp","href":"https:\/\/api.w.org\/{rel}","templated":true}]}}