{"id":714,"date":"2019-08-19T10:46:51","date_gmt":"2019-08-19T08:46:51","guid":{"rendered":"https:\/\/www.france-culinaire.com\/product\/leva-60-n-levure-chimique-cuisson-normale\/"},"modified":"2020-01-17T15:35:05","modified_gmt":"2020-01-17T13:35:05","slug":"leva-60-n-levure-chimique-cuisson-normale","status":"publish","type":"product","link":"https:\/\/www.france-culinaire.com\/en\/product\/leva-60-n-levure-chimique-cuisson-normale\/","title":{"rendered":"Levure chimique"},"content":{"rendered":"\n<p><strong>Levure chimique cuisson normale\u00a0en poudre.<\/strong><\/p>\n<p>La levure chimique cuisson normale\u00a0est un syst\u00e8me fonctionnel pour servir de poudre \u00e0 lever. Fabriqu\u00e9e en France de flaveur neutre et de couleur blanche.\n<\/p>\n<p><strong>Dose d&#8217;utilisation : 20 \u00e0 30 g \/ Kg de farine ou \u00e0 adapter selon usage et la r\u00e8glementation en vigueur.<\/strong><\/p>\n","protected":false},"excerpt":{"rendered":"<p>Agent levant.<\/p>\n","protected":false},"featured_media":2411,"template":"","meta":[],"product_brand":[],"product_type":[2],"product_visibility":[],"product_cat":[795],"class_list":{"0":"post-714","1":"product","2":"type-product","3":"status-publish","4":"has-post-thumbnail","6":"product_cat-produitssystemes-fonctionnels","7":"product_tag-chimique","8":"product_tag-leva","9":"product_tag-levure","10":"product_tag-normale","11":"product_tag-poudre","13":"first","14":"instock","15":"shipping-taxable","16":"product-type-simple"},"acf":{"fiche_technique":"","fiche_methode":""},"yoast_head":"<!-- This site is optimized with the Yoast SEO plugin v27.1.1 - https:\/\/yoast.com\/product\/yoast-seo-wordpress\/ -->\n<title>Levure chimique - France Culinaire D\u00e9veloppement<\/title>\n<meta name=\"robots\" content=\"index, follow, max-snippet:-1, max-image-preview:large, max-video-preview:-1\" \/>\n<link rel=\"canonical\" href=\"https:\/\/www.france-culinaire.com\/product\/leva-60-n-levure-chimique-cuisson-normale\/\" \/>\n<meta property=\"og:locale\" content=\"en_US\" \/>\n<meta property=\"og:type\" content=\"article\" \/>\n<meta property=\"og:title\" content=\"Levure chimique - France Culinaire D\u00e9veloppement\" \/>\n<meta property=\"og:description\" content=\"Agent levant.\" \/>\n<meta property=\"og:url\" content=\"https:\/\/www.france-culinaire.com\/product\/leva-60-n-levure-chimique-cuisson-normale\/\" \/>\n<meta property=\"og:site_name\" content=\"France Culinaire D\u00e9veloppement\" \/>\n<meta property=\"article:modified_time\" content=\"2020-01-17T13:35:05+00:00\" \/>\n<meta property=\"og:image\" content=\"https:\/\/www.france-culinaire.com\/app\/uploads\/2019\/11\/p_te_pain..png\" \/>\n\t<meta property=\"og:image:width\" content=\"370\" \/>\n\t<meta property=\"og:image:height\" content=\"553\" \/>\n\t<meta property=\"og:image:type\" content=\"image\/png\" \/>\n<meta name=\"twitter:card\" content=\"summary_large_image\" \/>\n<script type=\"application\/ld+json\" class=\"yoast-schema-graph\">{\"@context\":\"https:\/\/schema.org\",\"@graph\":[{\"@type\":\"WebPage\",\"@id\":\"https:\/\/www.france-culinaire.com\/product\/leva-60-n-levure-chimique-cuisson-normale\/\",\"url\":\"https:\/\/www.france-culinaire.com\/product\/leva-60-n-levure-chimique-cuisson-normale\/\",\"name\":\"Levure chimique - France Culinaire D\u00e9veloppement\",\"isPartOf\":{\"@id\":\"https:\/\/www.france-culinaire.com\/#website\"},\"primaryImageOfPage\":{\"@id\":\"https:\/\/www.france-culinaire.com\/product\/leva-60-n-levure-chimique-cuisson-normale\/#primaryimage\"},\"image\":{\"@id\":\"https:\/\/www.france-culinaire.com\/product\/leva-60-n-levure-chimique-cuisson-normale\/#primaryimage\"},\"thumbnailUrl\":\"https:\/\/www.france-culinaire.com\/app\/uploads\/2019\/11\/p_te_pain..png\",\"datePublished\":\"2019-08-19T08:46:51+00:00\",\"dateModified\":\"2020-01-17T13:35:05+00:00\",\"breadcrumb\":{\"@id\":\"https:\/\/www.france-culinaire.com\/product\/leva-60-n-levure-chimique-cuisson-normale\/#breadcrumb\"},\"inLanguage\":\"en-US\",\"potentialAction\":[{\"@type\":\"ReadAction\",\"target\":[\"https:\/\/www.france-culinaire.com\/product\/leva-60-n-levure-chimique-cuisson-normale\/\"]}]},{\"@type\":\"ImageObject\",\"inLanguage\":\"en-US\",\"@id\":\"https:\/\/www.france-culinaire.com\/product\/leva-60-n-levure-chimique-cuisson-normale\/#primaryimage\",\"url\":\"https:\/\/www.france-culinaire.com\/app\/uploads\/2019\/11\/p_te_pain..png\",\"contentUrl\":\"https:\/\/www.france-culinaire.com\/app\/uploads\/2019\/11\/p_te_pain..png\",\"width\":370,\"height\":553},{\"@type\":\"BreadcrumbList\",\"@id\":\"https:\/\/www.france-culinaire.com\/product\/leva-60-n-levure-chimique-cuisson-normale\/#breadcrumb\",\"itemListElement\":[{\"@type\":\"ListItem\",\"position\":1,\"name\":\"Home\",\"item\":\"https:\/\/www.france-culinaire.com\/en\/\"},{\"@type\":\"ListItem\",\"position\":2,\"name\":\"Boutique\",\"item\":\"https:\/\/www.france-culinaire.com\/boutique-2\/\"},{\"@type\":\"ListItem\",\"position\":3,\"name\":\"Levure chimique\"}]},{\"@type\":\"WebSite\",\"@id\":\"https:\/\/www.france-culinaire.com\/#website\",\"url\":\"https:\/\/www.france-culinaire.com\/\",\"name\":\"France Culinaire D\u00e9veloppement\",\"description\":\"L\u2019aromatisation sur mesure\",\"potentialAction\":[{\"@type\":\"SearchAction\",\"target\":{\"@type\":\"EntryPoint\",\"urlTemplate\":\"https:\/\/www.france-culinaire.com\/?s={search_term_string}\"},\"query-input\":{\"@type\":\"PropertyValueSpecification\",\"valueRequired\":true,\"valueName\":\"search_term_string\"}}],\"inLanguage\":\"en-US\"}]}<\/script>\n<!-- \/ Yoast SEO plugin. -->","yoast_head_json":{"title":"Levure chimique - France Culinaire D\u00e9veloppement","robots":{"index":"index","follow":"follow","max-snippet":"max-snippet:-1","max-image-preview":"max-image-preview:large","max-video-preview":"max-video-preview:-1"},"canonical":"https:\/\/www.france-culinaire.com\/product\/leva-60-n-levure-chimique-cuisson-normale\/","og_locale":"en_US","og_type":"article","og_title":"Levure chimique - France Culinaire D\u00e9veloppement","og_description":"Agent levant.","og_url":"https:\/\/www.france-culinaire.com\/product\/leva-60-n-levure-chimique-cuisson-normale\/","og_site_name":"France Culinaire D\u00e9veloppement","article_modified_time":"2020-01-17T13:35:05+00:00","og_image":[{"width":370,"height":553,"url":"https:\/\/www.france-culinaire.com\/app\/uploads\/2019\/11\/p_te_pain..png","type":"image\/png"}],"twitter_card":"summary_large_image","schema":{"@context":"https:\/\/schema.org","@graph":[{"@type":"WebPage","@id":"https:\/\/www.france-culinaire.com\/product\/leva-60-n-levure-chimique-cuisson-normale\/","url":"https:\/\/www.france-culinaire.com\/product\/leva-60-n-levure-chimique-cuisson-normale\/","name":"Levure chimique - France Culinaire D\u00e9veloppement","isPartOf":{"@id":"https:\/\/www.france-culinaire.com\/#website"},"primaryImageOfPage":{"@id":"https:\/\/www.france-culinaire.com\/product\/leva-60-n-levure-chimique-cuisson-normale\/#primaryimage"},"image":{"@id":"https:\/\/www.france-culinaire.com\/product\/leva-60-n-levure-chimique-cuisson-normale\/#primaryimage"},"thumbnailUrl":"https:\/\/www.france-culinaire.com\/app\/uploads\/2019\/11\/p_te_pain..png","datePublished":"2019-08-19T08:46:51+00:00","dateModified":"2020-01-17T13:35:05+00:00","breadcrumb":{"@id":"https:\/\/www.france-culinaire.com\/product\/leva-60-n-levure-chimique-cuisson-normale\/#breadcrumb"},"inLanguage":"en-US","potentialAction":[{"@type":"ReadAction","target":["https:\/\/www.france-culinaire.com\/product\/leva-60-n-levure-chimique-cuisson-normale\/"]}]},{"@type":"ImageObject","inLanguage":"en-US","@id":"https:\/\/www.france-culinaire.com\/product\/leva-60-n-levure-chimique-cuisson-normale\/#primaryimage","url":"https:\/\/www.france-culinaire.com\/app\/uploads\/2019\/11\/p_te_pain..png","contentUrl":"https:\/\/www.france-culinaire.com\/app\/uploads\/2019\/11\/p_te_pain..png","width":370,"height":553},{"@type":"BreadcrumbList","@id":"https:\/\/www.france-culinaire.com\/product\/leva-60-n-levure-chimique-cuisson-normale\/#breadcrumb","itemListElement":[{"@type":"ListItem","position":1,"name":"Home","item":"https:\/\/www.france-culinaire.com\/en\/"},{"@type":"ListItem","position":2,"name":"Boutique","item":"https:\/\/www.france-culinaire.com\/boutique-2\/"},{"@type":"ListItem","position":3,"name":"Levure chimique"}]},{"@type":"WebSite","@id":"https:\/\/www.france-culinaire.com\/#website","url":"https:\/\/www.france-culinaire.com\/","name":"France Culinaire D\u00e9veloppement","description":"L\u2019aromatisation sur mesure","potentialAction":[{"@type":"SearchAction","target":{"@type":"EntryPoint","urlTemplate":"https:\/\/www.france-culinaire.com\/?s={search_term_string}"},"query-input":{"@type":"PropertyValueSpecification","valueRequired":true,"valueName":"search_term_string"}}],"inLanguage":"en-US"}]}},"_links":{"self":[{"href":"https:\/\/www.france-culinaire.com\/en\/wp-json\/wp\/v2\/product\/714","targetHints":{"allow":["GET"]}}],"collection":[{"href":"https:\/\/www.france-culinaire.com\/en\/wp-json\/wp\/v2\/product"}],"about":[{"href":"https:\/\/www.france-culinaire.com\/en\/wp-json\/wp\/v2\/types\/product"}],"wp:featuredmedia":[{"embeddable":true,"href":"https:\/\/www.france-culinaire.com\/en\/wp-json\/wp\/v2\/media\/2411"}],"wp:attachment":[{"href":"https:\/\/www.france-culinaire.com\/en\/wp-json\/wp\/v2\/media?parent=714"}],"wp:term":[{"taxonomy":"product_brand","embeddable":true,"href":"https:\/\/www.france-culinaire.com\/en\/wp-json\/wp\/v2\/product_brand?post=714"},{"taxonomy":"product_type","embeddable":true,"href":"https:\/\/www.france-culinaire.com\/en\/wp-json\/wp\/v2\/product_type?post=714"},{"taxonomy":"product_visibility","embeddable":true,"href":"https:\/\/www.france-culinaire.com\/en\/wp-json\/wp\/v2\/product_visibility?post=714"},{"taxonomy":"product_cat","embeddable":true,"href":"https:\/\/www.france-culinaire.com\/en\/wp-json\/wp\/v2\/product_cat?post=714"}],"curies":[{"name":"wp","href":"https:\/\/api.w.org\/{rel}","templated":true}]}}