{"id":701,"date":"2019-08-19T10:46:38","date_gmt":"2019-08-19T08:46:38","guid":{"rendered":"https:\/\/www.france-culinaire.com\/product\/veloute-potiron-sans-sel\/"},"modified":"2020-05-15T09:57:08","modified_gmt":"2020-05-15T07:57:08","slug":"veloute_potiron_sans_sel_ajoute_4529","status":"publish","type":"product","link":"https:\/\/www.france-culinaire.com\/en\/product\/veloute_potiron_sans_sel_ajoute_4529\/","title":{"rendered":"Velout\u00e9 potiron sans sel ajout\u00e9"},"content":{"rendered":"\n<p><strong>Pr\u00e9paration de base d\u00e9shydrat\u00e9e.<\/strong><\/p>\n<p>Le velout\u00e9\u00a0potiron sans sel ajout\u00e9 est une pr\u00e9paration culinaire, d\u00e9shydrat\u00e9e, pr\u00eate \u00e0 l&#8217;emploi, elle se pr\u00e9pare en quelques minutes. Elle apporte une flaveur de potiron et une couleur orange. Fabriqu\u00e9 en France.\n<\/p>\n<p><strong>Dose d&#8217;utilisation : 80 g par litre d\u2019eau soit 4 rations.<\/strong><\/p>\n","protected":false},"excerpt":{"rendered":"<p>Pr\u00e9paration de base pour velout\u00e9.<\/p>\n","protected":false},"featured_media":2240,"template":"","meta":[],"product_brand":[],"product_type":[2],"product_visibility":[],"product_cat":[888],"class_list":{"0":"post-701","1":"product","2":"type-product","3":"status-publish","4":"has-post-thumbnail","6":"product_cat-produits-produitsprparations-culinairespotages-et-pures","7":"product_tag-deshydrate","8":"product_tag-potage","9":"product_tag-potiron","10":"product_tag-poudre","11":"product_tag-sans","12":"product_tag-sel","13":"product_tag-veloute","15":"first","16":"instock","17":"shipping-taxable","18":"product-type-simple"},"acf":{"fiche_technique":"","fiche_methode":""},"yoast_head":"<!-- This site is optimized with the Yoast SEO plugin v27.1.1 - https:\/\/yoast.com\/product\/yoast-seo-wordpress\/ -->\n<title>Velout\u00e9 potiron sans sel ajout\u00e9 - France Culinaire D\u00e9veloppement<\/title>\n<meta name=\"robots\" content=\"index, follow, max-snippet:-1, max-image-preview:large, max-video-preview:-1\" \/>\n<link rel=\"canonical\" href=\"https:\/\/www.france-culinaire.com\/product\/veloute_potiron_sans_sel_ajoute_4529\/\" \/>\n<meta property=\"og:locale\" content=\"en_US\" \/>\n<meta property=\"og:type\" content=\"article\" \/>\n<meta property=\"og:title\" content=\"Velout\u00e9 potiron sans sel ajout\u00e9 - France Culinaire D\u00e9veloppement\" \/>\n<meta property=\"og:description\" content=\"Pr\u00e9paration de base pour velout\u00e9.\" \/>\n<meta property=\"og:url\" content=\"https:\/\/www.france-culinaire.com\/product\/veloute_potiron_sans_sel_ajoute_4529\/\" \/>\n<meta property=\"og:site_name\" content=\"France Culinaire D\u00e9veloppement\" \/>\n<meta property=\"article:modified_time\" content=\"2020-05-15T07:57:08+00:00\" \/>\n<meta property=\"og:image\" content=\"https:\/\/www.france-culinaire.com\/app\/uploads\/2019\/10\/velout__..png\" \/>\n\t<meta property=\"og:image:width\" content=\"348\" \/>\n\t<meta property=\"og:image:height\" content=\"571\" \/>\n\t<meta property=\"og:image:type\" content=\"image\/png\" \/>\n<meta name=\"twitter:card\" content=\"summary_large_image\" \/>\n<script type=\"application\/ld+json\" class=\"yoast-schema-graph\">{\"@context\":\"https:\/\/schema.org\",\"@graph\":[{\"@type\":\"WebPage\",\"@id\":\"https:\/\/www.france-culinaire.com\/product\/veloute_potiron_sans_sel_ajoute_4529\/\",\"url\":\"https:\/\/www.france-culinaire.com\/product\/veloute_potiron_sans_sel_ajoute_4529\/\",\"name\":\"Velout\u00e9 potiron sans sel ajout\u00e9 - France Culinaire D\u00e9veloppement\",\"isPartOf\":{\"@id\":\"https:\/\/www.france-culinaire.com\/#website\"},\"primaryImageOfPage\":{\"@id\":\"https:\/\/www.france-culinaire.com\/product\/veloute_potiron_sans_sel_ajoute_4529\/#primaryimage\"},\"image\":{\"@id\":\"https:\/\/www.france-culinaire.com\/product\/veloute_potiron_sans_sel_ajoute_4529\/#primaryimage\"},\"thumbnailUrl\":\"https:\/\/www.france-culinaire.com\/app\/uploads\/2019\/10\/velout__..png\",\"datePublished\":\"2019-08-19T08:46:38+00:00\",\"dateModified\":\"2020-05-15T07:57:08+00:00\",\"breadcrumb\":{\"@id\":\"https:\/\/www.france-culinaire.com\/product\/veloute_potiron_sans_sel_ajoute_4529\/#breadcrumb\"},\"inLanguage\":\"en-US\",\"potentialAction\":[{\"@type\":\"ReadAction\",\"target\":[\"https:\/\/www.france-culinaire.com\/product\/veloute_potiron_sans_sel_ajoute_4529\/\"]}]},{\"@type\":\"ImageObject\",\"inLanguage\":\"en-US\",\"@id\":\"https:\/\/www.france-culinaire.com\/product\/veloute_potiron_sans_sel_ajoute_4529\/#primaryimage\",\"url\":\"https:\/\/www.france-culinaire.com\/app\/uploads\/2019\/10\/velout__..png\",\"contentUrl\":\"https:\/\/www.france-culinaire.com\/app\/uploads\/2019\/10\/velout__..png\",\"width\":348,\"height\":571},{\"@type\":\"BreadcrumbList\",\"@id\":\"https:\/\/www.france-culinaire.com\/product\/veloute_potiron_sans_sel_ajoute_4529\/#breadcrumb\",\"itemListElement\":[{\"@type\":\"ListItem\",\"position\":1,\"name\":\"Home\",\"item\":\"https:\/\/www.france-culinaire.com\/en\/\"},{\"@type\":\"ListItem\",\"position\":2,\"name\":\"Boutique\",\"item\":\"https:\/\/www.france-culinaire.com\/boutique-2\/\"},{\"@type\":\"ListItem\",\"position\":3,\"name\":\"Velout\u00e9 potiron sans sel ajout\u00e9\"}]},{\"@type\":\"WebSite\",\"@id\":\"https:\/\/www.france-culinaire.com\/#website\",\"url\":\"https:\/\/www.france-culinaire.com\/\",\"name\":\"France Culinaire D\u00e9veloppement\",\"description\":\"L\u2019aromatisation sur mesure\",\"potentialAction\":[{\"@type\":\"SearchAction\",\"target\":{\"@type\":\"EntryPoint\",\"urlTemplate\":\"https:\/\/www.france-culinaire.com\/?s={search_term_string}\"},\"query-input\":{\"@type\":\"PropertyValueSpecification\",\"valueRequired\":true,\"valueName\":\"search_term_string\"}}],\"inLanguage\":\"en-US\"}]}<\/script>\n<!-- \/ Yoast SEO plugin. -->","yoast_head_json":{"title":"Velout\u00e9 potiron sans sel ajout\u00e9 - France Culinaire D\u00e9veloppement","robots":{"index":"index","follow":"follow","max-snippet":"max-snippet:-1","max-image-preview":"max-image-preview:large","max-video-preview":"max-video-preview:-1"},"canonical":"https:\/\/www.france-culinaire.com\/product\/veloute_potiron_sans_sel_ajoute_4529\/","og_locale":"en_US","og_type":"article","og_title":"Velout\u00e9 potiron sans sel ajout\u00e9 - France Culinaire D\u00e9veloppement","og_description":"Pr\u00e9paration de base pour velout\u00e9.","og_url":"https:\/\/www.france-culinaire.com\/product\/veloute_potiron_sans_sel_ajoute_4529\/","og_site_name":"France Culinaire D\u00e9veloppement","article_modified_time":"2020-05-15T07:57:08+00:00","og_image":[{"width":348,"height":571,"url":"https:\/\/www.france-culinaire.com\/app\/uploads\/2019\/10\/velout__..png","type":"image\/png"}],"twitter_card":"summary_large_image","schema":{"@context":"https:\/\/schema.org","@graph":[{"@type":"WebPage","@id":"https:\/\/www.france-culinaire.com\/product\/veloute_potiron_sans_sel_ajoute_4529\/","url":"https:\/\/www.france-culinaire.com\/product\/veloute_potiron_sans_sel_ajoute_4529\/","name":"Velout\u00e9 potiron sans sel ajout\u00e9 - France Culinaire D\u00e9veloppement","isPartOf":{"@id":"https:\/\/www.france-culinaire.com\/#website"},"primaryImageOfPage":{"@id":"https:\/\/www.france-culinaire.com\/product\/veloute_potiron_sans_sel_ajoute_4529\/#primaryimage"},"image":{"@id":"https:\/\/www.france-culinaire.com\/product\/veloute_potiron_sans_sel_ajoute_4529\/#primaryimage"},"thumbnailUrl":"https:\/\/www.france-culinaire.com\/app\/uploads\/2019\/10\/velout__..png","datePublished":"2019-08-19T08:46:38+00:00","dateModified":"2020-05-15T07:57:08+00:00","breadcrumb":{"@id":"https:\/\/www.france-culinaire.com\/product\/veloute_potiron_sans_sel_ajoute_4529\/#breadcrumb"},"inLanguage":"en-US","potentialAction":[{"@type":"ReadAction","target":["https:\/\/www.france-culinaire.com\/product\/veloute_potiron_sans_sel_ajoute_4529\/"]}]},{"@type":"ImageObject","inLanguage":"en-US","@id":"https:\/\/www.france-culinaire.com\/product\/veloute_potiron_sans_sel_ajoute_4529\/#primaryimage","url":"https:\/\/www.france-culinaire.com\/app\/uploads\/2019\/10\/velout__..png","contentUrl":"https:\/\/www.france-culinaire.com\/app\/uploads\/2019\/10\/velout__..png","width":348,"height":571},{"@type":"BreadcrumbList","@id":"https:\/\/www.france-culinaire.com\/product\/veloute_potiron_sans_sel_ajoute_4529\/#breadcrumb","itemListElement":[{"@type":"ListItem","position":1,"name":"Home","item":"https:\/\/www.france-culinaire.com\/en\/"},{"@type":"ListItem","position":2,"name":"Boutique","item":"https:\/\/www.france-culinaire.com\/boutique-2\/"},{"@type":"ListItem","position":3,"name":"Velout\u00e9 potiron sans sel ajout\u00e9"}]},{"@type":"WebSite","@id":"https:\/\/www.france-culinaire.com\/#website","url":"https:\/\/www.france-culinaire.com\/","name":"France Culinaire D\u00e9veloppement","description":"L\u2019aromatisation sur mesure","potentialAction":[{"@type":"SearchAction","target":{"@type":"EntryPoint","urlTemplate":"https:\/\/www.france-culinaire.com\/?s={search_term_string}"},"query-input":{"@type":"PropertyValueSpecification","valueRequired":true,"valueName":"search_term_string"}}],"inLanguage":"en-US"}]}},"_links":{"self":[{"href":"https:\/\/www.france-culinaire.com\/en\/wp-json\/wp\/v2\/product\/701","targetHints":{"allow":["GET"]}}],"collection":[{"href":"https:\/\/www.france-culinaire.com\/en\/wp-json\/wp\/v2\/product"}],"about":[{"href":"https:\/\/www.france-culinaire.com\/en\/wp-json\/wp\/v2\/types\/product"}],"wp:featuredmedia":[{"embeddable":true,"href":"https:\/\/www.france-culinaire.com\/en\/wp-json\/wp\/v2\/media\/2240"}],"wp:attachment":[{"href":"https:\/\/www.france-culinaire.com\/en\/wp-json\/wp\/v2\/media?parent=701"}],"wp:term":[{"taxonomy":"product_brand","embeddable":true,"href":"https:\/\/www.france-culinaire.com\/en\/wp-json\/wp\/v2\/product_brand?post=701"},{"taxonomy":"product_type","embeddable":true,"href":"https:\/\/www.france-culinaire.com\/en\/wp-json\/wp\/v2\/product_type?post=701"},{"taxonomy":"product_visibility","embeddable":true,"href":"https:\/\/www.france-culinaire.com\/en\/wp-json\/wp\/v2\/product_visibility?post=701"},{"taxonomy":"product_cat","embeddable":true,"href":"https:\/\/www.france-culinaire.com\/en\/wp-json\/wp\/v2\/product_cat?post=701"}],"curies":[{"name":"wp","href":"https:\/\/api.w.org\/{rel}","templated":true}]}}