{"id":5192,"date":"2021-07-28T10:16:58","date_gmt":"2021-07-28T08:16:58","guid":{"rendered":"https:\/\/www.france-culinaire.com\/product\/curry_breton_\/"},"modified":"2021-07-28T10:17:19","modified_gmt":"2021-07-28T08:17:19","slug":"curry_breton_3261","status":"publish","type":"product","link":"https:\/\/www.france-culinaire.com\/en\/product\/curry_breton_3261\/","title":{"rendered":"Curry breton"},"content":{"rendered":"<p><strong>M\u00e9lange d&#8217;\u00e9pices en poudre<\/strong><\/p>\n<p>Cette sp\u00e9cialit\u00e9 aromatique apporte une saveur \u00e9pices, algue, sauce soja de couleur beige<\/p>\n<p><strong>Pr\u00e9conisation d&#8217;utilisation : \u00e0 adapter selon usage<\/strong><\/p>\n","protected":false},"excerpt":{"rendered":"<p>Sp\u00e9cialit\u00e9 aromatique note \u00e9pices, algue, sauce soja <\/p>\n","protected":false},"featured_media":5190,"template":"","meta":[],"product_brand":[],"product_type":[2],"product_visibility":[],"product_cat":[882,817],"class_list":{"0":"post-5192","1":"product","2":"type-product","3":"status-publish","4":"has-post-thumbnail","6":"product_cat-produits-produitsspcialits-aromatiquesmlanges-dpices","7":"product_cat-produitsspecialites-aromatiques","8":"product_tag-curry","10":"first","11":"instock","12":"shipping-taxable","13":"product-type-simple"},"acf":{"fiche_technique":null,"fiche_methode":null},"yoast_head":"<!-- This site is optimized with the Yoast SEO plugin v27.1.1 - https:\/\/yoast.com\/product\/yoast-seo-wordpress\/ -->\n<title>Curry breton - France Culinaire D\u00e9veloppement<\/title>\n<meta name=\"robots\" content=\"index, follow, max-snippet:-1, max-image-preview:large, max-video-preview:-1\" \/>\n<link rel=\"canonical\" href=\"https:\/\/www.france-culinaire.com\/product\/curry_breton_3261\/\" \/>\n<meta property=\"og:locale\" content=\"en_US\" \/>\n<meta property=\"og:type\" content=\"article\" \/>\n<meta property=\"og:title\" content=\"Curry breton - France Culinaire D\u00e9veloppement\" \/>\n<meta property=\"og:description\" content=\"Sp\u00e9cialit\u00e9 aromatique note \u00e9pices, algue, sauce soja\" \/>\n<meta property=\"og:url\" content=\"https:\/\/www.france-culinaire.com\/product\/curry_breton_3261\/\" \/>\n<meta property=\"og:site_name\" content=\"France Culinaire D\u00e9veloppement\" \/>\n<meta property=\"article:modified_time\" content=\"2021-07-28T08:17:19+00:00\" \/>\n<meta property=\"og:image\" content=\"https:\/\/www.france-culinaire.com\/app\/uploads\/2021\/07\/Curry_Breton_mercury_..jpg\" \/>\n\t<meta property=\"og:image:width\" content=\"1512\" \/>\n\t<meta property=\"og:image:height\" content=\"2016\" \/>\n\t<meta property=\"og:image:type\" content=\"image\/jpeg\" \/>\n<meta name=\"twitter:card\" content=\"summary_large_image\" \/>\n<script type=\"application\/ld+json\" class=\"yoast-schema-graph\">{\"@context\":\"https:\/\/schema.org\",\"@graph\":[{\"@type\":\"WebPage\",\"@id\":\"https:\/\/www.france-culinaire.com\/product\/curry_breton_3261\/\",\"url\":\"https:\/\/www.france-culinaire.com\/product\/curry_breton_3261\/\",\"name\":\"Curry breton - France Culinaire D\u00e9veloppement\",\"isPartOf\":{\"@id\":\"https:\/\/www.france-culinaire.com\/#website\"},\"primaryImageOfPage\":{\"@id\":\"https:\/\/www.france-culinaire.com\/product\/curry_breton_3261\/#primaryimage\"},\"image\":{\"@id\":\"https:\/\/www.france-culinaire.com\/product\/curry_breton_3261\/#primaryimage\"},\"thumbnailUrl\":\"https:\/\/www.france-culinaire.com\/app\/uploads\/2021\/07\/Curry_Breton_mercury_..jpg\",\"datePublished\":\"2021-07-28T08:16:58+00:00\",\"dateModified\":\"2021-07-28T08:17:19+00:00\",\"breadcrumb\":{\"@id\":\"https:\/\/www.france-culinaire.com\/product\/curry_breton_3261\/#breadcrumb\"},\"inLanguage\":\"en-US\",\"potentialAction\":[{\"@type\":\"ReadAction\",\"target\":[\"https:\/\/www.france-culinaire.com\/product\/curry_breton_3261\/\"]}]},{\"@type\":\"ImageObject\",\"inLanguage\":\"en-US\",\"@id\":\"https:\/\/www.france-culinaire.com\/product\/curry_breton_3261\/#primaryimage\",\"url\":\"https:\/\/www.france-culinaire.com\/app\/uploads\/2021\/07\/Curry_Breton_mercury_..jpg\",\"contentUrl\":\"https:\/\/www.france-culinaire.com\/app\/uploads\/2021\/07\/Curry_Breton_mercury_..jpg\",\"width\":1512,\"height\":2016},{\"@type\":\"BreadcrumbList\",\"@id\":\"https:\/\/www.france-culinaire.com\/product\/curry_breton_3261\/#breadcrumb\",\"itemListElement\":[{\"@type\":\"ListItem\",\"position\":1,\"name\":\"Home\",\"item\":\"https:\/\/www.france-culinaire.com\/en\/\"},{\"@type\":\"ListItem\",\"position\":2,\"name\":\"Boutique\",\"item\":\"https:\/\/www.france-culinaire.com\/boutique-2\/\"},{\"@type\":\"ListItem\",\"position\":3,\"name\":\"Curry breton\"}]},{\"@type\":\"WebSite\",\"@id\":\"https:\/\/www.france-culinaire.com\/#website\",\"url\":\"https:\/\/www.france-culinaire.com\/\",\"name\":\"France Culinaire D\u00e9veloppement\",\"description\":\"L\u2019aromatisation sur mesure\",\"potentialAction\":[{\"@type\":\"SearchAction\",\"target\":{\"@type\":\"EntryPoint\",\"urlTemplate\":\"https:\/\/www.france-culinaire.com\/?s={search_term_string}\"},\"query-input\":{\"@type\":\"PropertyValueSpecification\",\"valueRequired\":true,\"valueName\":\"search_term_string\"}}],\"inLanguage\":\"en-US\"}]}<\/script>\n<!-- \/ Yoast SEO plugin. -->","yoast_head_json":{"title":"Curry breton - France Culinaire D\u00e9veloppement","robots":{"index":"index","follow":"follow","max-snippet":"max-snippet:-1","max-image-preview":"max-image-preview:large","max-video-preview":"max-video-preview:-1"},"canonical":"https:\/\/www.france-culinaire.com\/product\/curry_breton_3261\/","og_locale":"en_US","og_type":"article","og_title":"Curry breton - France Culinaire D\u00e9veloppement","og_description":"Sp\u00e9cialit\u00e9 aromatique note \u00e9pices, algue, sauce soja","og_url":"https:\/\/www.france-culinaire.com\/product\/curry_breton_3261\/","og_site_name":"France Culinaire D\u00e9veloppement","article_modified_time":"2021-07-28T08:17:19+00:00","og_image":[{"width":1512,"height":2016,"url":"https:\/\/www.france-culinaire.com\/app\/uploads\/2021\/07\/Curry_Breton_mercury_..jpg","type":"image\/jpeg"}],"twitter_card":"summary_large_image","schema":{"@context":"https:\/\/schema.org","@graph":[{"@type":"WebPage","@id":"https:\/\/www.france-culinaire.com\/product\/curry_breton_3261\/","url":"https:\/\/www.france-culinaire.com\/product\/curry_breton_3261\/","name":"Curry breton - France Culinaire D\u00e9veloppement","isPartOf":{"@id":"https:\/\/www.france-culinaire.com\/#website"},"primaryImageOfPage":{"@id":"https:\/\/www.france-culinaire.com\/product\/curry_breton_3261\/#primaryimage"},"image":{"@id":"https:\/\/www.france-culinaire.com\/product\/curry_breton_3261\/#primaryimage"},"thumbnailUrl":"https:\/\/www.france-culinaire.com\/app\/uploads\/2021\/07\/Curry_Breton_mercury_..jpg","datePublished":"2021-07-28T08:16:58+00:00","dateModified":"2021-07-28T08:17:19+00:00","breadcrumb":{"@id":"https:\/\/www.france-culinaire.com\/product\/curry_breton_3261\/#breadcrumb"},"inLanguage":"en-US","potentialAction":[{"@type":"ReadAction","target":["https:\/\/www.france-culinaire.com\/product\/curry_breton_3261\/"]}]},{"@type":"ImageObject","inLanguage":"en-US","@id":"https:\/\/www.france-culinaire.com\/product\/curry_breton_3261\/#primaryimage","url":"https:\/\/www.france-culinaire.com\/app\/uploads\/2021\/07\/Curry_Breton_mercury_..jpg","contentUrl":"https:\/\/www.france-culinaire.com\/app\/uploads\/2021\/07\/Curry_Breton_mercury_..jpg","width":1512,"height":2016},{"@type":"BreadcrumbList","@id":"https:\/\/www.france-culinaire.com\/product\/curry_breton_3261\/#breadcrumb","itemListElement":[{"@type":"ListItem","position":1,"name":"Home","item":"https:\/\/www.france-culinaire.com\/en\/"},{"@type":"ListItem","position":2,"name":"Boutique","item":"https:\/\/www.france-culinaire.com\/boutique-2\/"},{"@type":"ListItem","position":3,"name":"Curry breton"}]},{"@type":"WebSite","@id":"https:\/\/www.france-culinaire.com\/#website","url":"https:\/\/www.france-culinaire.com\/","name":"France Culinaire D\u00e9veloppement","description":"L\u2019aromatisation sur mesure","potentialAction":[{"@type":"SearchAction","target":{"@type":"EntryPoint","urlTemplate":"https:\/\/www.france-culinaire.com\/?s={search_term_string}"},"query-input":{"@type":"PropertyValueSpecification","valueRequired":true,"valueName":"search_term_string"}}],"inLanguage":"en-US"}]}},"_links":{"self":[{"href":"https:\/\/www.france-culinaire.com\/en\/wp-json\/wp\/v2\/product\/5192","targetHints":{"allow":["GET"]}}],"collection":[{"href":"https:\/\/www.france-culinaire.com\/en\/wp-json\/wp\/v2\/product"}],"about":[{"href":"https:\/\/www.france-culinaire.com\/en\/wp-json\/wp\/v2\/types\/product"}],"wp:featuredmedia":[{"embeddable":true,"href":"https:\/\/www.france-culinaire.com\/en\/wp-json\/wp\/v2\/media\/5190"}],"wp:attachment":[{"href":"https:\/\/www.france-culinaire.com\/en\/wp-json\/wp\/v2\/media?parent=5192"}],"wp:term":[{"taxonomy":"product_brand","embeddable":true,"href":"https:\/\/www.france-culinaire.com\/en\/wp-json\/wp\/v2\/product_brand?post=5192"},{"taxonomy":"product_type","embeddable":true,"href":"https:\/\/www.france-culinaire.com\/en\/wp-json\/wp\/v2\/product_type?post=5192"},{"taxonomy":"product_visibility","embeddable":true,"href":"https:\/\/www.france-culinaire.com\/en\/wp-json\/wp\/v2\/product_visibility?post=5192"},{"taxonomy":"product_cat","embeddable":true,"href":"https:\/\/www.france-culinaire.com\/en\/wp-json\/wp\/v2\/product_cat?post=5192"}],"curies":[{"name":"wp","href":"https:\/\/api.w.org\/{rel}","templated":true}]}}