{"id":508,"date":"2019-08-19T10:43:29","date_gmt":"2019-08-19T08:43:29","guid":{"rendered":"https:\/\/www.france-culinaire.com\/product\/assaisonnement-ail-et-fines-herbes\/"},"modified":"2019-12-05T09:52:47","modified_gmt":"2019-12-05T07:52:47","slug":"assaisonnement-ail-et-fines-herbes","status":"publish","type":"product","link":"https:\/\/www.france-culinaire.com\/en\/product\/assaisonnement-ail-et-fines-herbes\/","title":{"rendered":"Assaison. ail et fines herbes"},"content":{"rendered":"\n<p><strong>Sp\u00e9cialit\u00e9 aromatique en poudre.<\/strong><\/p>\n<p>L&#8217;assaisonnement ail et fines herbes apporte une flaveur \u00e9pic\u00e9e, alliac\u00e9e, de type aromatique, elle est de couleur verte. Cette sp\u00e9cialit\u00e9 aromatique est fabriqu\u00e9e en France et s&#8217;utilise en saupoudrage sur viandes, poissons, l\u00e9gumes et crustac\u00e9s.<\/p>\n<p><strong>Dose d&#8217;utilisation : 3 \u00e0 5% en saupoudrage sur le produit ou selon r\u00e9glementation en vigueur. <\/strong><\/p>\n","protected":false},"excerpt":{"rendered":"<p>Assaisonnement note \u00e9pic\u00e9e et alliac\u00e9e.<\/p>\n","protected":false},"featured_media":2328,"template":"","meta":[],"product_brand":[],"product_type":[2],"product_visibility":[],"product_cat":[870],"class_list":{"0":"post-508","1":"product","2":"type-product","3":"status-publish","4":"has-post-thumbnail","6":"product_cat-spcialits-aromatiquesassaisonnements","7":"product_tag-ail","8":"product_tag-alliacee","9":"product_tag-assaisonnement","10":"product_tag-epice","11":"product_tag-fines-herbes","12":"product_tag-poudre","14":"first","15":"instock","16":"shipping-taxable","17":"product-type-simple"},"acf":{"fiche_technique":"","fiche_methode":""},"yoast_head":"<!-- This site is optimized with the Yoast SEO plugin v27.1.1 - https:\/\/yoast.com\/product\/yoast-seo-wordpress\/ -->\n<title>Assaison. ail et fines herbes - France Culinaire D\u00e9veloppement<\/title>\n<meta name=\"robots\" content=\"index, follow, max-snippet:-1, max-image-preview:large, max-video-preview:-1\" \/>\n<link rel=\"canonical\" href=\"https:\/\/www.france-culinaire.com\/product\/assaisonnement-ail-et-fines-herbes\/\" \/>\n<meta property=\"og:locale\" content=\"en_US\" \/>\n<meta property=\"og:type\" content=\"article\" \/>\n<meta property=\"og:title\" content=\"Assaison. ail et fines herbes - France Culinaire D\u00e9veloppement\" \/>\n<meta property=\"og:description\" content=\"Assaisonnement note \u00e9pic\u00e9e et alliac\u00e9e.\" \/>\n<meta property=\"og:url\" content=\"https:\/\/www.france-culinaire.com\/product\/assaisonnement-ail-et-fines-herbes\/\" \/>\n<meta property=\"og:site_name\" content=\"France Culinaire D\u00e9veloppement\" \/>\n<meta property=\"article:modified_time\" content=\"2019-12-05T07:52:47+00:00\" \/>\n<meta property=\"og:image\" content=\"https:\/\/www.france-culinaire.com\/app\/uploads\/2019\/11\/aill_et_fines_herbes..png\" \/>\n\t<meta property=\"og:image:width\" content=\"364\" \/>\n\t<meta property=\"og:image:height\" content=\"570\" \/>\n\t<meta property=\"og:image:type\" content=\"image\/png\" \/>\n<meta name=\"twitter:card\" content=\"summary_large_image\" \/>\n<script type=\"application\/ld+json\" class=\"yoast-schema-graph\">{\"@context\":\"https:\/\/schema.org\",\"@graph\":[{\"@type\":\"WebPage\",\"@id\":\"https:\/\/www.france-culinaire.com\/product\/assaisonnement-ail-et-fines-herbes\/\",\"url\":\"https:\/\/www.france-culinaire.com\/product\/assaisonnement-ail-et-fines-herbes\/\",\"name\":\"Assaison. ail et fines herbes - France Culinaire D\u00e9veloppement\",\"isPartOf\":{\"@id\":\"https:\/\/www.france-culinaire.com\/#website\"},\"primaryImageOfPage\":{\"@id\":\"https:\/\/www.france-culinaire.com\/product\/assaisonnement-ail-et-fines-herbes\/#primaryimage\"},\"image\":{\"@id\":\"https:\/\/www.france-culinaire.com\/product\/assaisonnement-ail-et-fines-herbes\/#primaryimage\"},\"thumbnailUrl\":\"https:\/\/www.france-culinaire.com\/app\/uploads\/2019\/11\/aill_et_fines_herbes..png\",\"datePublished\":\"2019-08-19T08:43:29+00:00\",\"dateModified\":\"2019-12-05T07:52:47+00:00\",\"breadcrumb\":{\"@id\":\"https:\/\/www.france-culinaire.com\/product\/assaisonnement-ail-et-fines-herbes\/#breadcrumb\"},\"inLanguage\":\"en-US\",\"potentialAction\":[{\"@type\":\"ReadAction\",\"target\":[\"https:\/\/www.france-culinaire.com\/product\/assaisonnement-ail-et-fines-herbes\/\"]}]},{\"@type\":\"ImageObject\",\"inLanguage\":\"en-US\",\"@id\":\"https:\/\/www.france-culinaire.com\/product\/assaisonnement-ail-et-fines-herbes\/#primaryimage\",\"url\":\"https:\/\/www.france-culinaire.com\/app\/uploads\/2019\/11\/aill_et_fines_herbes..png\",\"contentUrl\":\"https:\/\/www.france-culinaire.com\/app\/uploads\/2019\/11\/aill_et_fines_herbes..png\",\"width\":364,\"height\":570},{\"@type\":\"BreadcrumbList\",\"@id\":\"https:\/\/www.france-culinaire.com\/product\/assaisonnement-ail-et-fines-herbes\/#breadcrumb\",\"itemListElement\":[{\"@type\":\"ListItem\",\"position\":1,\"name\":\"Home\",\"item\":\"https:\/\/www.france-culinaire.com\/en\/\"},{\"@type\":\"ListItem\",\"position\":2,\"name\":\"Boutique\",\"item\":\"https:\/\/www.france-culinaire.com\/boutique-2\/\"},{\"@type\":\"ListItem\",\"position\":3,\"name\":\"Assaison. ail et fines herbes\"}]},{\"@type\":\"WebSite\",\"@id\":\"https:\/\/www.france-culinaire.com\/#website\",\"url\":\"https:\/\/www.france-culinaire.com\/\",\"name\":\"France Culinaire D\u00e9veloppement\",\"description\":\"L\u2019aromatisation sur mesure\",\"potentialAction\":[{\"@type\":\"SearchAction\",\"target\":{\"@type\":\"EntryPoint\",\"urlTemplate\":\"https:\/\/www.france-culinaire.com\/?s={search_term_string}\"},\"query-input\":{\"@type\":\"PropertyValueSpecification\",\"valueRequired\":true,\"valueName\":\"search_term_string\"}}],\"inLanguage\":\"en-US\"}]}<\/script>\n<!-- \/ Yoast SEO plugin. -->","yoast_head_json":{"title":"Assaison. ail et fines herbes - France Culinaire D\u00e9veloppement","robots":{"index":"index","follow":"follow","max-snippet":"max-snippet:-1","max-image-preview":"max-image-preview:large","max-video-preview":"max-video-preview:-1"},"canonical":"https:\/\/www.france-culinaire.com\/product\/assaisonnement-ail-et-fines-herbes\/","og_locale":"en_US","og_type":"article","og_title":"Assaison. ail et fines herbes - France Culinaire D\u00e9veloppement","og_description":"Assaisonnement note \u00e9pic\u00e9e et alliac\u00e9e.","og_url":"https:\/\/www.france-culinaire.com\/product\/assaisonnement-ail-et-fines-herbes\/","og_site_name":"France Culinaire D\u00e9veloppement","article_modified_time":"2019-12-05T07:52:47+00:00","og_image":[{"width":364,"height":570,"url":"https:\/\/www.france-culinaire.com\/app\/uploads\/2019\/11\/aill_et_fines_herbes..png","type":"image\/png"}],"twitter_card":"summary_large_image","schema":{"@context":"https:\/\/schema.org","@graph":[{"@type":"WebPage","@id":"https:\/\/www.france-culinaire.com\/product\/assaisonnement-ail-et-fines-herbes\/","url":"https:\/\/www.france-culinaire.com\/product\/assaisonnement-ail-et-fines-herbes\/","name":"Assaison. ail et fines herbes - France Culinaire D\u00e9veloppement","isPartOf":{"@id":"https:\/\/www.france-culinaire.com\/#website"},"primaryImageOfPage":{"@id":"https:\/\/www.france-culinaire.com\/product\/assaisonnement-ail-et-fines-herbes\/#primaryimage"},"image":{"@id":"https:\/\/www.france-culinaire.com\/product\/assaisonnement-ail-et-fines-herbes\/#primaryimage"},"thumbnailUrl":"https:\/\/www.france-culinaire.com\/app\/uploads\/2019\/11\/aill_et_fines_herbes..png","datePublished":"2019-08-19T08:43:29+00:00","dateModified":"2019-12-05T07:52:47+00:00","breadcrumb":{"@id":"https:\/\/www.france-culinaire.com\/product\/assaisonnement-ail-et-fines-herbes\/#breadcrumb"},"inLanguage":"en-US","potentialAction":[{"@type":"ReadAction","target":["https:\/\/www.france-culinaire.com\/product\/assaisonnement-ail-et-fines-herbes\/"]}]},{"@type":"ImageObject","inLanguage":"en-US","@id":"https:\/\/www.france-culinaire.com\/product\/assaisonnement-ail-et-fines-herbes\/#primaryimage","url":"https:\/\/www.france-culinaire.com\/app\/uploads\/2019\/11\/aill_et_fines_herbes..png","contentUrl":"https:\/\/www.france-culinaire.com\/app\/uploads\/2019\/11\/aill_et_fines_herbes..png","width":364,"height":570},{"@type":"BreadcrumbList","@id":"https:\/\/www.france-culinaire.com\/product\/assaisonnement-ail-et-fines-herbes\/#breadcrumb","itemListElement":[{"@type":"ListItem","position":1,"name":"Home","item":"https:\/\/www.france-culinaire.com\/en\/"},{"@type":"ListItem","position":2,"name":"Boutique","item":"https:\/\/www.france-culinaire.com\/boutique-2\/"},{"@type":"ListItem","position":3,"name":"Assaison. ail et fines herbes"}]},{"@type":"WebSite","@id":"https:\/\/www.france-culinaire.com\/#website","url":"https:\/\/www.france-culinaire.com\/","name":"France Culinaire D\u00e9veloppement","description":"L\u2019aromatisation sur mesure","potentialAction":[{"@type":"SearchAction","target":{"@type":"EntryPoint","urlTemplate":"https:\/\/www.france-culinaire.com\/?s={search_term_string}"},"query-input":{"@type":"PropertyValueSpecification","valueRequired":true,"valueName":"search_term_string"}}],"inLanguage":"en-US"}]}},"_links":{"self":[{"href":"https:\/\/www.france-culinaire.com\/en\/wp-json\/wp\/v2\/product\/508","targetHints":{"allow":["GET"]}}],"collection":[{"href":"https:\/\/www.france-culinaire.com\/en\/wp-json\/wp\/v2\/product"}],"about":[{"href":"https:\/\/www.france-culinaire.com\/en\/wp-json\/wp\/v2\/types\/product"}],"wp:featuredmedia":[{"embeddable":true,"href":"https:\/\/www.france-culinaire.com\/en\/wp-json\/wp\/v2\/media\/2328"}],"wp:attachment":[{"href":"https:\/\/www.france-culinaire.com\/en\/wp-json\/wp\/v2\/media?parent=508"}],"wp:term":[{"taxonomy":"product_brand","embeddable":true,"href":"https:\/\/www.france-culinaire.com\/en\/wp-json\/wp\/v2\/product_brand?post=508"},{"taxonomy":"product_type","embeddable":true,"href":"https:\/\/www.france-culinaire.com\/en\/wp-json\/wp\/v2\/product_type?post=508"},{"taxonomy":"product_visibility","embeddable":true,"href":"https:\/\/www.france-culinaire.com\/en\/wp-json\/wp\/v2\/product_visibility?post=508"},{"taxonomy":"product_cat","embeddable":true,"href":"https:\/\/www.france-culinaire.com\/en\/wp-json\/wp\/v2\/product_cat?post=508"}],"curies":[{"name":"wp","href":"https:\/\/api.w.org\/{rel}","templated":true}]}}