{"id":4960,"date":"2021-07-01T16:26:10","date_gmt":"2021-07-01T14:26:10","guid":{"rendered":"https:\/\/www.france-culinaire.com\/?post_type=product&#038;p=4960"},"modified":"2026-04-14T10:12:04","modified_gmt":"2026-04-14T08:12:04","slug":"marinade_barbecue_5360","status":"publish","type":"product","link":"https:\/\/www.france-culinaire.com\/en\/product\/marinade_barbecue_5360\/","title":{"rendered":"MARINADE BARBECUE"},"content":{"rendered":"<p><strong>Marinade liquide<\/strong><\/p>\n<p>La marinade Barbecue est une sp\u00e9cialit\u00e9 aromatique pr\u00eate \u00e0 l\u2019emploi. Elle s\u2019utilise en barattage et en enrobage.<br \/>\nCette sp\u00e9cialit\u00e9 aromatique apporte une flaveur m\u00e9diterran\u00e9enne de couleur brun rouge.<\/p>\n<p><strong>Dose d\u2019utilisation : 5 \u00e0 10% de la viande<\/strong><\/p>\n<p class=\"y-product y-product__product-subtitle\">Avantage :<\/p>\n<p>Marinade pr\u00eate \u00e0 l&#8217;emploi, rapide et original.<\/p>\n","protected":false},"excerpt":{"rendered":"<p>Sp\u00e9cialit\u00e9 aromatique note fum\u00e9e, \u00e9pic\u00e9e<\/p>\n","protected":false},"featured_media":6683,"template":"","meta":[],"product_brand":[],"product_type":[2],"product_visibility":[],"product_cat":[871,817],"class_list":{"0":"post-4960","1":"product","2":"type-product","3":"status-publish","4":"has-post-thumbnail","6":"product_cat-produits-produitssaveurs-culinairesmarinades","7":"product_cat-produitsspecialites-aromatiques","8":"product_tag-barbecue","9":"product_tag-fumee","10":"product_tag-liquide","11":"product_tag-marinade","13":"first","14":"instock","15":"shipping-taxable","16":"product-type-simple"},"acf":{"fiche_methode":"","fiche_technique":""},"yoast_head":"<!-- This site is optimized with the Yoast SEO plugin v27.1.1 - https:\/\/yoast.com\/product\/yoast-seo-wordpress\/ -->\n<title>MARINADE BARBECUE - France Culinaire D\u00e9veloppement<\/title>\n<meta name=\"robots\" content=\"index, follow, max-snippet:-1, max-image-preview:large, max-video-preview:-1\" \/>\n<link rel=\"canonical\" href=\"https:\/\/www.france-culinaire.com\/product\/marinade_barbecue_5360\/\" \/>\n<meta property=\"og:locale\" content=\"en_US\" \/>\n<meta property=\"og:type\" content=\"article\" \/>\n<meta property=\"og:title\" content=\"MARINADE BARBECUE - France Culinaire D\u00e9veloppement\" \/>\n<meta property=\"og:description\" content=\"Sp\u00e9cialit\u00e9 aromatique note fum\u00e9e, \u00e9pic\u00e9e\" \/>\n<meta property=\"og:url\" content=\"https:\/\/www.france-culinaire.com\/product\/marinade_barbecue_5360\/\" \/>\n<meta property=\"og:site_name\" content=\"France Culinaire D\u00e9veloppement\" \/>\n<meta property=\"article:modified_time\" content=\"2026-04-14T08:12:04+00:00\" \/>\n<meta property=\"og:image\" content=\"https:\/\/www.france-culinaire.com\/app\/uploads\/2023\/06\/barbecue-1.png\" \/>\n\t<meta property=\"og:image:width\" content=\"950\" \/>\n\t<meta property=\"og:image:height\" content=\"1086\" \/>\n\t<meta property=\"og:image:type\" content=\"image\/png\" \/>\n<meta name=\"twitter:card\" content=\"summary_large_image\" \/>\n<script type=\"application\/ld+json\" class=\"yoast-schema-graph\">{\"@context\":\"https:\/\/schema.org\",\"@graph\":[{\"@type\":\"WebPage\",\"@id\":\"https:\/\/www.france-culinaire.com\/product\/marinade_barbecue_5360\/\",\"url\":\"https:\/\/www.france-culinaire.com\/product\/marinade_barbecue_5360\/\",\"name\":\"MARINADE BARBECUE - France Culinaire D\u00e9veloppement\",\"isPartOf\":{\"@id\":\"https:\/\/www.france-culinaire.com\/#website\"},\"primaryImageOfPage\":{\"@id\":\"https:\/\/www.france-culinaire.com\/product\/marinade_barbecue_5360\/#primaryimage\"},\"image\":{\"@id\":\"https:\/\/www.france-culinaire.com\/product\/marinade_barbecue_5360\/#primaryimage\"},\"thumbnailUrl\":\"https:\/\/www.france-culinaire.com\/app\/uploads\/2023\/06\/barbecue-1.png\",\"datePublished\":\"2021-07-01T14:26:10+00:00\",\"dateModified\":\"2026-04-14T08:12:04+00:00\",\"breadcrumb\":{\"@id\":\"https:\/\/www.france-culinaire.com\/product\/marinade_barbecue_5360\/#breadcrumb\"},\"inLanguage\":\"en-US\",\"potentialAction\":[{\"@type\":\"ReadAction\",\"target\":[\"https:\/\/www.france-culinaire.com\/product\/marinade_barbecue_5360\/\"]}]},{\"@type\":\"ImageObject\",\"inLanguage\":\"en-US\",\"@id\":\"https:\/\/www.france-culinaire.com\/product\/marinade_barbecue_5360\/#primaryimage\",\"url\":\"https:\/\/www.france-culinaire.com\/app\/uploads\/2023\/06\/barbecue-1.png\",\"contentUrl\":\"https:\/\/www.france-culinaire.com\/app\/uploads\/2023\/06\/barbecue-1.png\",\"width\":950,\"height\":1086},{\"@type\":\"BreadcrumbList\",\"@id\":\"https:\/\/www.france-culinaire.com\/product\/marinade_barbecue_5360\/#breadcrumb\",\"itemListElement\":[{\"@type\":\"ListItem\",\"position\":1,\"name\":\"Home\",\"item\":\"https:\/\/www.france-culinaire.com\/en\/\"},{\"@type\":\"ListItem\",\"position\":2,\"name\":\"Boutique\",\"item\":\"https:\/\/www.france-culinaire.com\/boutique-2\/\"},{\"@type\":\"ListItem\",\"position\":3,\"name\":\"MARINADE BARBECUE\"}]},{\"@type\":\"WebSite\",\"@id\":\"https:\/\/www.france-culinaire.com\/#website\",\"url\":\"https:\/\/www.france-culinaire.com\/\",\"name\":\"France Culinaire D\u00e9veloppement\",\"description\":\"L\u2019aromatisation sur mesure\",\"potentialAction\":[{\"@type\":\"SearchAction\",\"target\":{\"@type\":\"EntryPoint\",\"urlTemplate\":\"https:\/\/www.france-culinaire.com\/?s={search_term_string}\"},\"query-input\":{\"@type\":\"PropertyValueSpecification\",\"valueRequired\":true,\"valueName\":\"search_term_string\"}}],\"inLanguage\":\"en-US\"}]}<\/script>\n<!-- \/ Yoast SEO plugin. -->","yoast_head_json":{"title":"MARINADE BARBECUE - France Culinaire D\u00e9veloppement","robots":{"index":"index","follow":"follow","max-snippet":"max-snippet:-1","max-image-preview":"max-image-preview:large","max-video-preview":"max-video-preview:-1"},"canonical":"https:\/\/www.france-culinaire.com\/product\/marinade_barbecue_5360\/","og_locale":"en_US","og_type":"article","og_title":"MARINADE BARBECUE - France Culinaire D\u00e9veloppement","og_description":"Sp\u00e9cialit\u00e9 aromatique note fum\u00e9e, \u00e9pic\u00e9e","og_url":"https:\/\/www.france-culinaire.com\/product\/marinade_barbecue_5360\/","og_site_name":"France Culinaire D\u00e9veloppement","article_modified_time":"2026-04-14T08:12:04+00:00","og_image":[{"width":950,"height":1086,"url":"https:\/\/www.france-culinaire.com\/app\/uploads\/2023\/06\/barbecue-1.png","type":"image\/png"}],"twitter_card":"summary_large_image","schema":{"@context":"https:\/\/schema.org","@graph":[{"@type":"WebPage","@id":"https:\/\/www.france-culinaire.com\/product\/marinade_barbecue_5360\/","url":"https:\/\/www.france-culinaire.com\/product\/marinade_barbecue_5360\/","name":"MARINADE BARBECUE - France Culinaire D\u00e9veloppement","isPartOf":{"@id":"https:\/\/www.france-culinaire.com\/#website"},"primaryImageOfPage":{"@id":"https:\/\/www.france-culinaire.com\/product\/marinade_barbecue_5360\/#primaryimage"},"image":{"@id":"https:\/\/www.france-culinaire.com\/product\/marinade_barbecue_5360\/#primaryimage"},"thumbnailUrl":"https:\/\/www.france-culinaire.com\/app\/uploads\/2023\/06\/barbecue-1.png","datePublished":"2021-07-01T14:26:10+00:00","dateModified":"2026-04-14T08:12:04+00:00","breadcrumb":{"@id":"https:\/\/www.france-culinaire.com\/product\/marinade_barbecue_5360\/#breadcrumb"},"inLanguage":"en-US","potentialAction":[{"@type":"ReadAction","target":["https:\/\/www.france-culinaire.com\/product\/marinade_barbecue_5360\/"]}]},{"@type":"ImageObject","inLanguage":"en-US","@id":"https:\/\/www.france-culinaire.com\/product\/marinade_barbecue_5360\/#primaryimage","url":"https:\/\/www.france-culinaire.com\/app\/uploads\/2023\/06\/barbecue-1.png","contentUrl":"https:\/\/www.france-culinaire.com\/app\/uploads\/2023\/06\/barbecue-1.png","width":950,"height":1086},{"@type":"BreadcrumbList","@id":"https:\/\/www.france-culinaire.com\/product\/marinade_barbecue_5360\/#breadcrumb","itemListElement":[{"@type":"ListItem","position":1,"name":"Home","item":"https:\/\/www.france-culinaire.com\/en\/"},{"@type":"ListItem","position":2,"name":"Boutique","item":"https:\/\/www.france-culinaire.com\/boutique-2\/"},{"@type":"ListItem","position":3,"name":"MARINADE BARBECUE"}]},{"@type":"WebSite","@id":"https:\/\/www.france-culinaire.com\/#website","url":"https:\/\/www.france-culinaire.com\/","name":"France Culinaire D\u00e9veloppement","description":"L\u2019aromatisation sur mesure","potentialAction":[{"@type":"SearchAction","target":{"@type":"EntryPoint","urlTemplate":"https:\/\/www.france-culinaire.com\/?s={search_term_string}"},"query-input":{"@type":"PropertyValueSpecification","valueRequired":true,"valueName":"search_term_string"}}],"inLanguage":"en-US"}]}},"_links":{"self":[{"href":"https:\/\/www.france-culinaire.com\/en\/wp-json\/wp\/v2\/product\/4960","targetHints":{"allow":["GET"]}}],"collection":[{"href":"https:\/\/www.france-culinaire.com\/en\/wp-json\/wp\/v2\/product"}],"about":[{"href":"https:\/\/www.france-culinaire.com\/en\/wp-json\/wp\/v2\/types\/product"}],"wp:featuredmedia":[{"embeddable":true,"href":"https:\/\/www.france-culinaire.com\/en\/wp-json\/wp\/v2\/media\/6683"}],"wp:attachment":[{"href":"https:\/\/www.france-culinaire.com\/en\/wp-json\/wp\/v2\/media?parent=4960"}],"wp:term":[{"taxonomy":"product_brand","embeddable":true,"href":"https:\/\/www.france-culinaire.com\/en\/wp-json\/wp\/v2\/product_brand?post=4960"},{"taxonomy":"product_type","embeddable":true,"href":"https:\/\/www.france-culinaire.com\/en\/wp-json\/wp\/v2\/product_type?post=4960"},{"taxonomy":"product_visibility","embeddable":true,"href":"https:\/\/www.france-culinaire.com\/en\/wp-json\/wp\/v2\/product_visibility?post=4960"},{"taxonomy":"product_cat","embeddable":true,"href":"https:\/\/www.france-culinaire.com\/en\/wp-json\/wp\/v2\/product_cat?post=4960"}],"curies":[{"name":"wp","href":"https:\/\/api.w.org\/{rel}","templated":true}]}}