{"id":4695,"date":"2021-01-13T15:39:36","date_gmt":"2021-01-13T13:39:36","guid":{"rendered":"https:\/\/www.france-culinaire.com\/?post_type=product&#038;p=4695"},"modified":"2021-07-28T08:42:23","modified_gmt":"2021-07-28T06:42:23","slug":"marinade_forestiere_5375","status":"publish","type":"product","link":"https:\/\/www.france-culinaire.com\/en\/product\/marinade_forestiere_5375\/","title":{"rendered":"Marinade foresti\u00e8re"},"content":{"rendered":"<p><strong>Marinade note de champignon.<\/strong><\/p>\n<p>La marinade foresti\u00e8re est une sp\u00e9cialit\u00e9 aromatique pr\u00eate \u00e0 l&#8217;emploi. \u00a0Elle s&#8217;utilise en barattage et en enrobage. Cette sp\u00e9cialit\u00e9 aromatique de couleur brune apporte une saveur de champignon \u00e0 votre viande.<\/p>\n<p><strong>Dose d&#8217;utilisation : 5 \u00e0 10 % de la viande. S\u2019utilise en barattage, en enrobage.<\/strong><\/p>\n","protected":false},"excerpt":{"rendered":"<p>Marinade liquide p\u00e2teuse.<\/p>\n","protected":false},"featured_media":0,"template":"","meta":[],"product_brand":[],"product_type":[2],"product_visibility":[],"product_cat":[871],"class_list":{"0":"post-4695","1":"product","2":"type-product","3":"status-publish","5":"product_cat-produits-produitssaveurs-culinairesmarinades","6":"product_tag-champignon","7":"product_tag-forestiere","8":"product_tag-liquide","9":"product_tag-marinade","11":"first","12":"instock","13":"shipping-taxable","14":"product-type-simple"},"acf":{"fiche_technique":null,"fiche_methode":null},"yoast_head":"<!-- This site is optimized with the Yoast SEO plugin v27.1.1 - https:\/\/yoast.com\/product\/yoast-seo-wordpress\/ -->\n<title>Marinade foresti\u00e8re - France Culinaire D\u00e9veloppement<\/title>\n<meta name=\"robots\" content=\"index, follow, max-snippet:-1, max-image-preview:large, max-video-preview:-1\" \/>\n<link rel=\"canonical\" href=\"https:\/\/www.france-culinaire.com\/product\/marinade_forestiere_5375\/\" \/>\n<meta property=\"og:locale\" content=\"en_US\" \/>\n<meta property=\"og:type\" content=\"article\" \/>\n<meta property=\"og:title\" content=\"Marinade foresti\u00e8re - France Culinaire D\u00e9veloppement\" \/>\n<meta property=\"og:description\" content=\"Marinade liquide p\u00e2teuse.\" \/>\n<meta property=\"og:url\" content=\"https:\/\/www.france-culinaire.com\/product\/marinade_forestiere_5375\/\" \/>\n<meta property=\"og:site_name\" content=\"France Culinaire D\u00e9veloppement\" \/>\n<meta property=\"article:modified_time\" content=\"2021-07-28T06:42:23+00:00\" \/>\n<meta name=\"twitter:card\" content=\"summary_large_image\" \/>\n<script type=\"application\/ld+json\" class=\"yoast-schema-graph\">{\"@context\":\"https:\/\/schema.org\",\"@graph\":[{\"@type\":\"WebPage\",\"@id\":\"https:\/\/www.france-culinaire.com\/product\/marinade_forestiere_5375\/\",\"url\":\"https:\/\/www.france-culinaire.com\/product\/marinade_forestiere_5375\/\",\"name\":\"Marinade foresti\u00e8re - France Culinaire D\u00e9veloppement\",\"isPartOf\":{\"@id\":\"https:\/\/www.france-culinaire.com\/#website\"},\"datePublished\":\"2021-01-13T13:39:36+00:00\",\"dateModified\":\"2021-07-28T06:42:23+00:00\",\"breadcrumb\":{\"@id\":\"https:\/\/www.france-culinaire.com\/product\/marinade_forestiere_5375\/#breadcrumb\"},\"inLanguage\":\"en-US\",\"potentialAction\":[{\"@type\":\"ReadAction\",\"target\":[\"https:\/\/www.france-culinaire.com\/product\/marinade_forestiere_5375\/\"]}]},{\"@type\":\"BreadcrumbList\",\"@id\":\"https:\/\/www.france-culinaire.com\/product\/marinade_forestiere_5375\/#breadcrumb\",\"itemListElement\":[{\"@type\":\"ListItem\",\"position\":1,\"name\":\"Home\",\"item\":\"https:\/\/www.france-culinaire.com\/en\/\"},{\"@type\":\"ListItem\",\"position\":2,\"name\":\"Boutique\",\"item\":\"https:\/\/www.france-culinaire.com\/boutique-2\/\"},{\"@type\":\"ListItem\",\"position\":3,\"name\":\"Marinade foresti\u00e8re\"}]},{\"@type\":\"WebSite\",\"@id\":\"https:\/\/www.france-culinaire.com\/#website\",\"url\":\"https:\/\/www.france-culinaire.com\/\",\"name\":\"France Culinaire D\u00e9veloppement\",\"description\":\"L\u2019aromatisation sur mesure\",\"potentialAction\":[{\"@type\":\"SearchAction\",\"target\":{\"@type\":\"EntryPoint\",\"urlTemplate\":\"https:\/\/www.france-culinaire.com\/?s={search_term_string}\"},\"query-input\":{\"@type\":\"PropertyValueSpecification\",\"valueRequired\":true,\"valueName\":\"search_term_string\"}}],\"inLanguage\":\"en-US\"}]}<\/script>\n<!-- \/ Yoast SEO plugin. -->","yoast_head_json":{"title":"Marinade foresti\u00e8re - France Culinaire D\u00e9veloppement","robots":{"index":"index","follow":"follow","max-snippet":"max-snippet:-1","max-image-preview":"max-image-preview:large","max-video-preview":"max-video-preview:-1"},"canonical":"https:\/\/www.france-culinaire.com\/product\/marinade_forestiere_5375\/","og_locale":"en_US","og_type":"article","og_title":"Marinade foresti\u00e8re - France Culinaire D\u00e9veloppement","og_description":"Marinade liquide p\u00e2teuse.","og_url":"https:\/\/www.france-culinaire.com\/product\/marinade_forestiere_5375\/","og_site_name":"France Culinaire D\u00e9veloppement","article_modified_time":"2021-07-28T06:42:23+00:00","twitter_card":"summary_large_image","schema":{"@context":"https:\/\/schema.org","@graph":[{"@type":"WebPage","@id":"https:\/\/www.france-culinaire.com\/product\/marinade_forestiere_5375\/","url":"https:\/\/www.france-culinaire.com\/product\/marinade_forestiere_5375\/","name":"Marinade foresti\u00e8re - France Culinaire D\u00e9veloppement","isPartOf":{"@id":"https:\/\/www.france-culinaire.com\/#website"},"datePublished":"2021-01-13T13:39:36+00:00","dateModified":"2021-07-28T06:42:23+00:00","breadcrumb":{"@id":"https:\/\/www.france-culinaire.com\/product\/marinade_forestiere_5375\/#breadcrumb"},"inLanguage":"en-US","potentialAction":[{"@type":"ReadAction","target":["https:\/\/www.france-culinaire.com\/product\/marinade_forestiere_5375\/"]}]},{"@type":"BreadcrumbList","@id":"https:\/\/www.france-culinaire.com\/product\/marinade_forestiere_5375\/#breadcrumb","itemListElement":[{"@type":"ListItem","position":1,"name":"Home","item":"https:\/\/www.france-culinaire.com\/en\/"},{"@type":"ListItem","position":2,"name":"Boutique","item":"https:\/\/www.france-culinaire.com\/boutique-2\/"},{"@type":"ListItem","position":3,"name":"Marinade foresti\u00e8re"}]},{"@type":"WebSite","@id":"https:\/\/www.france-culinaire.com\/#website","url":"https:\/\/www.france-culinaire.com\/","name":"France Culinaire D\u00e9veloppement","description":"L\u2019aromatisation sur mesure","potentialAction":[{"@type":"SearchAction","target":{"@type":"EntryPoint","urlTemplate":"https:\/\/www.france-culinaire.com\/?s={search_term_string}"},"query-input":{"@type":"PropertyValueSpecification","valueRequired":true,"valueName":"search_term_string"}}],"inLanguage":"en-US"}]}},"_links":{"self":[{"href":"https:\/\/www.france-culinaire.com\/en\/wp-json\/wp\/v2\/product\/4695","targetHints":{"allow":["GET"]}}],"collection":[{"href":"https:\/\/www.france-culinaire.com\/en\/wp-json\/wp\/v2\/product"}],"about":[{"href":"https:\/\/www.france-culinaire.com\/en\/wp-json\/wp\/v2\/types\/product"}],"wp:attachment":[{"href":"https:\/\/www.france-culinaire.com\/en\/wp-json\/wp\/v2\/media?parent=4695"}],"wp:term":[{"taxonomy":"product_brand","embeddable":true,"href":"https:\/\/www.france-culinaire.com\/en\/wp-json\/wp\/v2\/product_brand?post=4695"},{"taxonomy":"product_type","embeddable":true,"href":"https:\/\/www.france-culinaire.com\/en\/wp-json\/wp\/v2\/product_type?post=4695"},{"taxonomy":"product_visibility","embeddable":true,"href":"https:\/\/www.france-culinaire.com\/en\/wp-json\/wp\/v2\/product_visibility?post=4695"},{"taxonomy":"product_cat","embeddable":true,"href":"https:\/\/www.france-culinaire.com\/en\/wp-json\/wp\/v2\/product_cat?post=4695"}],"curies":[{"name":"wp","href":"https:\/\/api.w.org\/{rel}","templated":true}]}}