{"id":4086,"date":"2020-08-07T14:28:02","date_gmt":"2020-08-07T12:28:02","guid":{"rendered":"https:\/\/www.france-culinaire.com\/?post_type=product&#038;p=4086"},"modified":"2021-07-27T16:19:38","modified_gmt":"2021-07-27T14:19:38","slug":"fond_brun_lie_pauvre_en_sel_001782504","status":"publish","type":"product","link":"https:\/\/www.france-culinaire.com\/en\/product\/fond_brun_lie_pauvre_en_sel_001782504\/","title":{"rendered":"Fond brun li\u00e9 pauvre en sel"},"content":{"rendered":"<p><strong>Pr\u00e9paration d\u00e9shydrat\u00e9e pauvre en sel &#8211; note viand\u00e9e.<\/strong><\/p>\n<p>La pr\u00e9paration de base fond brun li\u00e9 1\/2 glace est formul\u00e9e pauvre en sel. Elle est une base id\u00e9ale pour apporter authenticit\u00e9 et saveur viand\u00e9e \u00e0 vos sauces et autres pr\u00e9parations culinaires.<br \/>\nAspect : poudre. Couleur : marron.<br \/>\nFabriqu\u00e9 en France.<\/p>\n<p><strong>Pour une base fond de cuisson 40 g<br \/>\nPour une base sauce : 60g<br \/>\nD\u00e9layer la poudre dans de l\u2019eau ti\u00e8de puis porter \u00e0 \u00e9bullition 2 minutes en agitant doucement<\/strong><\/p>\n","protected":false},"excerpt":{"rendered":"<p>Pr\u00e9paration de base pour fond.<\/p>\n","protected":false},"featured_media":4084,"template":"","meta":[],"product_brand":[],"product_type":[2],"product_visibility":[],"product_cat":[922,881],"class_list":{"0":"post-4086","1":"product","2":"type-product","3":"status-publish","4":"has-post-thumbnail","6":"product_cat-produits-produitsprparations-culinairesaides-culinaires","7":"product_cat-produits","8":"product_tag-brun","9":"product_tag-fond","11":"first","12":"instock","13":"shipping-taxable","14":"product-type-simple"},"acf":{"fiche_technique":null,"fiche_methode":null},"yoast_head":"<!-- This site is optimized with the Yoast SEO plugin v27.1.1 - https:\/\/yoast.com\/product\/yoast-seo-wordpress\/ -->\n<title>Fond brun li\u00e9 pauvre en sel - France Culinaire D\u00e9veloppement<\/title>\n<meta name=\"robots\" content=\"index, follow, max-snippet:-1, max-image-preview:large, max-video-preview:-1\" \/>\n<link rel=\"canonical\" href=\"https:\/\/www.france-culinaire.com\/product\/fond_brun_lie_pauvre_en_sel_001782504\/\" \/>\n<meta property=\"og:locale\" content=\"en_US\" \/>\n<meta property=\"og:type\" content=\"article\" \/>\n<meta property=\"og:title\" content=\"Fond brun li\u00e9 pauvre en sel - France Culinaire D\u00e9veloppement\" \/>\n<meta property=\"og:description\" content=\"Pr\u00e9paration de base pour fond.\" \/>\n<meta property=\"og:url\" content=\"https:\/\/www.france-culinaire.com\/product\/fond_brun_lie_pauvre_en_sel_001782504\/\" \/>\n<meta property=\"og:site_name\" content=\"France Culinaire D\u00e9veloppement\" \/>\n<meta property=\"article:modified_time\" content=\"2021-07-27T14:19:38+00:00\" \/>\n<meta property=\"og:image\" content=\"https:\/\/www.france-culinaire.com\/app\/uploads\/2020\/08\/001782504.png\" \/>\n\t<meta property=\"og:image:width\" content=\"500\" \/>\n\t<meta property=\"og:image:height\" content=\"761\" \/>\n\t<meta property=\"og:image:type\" content=\"image\/png\" \/>\n<meta name=\"twitter:card\" content=\"summary_large_image\" \/>\n<script type=\"application\/ld+json\" class=\"yoast-schema-graph\">{\"@context\":\"https:\/\/schema.org\",\"@graph\":[{\"@type\":\"WebPage\",\"@id\":\"https:\/\/www.france-culinaire.com\/product\/fond_brun_lie_pauvre_en_sel_001782504\/\",\"url\":\"https:\/\/www.france-culinaire.com\/product\/fond_brun_lie_pauvre_en_sel_001782504\/\",\"name\":\"Fond brun li\u00e9 pauvre en sel - France Culinaire D\u00e9veloppement\",\"isPartOf\":{\"@id\":\"https:\/\/www.france-culinaire.com\/#website\"},\"primaryImageOfPage\":{\"@id\":\"https:\/\/www.france-culinaire.com\/product\/fond_brun_lie_pauvre_en_sel_001782504\/#primaryimage\"},\"image\":{\"@id\":\"https:\/\/www.france-culinaire.com\/product\/fond_brun_lie_pauvre_en_sel_001782504\/#primaryimage\"},\"thumbnailUrl\":\"https:\/\/www.france-culinaire.com\/app\/uploads\/2020\/08\/001782504.png\",\"datePublished\":\"2020-08-07T12:28:02+00:00\",\"dateModified\":\"2021-07-27T14:19:38+00:00\",\"breadcrumb\":{\"@id\":\"https:\/\/www.france-culinaire.com\/product\/fond_brun_lie_pauvre_en_sel_001782504\/#breadcrumb\"},\"inLanguage\":\"en-US\",\"potentialAction\":[{\"@type\":\"ReadAction\",\"target\":[\"https:\/\/www.france-culinaire.com\/product\/fond_brun_lie_pauvre_en_sel_001782504\/\"]}]},{\"@type\":\"ImageObject\",\"inLanguage\":\"en-US\",\"@id\":\"https:\/\/www.france-culinaire.com\/product\/fond_brun_lie_pauvre_en_sel_001782504\/#primaryimage\",\"url\":\"https:\/\/www.france-culinaire.com\/app\/uploads\/2020\/08\/001782504.png\",\"contentUrl\":\"https:\/\/www.france-culinaire.com\/app\/uploads\/2020\/08\/001782504.png\",\"width\":500,\"height\":761},{\"@type\":\"BreadcrumbList\",\"@id\":\"https:\/\/www.france-culinaire.com\/product\/fond_brun_lie_pauvre_en_sel_001782504\/#breadcrumb\",\"itemListElement\":[{\"@type\":\"ListItem\",\"position\":1,\"name\":\"Home\",\"item\":\"https:\/\/www.france-culinaire.com\/en\/\"},{\"@type\":\"ListItem\",\"position\":2,\"name\":\"Boutique\",\"item\":\"https:\/\/www.france-culinaire.com\/boutique-2\/\"},{\"@type\":\"ListItem\",\"position\":3,\"name\":\"Fond brun li\u00e9 pauvre en sel\"}]},{\"@type\":\"WebSite\",\"@id\":\"https:\/\/www.france-culinaire.com\/#website\",\"url\":\"https:\/\/www.france-culinaire.com\/\",\"name\":\"France Culinaire D\u00e9veloppement\",\"description\":\"L\u2019aromatisation sur mesure\",\"potentialAction\":[{\"@type\":\"SearchAction\",\"target\":{\"@type\":\"EntryPoint\",\"urlTemplate\":\"https:\/\/www.france-culinaire.com\/?s={search_term_string}\"},\"query-input\":{\"@type\":\"PropertyValueSpecification\",\"valueRequired\":true,\"valueName\":\"search_term_string\"}}],\"inLanguage\":\"en-US\"}]}<\/script>\n<!-- \/ Yoast SEO plugin. -->","yoast_head_json":{"title":"Fond brun li\u00e9 pauvre en sel - France Culinaire D\u00e9veloppement","robots":{"index":"index","follow":"follow","max-snippet":"max-snippet:-1","max-image-preview":"max-image-preview:large","max-video-preview":"max-video-preview:-1"},"canonical":"https:\/\/www.france-culinaire.com\/product\/fond_brun_lie_pauvre_en_sel_001782504\/","og_locale":"en_US","og_type":"article","og_title":"Fond brun li\u00e9 pauvre en sel - France Culinaire D\u00e9veloppement","og_description":"Pr\u00e9paration de base pour fond.","og_url":"https:\/\/www.france-culinaire.com\/product\/fond_brun_lie_pauvre_en_sel_001782504\/","og_site_name":"France Culinaire D\u00e9veloppement","article_modified_time":"2021-07-27T14:19:38+00:00","og_image":[{"width":500,"height":761,"url":"https:\/\/www.france-culinaire.com\/app\/uploads\/2020\/08\/001782504.png","type":"image\/png"}],"twitter_card":"summary_large_image","schema":{"@context":"https:\/\/schema.org","@graph":[{"@type":"WebPage","@id":"https:\/\/www.france-culinaire.com\/product\/fond_brun_lie_pauvre_en_sel_001782504\/","url":"https:\/\/www.france-culinaire.com\/product\/fond_brun_lie_pauvre_en_sel_001782504\/","name":"Fond brun li\u00e9 pauvre en sel - France Culinaire D\u00e9veloppement","isPartOf":{"@id":"https:\/\/www.france-culinaire.com\/#website"},"primaryImageOfPage":{"@id":"https:\/\/www.france-culinaire.com\/product\/fond_brun_lie_pauvre_en_sel_001782504\/#primaryimage"},"image":{"@id":"https:\/\/www.france-culinaire.com\/product\/fond_brun_lie_pauvre_en_sel_001782504\/#primaryimage"},"thumbnailUrl":"https:\/\/www.france-culinaire.com\/app\/uploads\/2020\/08\/001782504.png","datePublished":"2020-08-07T12:28:02+00:00","dateModified":"2021-07-27T14:19:38+00:00","breadcrumb":{"@id":"https:\/\/www.france-culinaire.com\/product\/fond_brun_lie_pauvre_en_sel_001782504\/#breadcrumb"},"inLanguage":"en-US","potentialAction":[{"@type":"ReadAction","target":["https:\/\/www.france-culinaire.com\/product\/fond_brun_lie_pauvre_en_sel_001782504\/"]}]},{"@type":"ImageObject","inLanguage":"en-US","@id":"https:\/\/www.france-culinaire.com\/product\/fond_brun_lie_pauvre_en_sel_001782504\/#primaryimage","url":"https:\/\/www.france-culinaire.com\/app\/uploads\/2020\/08\/001782504.png","contentUrl":"https:\/\/www.france-culinaire.com\/app\/uploads\/2020\/08\/001782504.png","width":500,"height":761},{"@type":"BreadcrumbList","@id":"https:\/\/www.france-culinaire.com\/product\/fond_brun_lie_pauvre_en_sel_001782504\/#breadcrumb","itemListElement":[{"@type":"ListItem","position":1,"name":"Home","item":"https:\/\/www.france-culinaire.com\/en\/"},{"@type":"ListItem","position":2,"name":"Boutique","item":"https:\/\/www.france-culinaire.com\/boutique-2\/"},{"@type":"ListItem","position":3,"name":"Fond brun li\u00e9 pauvre en sel"}]},{"@type":"WebSite","@id":"https:\/\/www.france-culinaire.com\/#website","url":"https:\/\/www.france-culinaire.com\/","name":"France Culinaire D\u00e9veloppement","description":"L\u2019aromatisation sur mesure","potentialAction":[{"@type":"SearchAction","target":{"@type":"EntryPoint","urlTemplate":"https:\/\/www.france-culinaire.com\/?s={search_term_string}"},"query-input":{"@type":"PropertyValueSpecification","valueRequired":true,"valueName":"search_term_string"}}],"inLanguage":"en-US"}]}},"_links":{"self":[{"href":"https:\/\/www.france-culinaire.com\/en\/wp-json\/wp\/v2\/product\/4086","targetHints":{"allow":["GET"]}}],"collection":[{"href":"https:\/\/www.france-culinaire.com\/en\/wp-json\/wp\/v2\/product"}],"about":[{"href":"https:\/\/www.france-culinaire.com\/en\/wp-json\/wp\/v2\/types\/product"}],"wp:featuredmedia":[{"embeddable":true,"href":"https:\/\/www.france-culinaire.com\/en\/wp-json\/wp\/v2\/media\/4084"}],"wp:attachment":[{"href":"https:\/\/www.france-culinaire.com\/en\/wp-json\/wp\/v2\/media?parent=4086"}],"wp:term":[{"taxonomy":"product_brand","embeddable":true,"href":"https:\/\/www.france-culinaire.com\/en\/wp-json\/wp\/v2\/product_brand?post=4086"},{"taxonomy":"product_type","embeddable":true,"href":"https:\/\/www.france-culinaire.com\/en\/wp-json\/wp\/v2\/product_type?post=4086"},{"taxonomy":"product_visibility","embeddable":true,"href":"https:\/\/www.france-culinaire.com\/en\/wp-json\/wp\/v2\/product_visibility?post=4086"},{"taxonomy":"product_cat","embeddable":true,"href":"https:\/\/www.france-culinaire.com\/en\/wp-json\/wp\/v2\/product_cat?post=4086"}],"curies":[{"name":"wp","href":"https:\/\/api.w.org\/{rel}","templated":true}]}}