{"id":4015,"date":"2020-08-06T10:51:07","date_gmt":"2020-08-06T08:51:07","guid":{"rendered":"https:\/\/www.france-culinaire.com\/?post_type=product&#038;p=4015"},"modified":"2021-07-27T16:52:24","modified_gmt":"2021-07-27T14:52:24","slug":"assais-_saveur_ail_et_persil_001801402","status":"publish","type":"product","link":"https:\/\/www.france-culinaire.com\/en\/product\/assais-_saveur_ail_et_persil_001801402\/","title":{"rendered":"Assais. saveur ail et persil"},"content":{"rendered":"<p><strong>Sp\u00e9cialit\u00e9 aromatique en poudre. <\/strong><\/p>\n<p>L&#8217;assaisonnement saveur ail et persil permettra de relever et d&#8217;apporter du caract\u00e8re \u00e0 vos pr\u00e9parations de l\u00e9gumes.<br \/>\nAspect : poudre avec marquants. Couleur : jaune. <\/p>\n<p><strong>Pour utiliser cet assaisonement, d\u00e9layer 250g dans 1 L d\u2019eau bouillante par 5 kg de l\u00e9gumes. Vous pouvez \u00e9galement saupoudrer directement les l\u00e9gumes \u00e0 leur sortie de cuisson.<\/strong><\/p>\n","protected":false},"excerpt":{"rendered":"<p>Assaisonnement note aromatique, ail, persil.<\/p>\n","protected":false},"featured_media":4013,"template":"","meta":[],"product_brand":[],"product_type":[2],"product_visibility":[],"product_cat":[922,881],"class_list":{"0":"post-4015","1":"product","2":"type-product","3":"status-publish","4":"has-post-thumbnail","6":"product_cat-produits-produitsprparations-culinairesaides-culinaires","7":"product_cat-produits","8":"product_tag-ail","9":"product_tag-aromatique","10":"product_tag-assaisonnement","11":"product_tag-persil","13":"first","14":"instock","15":"shipping-taxable","16":"product-type-simple"},"acf":{"fiche_technique":null,"fiche_methode":null},"yoast_head":"<!-- This site is optimized with the Yoast SEO plugin v27.1.1 - https:\/\/yoast.com\/product\/yoast-seo-wordpress\/ -->\n<title>Assais. saveur ail et persil - France Culinaire D\u00e9veloppement<\/title>\n<meta name=\"robots\" content=\"index, follow, max-snippet:-1, max-image-preview:large, max-video-preview:-1\" \/>\n<link rel=\"canonical\" href=\"https:\/\/www.france-culinaire.com\/product\/assais-_saveur_ail_et_persil_001801402\/\" \/>\n<meta property=\"og:locale\" content=\"en_US\" \/>\n<meta property=\"og:type\" content=\"article\" \/>\n<meta property=\"og:title\" content=\"Assais. saveur ail et persil - France Culinaire D\u00e9veloppement\" \/>\n<meta property=\"og:description\" content=\"Assaisonnement note aromatique, ail, persil.\" \/>\n<meta property=\"og:url\" content=\"https:\/\/www.france-culinaire.com\/product\/assais-_saveur_ail_et_persil_001801402\/\" \/>\n<meta property=\"og:site_name\" content=\"France Culinaire D\u00e9veloppement\" \/>\n<meta property=\"article:modified_time\" content=\"2021-07-27T14:52:24+00:00\" \/>\n<meta property=\"og:image\" content=\"https:\/\/www.france-culinaire.com\/app\/uploads\/2020\/08\/001801402.png\" \/>\n\t<meta property=\"og:image:width\" content=\"500\" \/>\n\t<meta property=\"og:image:height\" content=\"761\" \/>\n\t<meta property=\"og:image:type\" content=\"image\/png\" \/>\n<meta name=\"twitter:card\" content=\"summary_large_image\" \/>\n<script type=\"application\/ld+json\" class=\"yoast-schema-graph\">{\"@context\":\"https:\/\/schema.org\",\"@graph\":[{\"@type\":\"WebPage\",\"@id\":\"https:\/\/www.france-culinaire.com\/product\/assais-_saveur_ail_et_persil_001801402\/\",\"url\":\"https:\/\/www.france-culinaire.com\/product\/assais-_saveur_ail_et_persil_001801402\/\",\"name\":\"Assais. saveur ail et persil - France Culinaire D\u00e9veloppement\",\"isPartOf\":{\"@id\":\"https:\/\/www.france-culinaire.com\/#website\"},\"primaryImageOfPage\":{\"@id\":\"https:\/\/www.france-culinaire.com\/product\/assais-_saveur_ail_et_persil_001801402\/#primaryimage\"},\"image\":{\"@id\":\"https:\/\/www.france-culinaire.com\/product\/assais-_saveur_ail_et_persil_001801402\/#primaryimage\"},\"thumbnailUrl\":\"https:\/\/www.france-culinaire.com\/app\/uploads\/2020\/08\/001801402.png\",\"datePublished\":\"2020-08-06T08:51:07+00:00\",\"dateModified\":\"2021-07-27T14:52:24+00:00\",\"breadcrumb\":{\"@id\":\"https:\/\/www.france-culinaire.com\/product\/assais-_saveur_ail_et_persil_001801402\/#breadcrumb\"},\"inLanguage\":\"en-US\",\"potentialAction\":[{\"@type\":\"ReadAction\",\"target\":[\"https:\/\/www.france-culinaire.com\/product\/assais-_saveur_ail_et_persil_001801402\/\"]}]},{\"@type\":\"ImageObject\",\"inLanguage\":\"en-US\",\"@id\":\"https:\/\/www.france-culinaire.com\/product\/assais-_saveur_ail_et_persil_001801402\/#primaryimage\",\"url\":\"https:\/\/www.france-culinaire.com\/app\/uploads\/2020\/08\/001801402.png\",\"contentUrl\":\"https:\/\/www.france-culinaire.com\/app\/uploads\/2020\/08\/001801402.png\",\"width\":500,\"height\":761},{\"@type\":\"BreadcrumbList\",\"@id\":\"https:\/\/www.france-culinaire.com\/product\/assais-_saveur_ail_et_persil_001801402\/#breadcrumb\",\"itemListElement\":[{\"@type\":\"ListItem\",\"position\":1,\"name\":\"Home\",\"item\":\"https:\/\/www.france-culinaire.com\/en\/\"},{\"@type\":\"ListItem\",\"position\":2,\"name\":\"Boutique\",\"item\":\"https:\/\/www.france-culinaire.com\/boutique-2\/\"},{\"@type\":\"ListItem\",\"position\":3,\"name\":\"Assais. saveur ail et persil\"}]},{\"@type\":\"WebSite\",\"@id\":\"https:\/\/www.france-culinaire.com\/#website\",\"url\":\"https:\/\/www.france-culinaire.com\/\",\"name\":\"France Culinaire D\u00e9veloppement\",\"description\":\"L\u2019aromatisation sur mesure\",\"potentialAction\":[{\"@type\":\"SearchAction\",\"target\":{\"@type\":\"EntryPoint\",\"urlTemplate\":\"https:\/\/www.france-culinaire.com\/?s={search_term_string}\"},\"query-input\":{\"@type\":\"PropertyValueSpecification\",\"valueRequired\":true,\"valueName\":\"search_term_string\"}}],\"inLanguage\":\"en-US\"}]}<\/script>\n<!-- \/ Yoast SEO plugin. -->","yoast_head_json":{"title":"Assais. saveur ail et persil - France Culinaire D\u00e9veloppement","robots":{"index":"index","follow":"follow","max-snippet":"max-snippet:-1","max-image-preview":"max-image-preview:large","max-video-preview":"max-video-preview:-1"},"canonical":"https:\/\/www.france-culinaire.com\/product\/assais-_saveur_ail_et_persil_001801402\/","og_locale":"en_US","og_type":"article","og_title":"Assais. saveur ail et persil - France Culinaire D\u00e9veloppement","og_description":"Assaisonnement note aromatique, ail, persil.","og_url":"https:\/\/www.france-culinaire.com\/product\/assais-_saveur_ail_et_persil_001801402\/","og_site_name":"France Culinaire D\u00e9veloppement","article_modified_time":"2021-07-27T14:52:24+00:00","og_image":[{"width":500,"height":761,"url":"https:\/\/www.france-culinaire.com\/app\/uploads\/2020\/08\/001801402.png","type":"image\/png"}],"twitter_card":"summary_large_image","schema":{"@context":"https:\/\/schema.org","@graph":[{"@type":"WebPage","@id":"https:\/\/www.france-culinaire.com\/product\/assais-_saveur_ail_et_persil_001801402\/","url":"https:\/\/www.france-culinaire.com\/product\/assais-_saveur_ail_et_persil_001801402\/","name":"Assais. saveur ail et persil - France Culinaire D\u00e9veloppement","isPartOf":{"@id":"https:\/\/www.france-culinaire.com\/#website"},"primaryImageOfPage":{"@id":"https:\/\/www.france-culinaire.com\/product\/assais-_saveur_ail_et_persil_001801402\/#primaryimage"},"image":{"@id":"https:\/\/www.france-culinaire.com\/product\/assais-_saveur_ail_et_persil_001801402\/#primaryimage"},"thumbnailUrl":"https:\/\/www.france-culinaire.com\/app\/uploads\/2020\/08\/001801402.png","datePublished":"2020-08-06T08:51:07+00:00","dateModified":"2021-07-27T14:52:24+00:00","breadcrumb":{"@id":"https:\/\/www.france-culinaire.com\/product\/assais-_saveur_ail_et_persil_001801402\/#breadcrumb"},"inLanguage":"en-US","potentialAction":[{"@type":"ReadAction","target":["https:\/\/www.france-culinaire.com\/product\/assais-_saveur_ail_et_persil_001801402\/"]}]},{"@type":"ImageObject","inLanguage":"en-US","@id":"https:\/\/www.france-culinaire.com\/product\/assais-_saveur_ail_et_persil_001801402\/#primaryimage","url":"https:\/\/www.france-culinaire.com\/app\/uploads\/2020\/08\/001801402.png","contentUrl":"https:\/\/www.france-culinaire.com\/app\/uploads\/2020\/08\/001801402.png","width":500,"height":761},{"@type":"BreadcrumbList","@id":"https:\/\/www.france-culinaire.com\/product\/assais-_saveur_ail_et_persil_001801402\/#breadcrumb","itemListElement":[{"@type":"ListItem","position":1,"name":"Home","item":"https:\/\/www.france-culinaire.com\/en\/"},{"@type":"ListItem","position":2,"name":"Boutique","item":"https:\/\/www.france-culinaire.com\/boutique-2\/"},{"@type":"ListItem","position":3,"name":"Assais. saveur ail et persil"}]},{"@type":"WebSite","@id":"https:\/\/www.france-culinaire.com\/#website","url":"https:\/\/www.france-culinaire.com\/","name":"France Culinaire D\u00e9veloppement","description":"L\u2019aromatisation sur mesure","potentialAction":[{"@type":"SearchAction","target":{"@type":"EntryPoint","urlTemplate":"https:\/\/www.france-culinaire.com\/?s={search_term_string}"},"query-input":{"@type":"PropertyValueSpecification","valueRequired":true,"valueName":"search_term_string"}}],"inLanguage":"en-US"}]}},"_links":{"self":[{"href":"https:\/\/www.france-culinaire.com\/en\/wp-json\/wp\/v2\/product\/4015","targetHints":{"allow":["GET"]}}],"collection":[{"href":"https:\/\/www.france-culinaire.com\/en\/wp-json\/wp\/v2\/product"}],"about":[{"href":"https:\/\/www.france-culinaire.com\/en\/wp-json\/wp\/v2\/types\/product"}],"wp:featuredmedia":[{"embeddable":true,"href":"https:\/\/www.france-culinaire.com\/en\/wp-json\/wp\/v2\/media\/4013"}],"wp:attachment":[{"href":"https:\/\/www.france-culinaire.com\/en\/wp-json\/wp\/v2\/media?parent=4015"}],"wp:term":[{"taxonomy":"product_brand","embeddable":true,"href":"https:\/\/www.france-culinaire.com\/en\/wp-json\/wp\/v2\/product_brand?post=4015"},{"taxonomy":"product_type","embeddable":true,"href":"https:\/\/www.france-culinaire.com\/en\/wp-json\/wp\/v2\/product_type?post=4015"},{"taxonomy":"product_visibility","embeddable":true,"href":"https:\/\/www.france-culinaire.com\/en\/wp-json\/wp\/v2\/product_visibility?post=4015"},{"taxonomy":"product_cat","embeddable":true,"href":"https:\/\/www.france-culinaire.com\/en\/wp-json\/wp\/v2\/product_cat?post=4015"}],"curies":[{"name":"wp","href":"https:\/\/api.w.org\/{rel}","templated":true}]}}