{"id":2088,"date":"2019-10-15T11:41:33","date_gmt":"2019-10-15T09:41:33","guid":{"rendered":"https:\/\/www.france-culinaire.com\/product\/cream-cheese\/"},"modified":"2021-07-27T16:20:20","modified_gmt":"2021-07-27T14:20:20","slug":"cream_cheese_8571","status":"publish","type":"product","link":"https:\/\/www.france-culinaire.com\/en\/product\/cream_cheese_8571\/","title":{"rendered":"CREAM CHEESE"},"content":{"rendered":"<p><strong>Sp\u00e9cialit\u00e9 fromag\u00e8re fondue.<\/strong><\/p>\n<p>Le Cream cheese est une sp\u00e9cialit\u00e9 fromag\u00e8re fondue \u00e0 base de fromage de vache et de beurre. Peut \u00eatre utilis\u00e9 en sal\u00e9 (verrines, sandwichs\u2026) ou sucr\u00e9 (cheesecake\u2026), en industrie ou en restauration hors foyer.<br \/>\nIl apporte une flaveur de fromage frais, doux et de couleur blanc cr\u00e8me.<\/p>\n<p class=\"y-product y-product__product-subtitle\">Avantage :<\/p>\n<p>&#8211; Pr\u00eat \u00e0 tartiner<br \/>\n&#8211; Texture  lisse  et cr\u00e9meuse<\/p>\n<p>Utilisation en sal\u00e9 &amp; sucr\u00e9<\/p>\n","protected":false},"excerpt":{"rendered":"<p>Sp\u00e9cialit\u00e9 fromag\u00e8re fondue.<\/p>\n","protected":false},"featured_media":2092,"template":"","meta":[],"product_brand":[],"product_type":[2],"product_visibility":[],"product_cat":[891,881,890],"class_list":{"0":"post-2088","1":"product","2":"type-product","3":"status-publish","4":"has-post-thumbnail","6":"product_cat-produits-produitssolutions-fromagresfromages-fondus","7":"product_cat-produits","8":"product_cat-produitsspecialites-fromageres","9":"product_tag-creme","10":"product_tag-fromage","11":"product_tag-sale","12":"product_tag-sucre","14":"first","15":"instock","16":"shipping-taxable","17":"product-type-simple"},"acf":{"fiche_technique":"","fiche_methode":""},"yoast_head":"<!-- This site is optimized with the Yoast SEO plugin v27.1.1 - https:\/\/yoast.com\/product\/yoast-seo-wordpress\/ -->\n<title>CREAM CHEESE - France Culinaire D\u00e9veloppement<\/title>\n<meta name=\"robots\" content=\"index, follow, max-snippet:-1, max-image-preview:large, max-video-preview:-1\" \/>\n<link rel=\"canonical\" href=\"https:\/\/www.france-culinaire.com\/product\/cream_cheese_8571\/\" \/>\n<meta property=\"og:locale\" content=\"en_US\" \/>\n<meta property=\"og:type\" content=\"article\" \/>\n<meta property=\"og:title\" content=\"CREAM CHEESE - France Culinaire D\u00e9veloppement\" \/>\n<meta property=\"og:description\" content=\"Sp\u00e9cialit\u00e9 fromag\u00e8re fondue.\" \/>\n<meta property=\"og:url\" content=\"https:\/\/www.france-culinaire.com\/product\/cream_cheese_8571\/\" \/>\n<meta property=\"og:site_name\" content=\"France Culinaire D\u00e9veloppement\" \/>\n<meta property=\"article:modified_time\" content=\"2021-07-27T14:20:20+00:00\" \/>\n<meta property=\"og:image\" content=\"https:\/\/www.france-culinaire.com\/app\/uploads\/2019\/10\/creamcheese.jpg\" \/>\n\t<meta property=\"og:image:width\" content=\"564\" \/>\n\t<meta property=\"og:image:height\" content=\"1124\" \/>\n\t<meta property=\"og:image:type\" content=\"image\/jpeg\" \/>\n<meta name=\"twitter:card\" content=\"summary_large_image\" \/>\n<script type=\"application\/ld+json\" class=\"yoast-schema-graph\">{\"@context\":\"https:\/\/schema.org\",\"@graph\":[{\"@type\":\"WebPage\",\"@id\":\"https:\/\/www.france-culinaire.com\/product\/cream_cheese_8571\/\",\"url\":\"https:\/\/www.france-culinaire.com\/product\/cream_cheese_8571\/\",\"name\":\"CREAM CHEESE - France Culinaire D\u00e9veloppement\",\"isPartOf\":{\"@id\":\"https:\/\/www.france-culinaire.com\/#website\"},\"primaryImageOfPage\":{\"@id\":\"https:\/\/www.france-culinaire.com\/product\/cream_cheese_8571\/#primaryimage\"},\"image\":{\"@id\":\"https:\/\/www.france-culinaire.com\/product\/cream_cheese_8571\/#primaryimage\"},\"thumbnailUrl\":\"https:\/\/www.france-culinaire.com\/app\/uploads\/2019\/10\/creamcheese.jpg\",\"datePublished\":\"2019-10-15T09:41:33+00:00\",\"dateModified\":\"2021-07-27T14:20:20+00:00\",\"breadcrumb\":{\"@id\":\"https:\/\/www.france-culinaire.com\/product\/cream_cheese_8571\/#breadcrumb\"},\"inLanguage\":\"en-US\",\"potentialAction\":[{\"@type\":\"ReadAction\",\"target\":[\"https:\/\/www.france-culinaire.com\/product\/cream_cheese_8571\/\"]}]},{\"@type\":\"ImageObject\",\"inLanguage\":\"en-US\",\"@id\":\"https:\/\/www.france-culinaire.com\/product\/cream_cheese_8571\/#primaryimage\",\"url\":\"https:\/\/www.france-culinaire.com\/app\/uploads\/2019\/10\/creamcheese.jpg\",\"contentUrl\":\"https:\/\/www.france-culinaire.com\/app\/uploads\/2019\/10\/creamcheese.jpg\",\"width\":564,\"height\":1124},{\"@type\":\"BreadcrumbList\",\"@id\":\"https:\/\/www.france-culinaire.com\/product\/cream_cheese_8571\/#breadcrumb\",\"itemListElement\":[{\"@type\":\"ListItem\",\"position\":1,\"name\":\"Home\",\"item\":\"https:\/\/www.france-culinaire.com\/en\/\"},{\"@type\":\"ListItem\",\"position\":2,\"name\":\"Boutique\",\"item\":\"https:\/\/www.france-culinaire.com\/boutique-2\/\"},{\"@type\":\"ListItem\",\"position\":3,\"name\":\"CREAM CHEESE\"}]},{\"@type\":\"WebSite\",\"@id\":\"https:\/\/www.france-culinaire.com\/#website\",\"url\":\"https:\/\/www.france-culinaire.com\/\",\"name\":\"France Culinaire D\u00e9veloppement\",\"description\":\"L\u2019aromatisation sur mesure\",\"potentialAction\":[{\"@type\":\"SearchAction\",\"target\":{\"@type\":\"EntryPoint\",\"urlTemplate\":\"https:\/\/www.france-culinaire.com\/?s={search_term_string}\"},\"query-input\":{\"@type\":\"PropertyValueSpecification\",\"valueRequired\":true,\"valueName\":\"search_term_string\"}}],\"inLanguage\":\"en-US\"}]}<\/script>\n<!-- \/ Yoast SEO plugin. -->","yoast_head_json":{"title":"CREAM CHEESE - France Culinaire D\u00e9veloppement","robots":{"index":"index","follow":"follow","max-snippet":"max-snippet:-1","max-image-preview":"max-image-preview:large","max-video-preview":"max-video-preview:-1"},"canonical":"https:\/\/www.france-culinaire.com\/product\/cream_cheese_8571\/","og_locale":"en_US","og_type":"article","og_title":"CREAM CHEESE - France Culinaire D\u00e9veloppement","og_description":"Sp\u00e9cialit\u00e9 fromag\u00e8re fondue.","og_url":"https:\/\/www.france-culinaire.com\/product\/cream_cheese_8571\/","og_site_name":"France Culinaire D\u00e9veloppement","article_modified_time":"2021-07-27T14:20:20+00:00","og_image":[{"width":564,"height":1124,"url":"https:\/\/www.france-culinaire.com\/app\/uploads\/2019\/10\/creamcheese.jpg","type":"image\/jpeg"}],"twitter_card":"summary_large_image","schema":{"@context":"https:\/\/schema.org","@graph":[{"@type":"WebPage","@id":"https:\/\/www.france-culinaire.com\/product\/cream_cheese_8571\/","url":"https:\/\/www.france-culinaire.com\/product\/cream_cheese_8571\/","name":"CREAM CHEESE - France Culinaire D\u00e9veloppement","isPartOf":{"@id":"https:\/\/www.france-culinaire.com\/#website"},"primaryImageOfPage":{"@id":"https:\/\/www.france-culinaire.com\/product\/cream_cheese_8571\/#primaryimage"},"image":{"@id":"https:\/\/www.france-culinaire.com\/product\/cream_cheese_8571\/#primaryimage"},"thumbnailUrl":"https:\/\/www.france-culinaire.com\/app\/uploads\/2019\/10\/creamcheese.jpg","datePublished":"2019-10-15T09:41:33+00:00","dateModified":"2021-07-27T14:20:20+00:00","breadcrumb":{"@id":"https:\/\/www.france-culinaire.com\/product\/cream_cheese_8571\/#breadcrumb"},"inLanguage":"en-US","potentialAction":[{"@type":"ReadAction","target":["https:\/\/www.france-culinaire.com\/product\/cream_cheese_8571\/"]}]},{"@type":"ImageObject","inLanguage":"en-US","@id":"https:\/\/www.france-culinaire.com\/product\/cream_cheese_8571\/#primaryimage","url":"https:\/\/www.france-culinaire.com\/app\/uploads\/2019\/10\/creamcheese.jpg","contentUrl":"https:\/\/www.france-culinaire.com\/app\/uploads\/2019\/10\/creamcheese.jpg","width":564,"height":1124},{"@type":"BreadcrumbList","@id":"https:\/\/www.france-culinaire.com\/product\/cream_cheese_8571\/#breadcrumb","itemListElement":[{"@type":"ListItem","position":1,"name":"Home","item":"https:\/\/www.france-culinaire.com\/en\/"},{"@type":"ListItem","position":2,"name":"Boutique","item":"https:\/\/www.france-culinaire.com\/boutique-2\/"},{"@type":"ListItem","position":3,"name":"CREAM CHEESE"}]},{"@type":"WebSite","@id":"https:\/\/www.france-culinaire.com\/#website","url":"https:\/\/www.france-culinaire.com\/","name":"France Culinaire D\u00e9veloppement","description":"L\u2019aromatisation sur mesure","potentialAction":[{"@type":"SearchAction","target":{"@type":"EntryPoint","urlTemplate":"https:\/\/www.france-culinaire.com\/?s={search_term_string}"},"query-input":{"@type":"PropertyValueSpecification","valueRequired":true,"valueName":"search_term_string"}}],"inLanguage":"en-US"}]}},"_links":{"self":[{"href":"https:\/\/www.france-culinaire.com\/en\/wp-json\/wp\/v2\/product\/2088","targetHints":{"allow":["GET"]}}],"collection":[{"href":"https:\/\/www.france-culinaire.com\/en\/wp-json\/wp\/v2\/product"}],"about":[{"href":"https:\/\/www.france-culinaire.com\/en\/wp-json\/wp\/v2\/types\/product"}],"wp:featuredmedia":[{"embeddable":true,"href":"https:\/\/www.france-culinaire.com\/en\/wp-json\/wp\/v2\/media\/2092"}],"wp:attachment":[{"href":"https:\/\/www.france-culinaire.com\/en\/wp-json\/wp\/v2\/media?parent=2088"}],"wp:term":[{"taxonomy":"product_brand","embeddable":true,"href":"https:\/\/www.france-culinaire.com\/en\/wp-json\/wp\/v2\/product_brand?post=2088"},{"taxonomy":"product_type","embeddable":true,"href":"https:\/\/www.france-culinaire.com\/en\/wp-json\/wp\/v2\/product_type?post=2088"},{"taxonomy":"product_visibility","embeddable":true,"href":"https:\/\/www.france-culinaire.com\/en\/wp-json\/wp\/v2\/product_visibility?post=2088"},{"taxonomy":"product_cat","embeddable":true,"href":"https:\/\/www.france-culinaire.com\/en\/wp-json\/wp\/v2\/product_cat?post=2088"}],"curies":[{"name":"wp","href":"https:\/\/api.w.org\/{rel}","templated":true}]}}