{"id":1934,"date":"2019-10-09T09:12:06","date_gmt":"2019-10-09T07:12:06","guid":{"rendered":"https:\/\/www.france-culinaire.com\/?post_type=product&#038;p=1934"},"modified":"2020-01-17T15:23:06","modified_gmt":"2020-01-17T13:23:06","slug":"pati-glpp","status":"publish","type":"product","link":"https:\/\/www.france-culinaire.com\/en\/product\/pati-glpp\/","title":{"rendered":"Prot\u00e9ines de lait"},"content":{"rendered":"\n<p><strong>Lactoremplaceur en poudre.<\/strong><\/p>\n<p>Le lacto remplaceur\u00a0est un syst\u00e8me fonctionnel am\u00e9liorant utilis\u00e9 dans les patisseries industrielles, il renforce le moelleux et la conservation des produits \u00e0 p\u00e2tes jaunes. Sa flaveur est lact\u00e9e et de couleur beige, jaune. Fabriqu\u00e9 en France<\/p>\n<p><strong>Dose d&#8217;utilisation : 1 kg de Pati et 9 litres d\u2019eau ti\u00e8de \u00e9quivaut \u00e0 10 litres de lait \u00e9cr\u00e9m\u00e9.<\/strong><\/p>\n","protected":false},"excerpt":{"rendered":"<p>Lacto remplaceur<\/p>\n","protected":false},"featured_media":2288,"template":"","meta":[],"product_brand":[],"product_type":[2],"product_visibility":[],"product_cat":[795],"class_list":{"0":"post-1934","1":"product","2":"type-product","3":"status-publish","4":"has-post-thumbnail","6":"product_cat-produitssystemes-fonctionnels","7":"product_tag-pati","8":"product_tag-poudre","10":"first","11":"instock","12":"shipping-taxable","13":"product-type-simple"},"acf":{"fiche_technique":"","fiche_methode":""},"yoast_head":"<!-- This site is optimized with the Yoast SEO plugin v27.1.1 - https:\/\/yoast.com\/product\/yoast-seo-wordpress\/ -->\n<title>Prot\u00e9ines de lait - France Culinaire D\u00e9veloppement<\/title>\n<meta name=\"robots\" content=\"index, follow, max-snippet:-1, max-image-preview:large, max-video-preview:-1\" \/>\n<link rel=\"canonical\" href=\"https:\/\/www.france-culinaire.com\/product\/pati-glpp\/\" \/>\n<meta property=\"og:locale\" content=\"en_US\" \/>\n<meta property=\"og:type\" content=\"article\" \/>\n<meta property=\"og:title\" content=\"Prot\u00e9ines de lait - France Culinaire D\u00e9veloppement\" \/>\n<meta property=\"og:description\" content=\"Lacto remplaceur\" \/>\n<meta property=\"og:url\" content=\"https:\/\/www.france-culinaire.com\/product\/pati-glpp\/\" \/>\n<meta property=\"og:site_name\" content=\"France Culinaire D\u00e9veloppement\" \/>\n<meta property=\"article:modified_time\" content=\"2020-01-17T13:23:06+00:00\" \/>\n<meta property=\"og:image\" content=\"https:\/\/www.france-culinaire.com\/app\/uploads\/2019\/11\/lait2.png\" \/>\n\t<meta property=\"og:image:width\" content=\"400\" \/>\n\t<meta property=\"og:image:height\" content=\"631\" \/>\n\t<meta property=\"og:image:type\" content=\"image\/png\" \/>\n<meta name=\"twitter:card\" content=\"summary_large_image\" \/>\n<script type=\"application\/ld+json\" class=\"yoast-schema-graph\">{\"@context\":\"https:\/\/schema.org\",\"@graph\":[{\"@type\":\"WebPage\",\"@id\":\"https:\/\/www.france-culinaire.com\/product\/pati-glpp\/\",\"url\":\"https:\/\/www.france-culinaire.com\/product\/pati-glpp\/\",\"name\":\"Prot\u00e9ines de lait - France Culinaire D\u00e9veloppement\",\"isPartOf\":{\"@id\":\"https:\/\/www.france-culinaire.com\/#website\"},\"primaryImageOfPage\":{\"@id\":\"https:\/\/www.france-culinaire.com\/product\/pati-glpp\/#primaryimage\"},\"image\":{\"@id\":\"https:\/\/www.france-culinaire.com\/product\/pati-glpp\/#primaryimage\"},\"thumbnailUrl\":\"https:\/\/www.france-culinaire.com\/app\/uploads\/2019\/11\/lait2.png\",\"datePublished\":\"2019-10-09T07:12:06+00:00\",\"dateModified\":\"2020-01-17T13:23:06+00:00\",\"breadcrumb\":{\"@id\":\"https:\/\/www.france-culinaire.com\/product\/pati-glpp\/#breadcrumb\"},\"inLanguage\":\"en-US\",\"potentialAction\":[{\"@type\":\"ReadAction\",\"target\":[\"https:\/\/www.france-culinaire.com\/product\/pati-glpp\/\"]}]},{\"@type\":\"ImageObject\",\"inLanguage\":\"en-US\",\"@id\":\"https:\/\/www.france-culinaire.com\/product\/pati-glpp\/#primaryimage\",\"url\":\"https:\/\/www.france-culinaire.com\/app\/uploads\/2019\/11\/lait2.png\",\"contentUrl\":\"https:\/\/www.france-culinaire.com\/app\/uploads\/2019\/11\/lait2.png\",\"width\":400,\"height\":631},{\"@type\":\"BreadcrumbList\",\"@id\":\"https:\/\/www.france-culinaire.com\/product\/pati-glpp\/#breadcrumb\",\"itemListElement\":[{\"@type\":\"ListItem\",\"position\":1,\"name\":\"Home\",\"item\":\"https:\/\/www.france-culinaire.com\/en\/\"},{\"@type\":\"ListItem\",\"position\":2,\"name\":\"Boutique\",\"item\":\"https:\/\/www.france-culinaire.com\/boutique-2\/\"},{\"@type\":\"ListItem\",\"position\":3,\"name\":\"Prot\u00e9ines de lait\"}]},{\"@type\":\"WebSite\",\"@id\":\"https:\/\/www.france-culinaire.com\/#website\",\"url\":\"https:\/\/www.france-culinaire.com\/\",\"name\":\"France Culinaire D\u00e9veloppement\",\"description\":\"L\u2019aromatisation sur mesure\",\"potentialAction\":[{\"@type\":\"SearchAction\",\"target\":{\"@type\":\"EntryPoint\",\"urlTemplate\":\"https:\/\/www.france-culinaire.com\/?s={search_term_string}\"},\"query-input\":{\"@type\":\"PropertyValueSpecification\",\"valueRequired\":true,\"valueName\":\"search_term_string\"}}],\"inLanguage\":\"en-US\"}]}<\/script>\n<!-- \/ Yoast SEO plugin. -->","yoast_head_json":{"title":"Prot\u00e9ines de lait - France Culinaire D\u00e9veloppement","robots":{"index":"index","follow":"follow","max-snippet":"max-snippet:-1","max-image-preview":"max-image-preview:large","max-video-preview":"max-video-preview:-1"},"canonical":"https:\/\/www.france-culinaire.com\/product\/pati-glpp\/","og_locale":"en_US","og_type":"article","og_title":"Prot\u00e9ines de lait - France Culinaire D\u00e9veloppement","og_description":"Lacto remplaceur","og_url":"https:\/\/www.france-culinaire.com\/product\/pati-glpp\/","og_site_name":"France Culinaire D\u00e9veloppement","article_modified_time":"2020-01-17T13:23:06+00:00","og_image":[{"width":400,"height":631,"url":"https:\/\/www.france-culinaire.com\/app\/uploads\/2019\/11\/lait2.png","type":"image\/png"}],"twitter_card":"summary_large_image","schema":{"@context":"https:\/\/schema.org","@graph":[{"@type":"WebPage","@id":"https:\/\/www.france-culinaire.com\/product\/pati-glpp\/","url":"https:\/\/www.france-culinaire.com\/product\/pati-glpp\/","name":"Prot\u00e9ines de lait - France Culinaire D\u00e9veloppement","isPartOf":{"@id":"https:\/\/www.france-culinaire.com\/#website"},"primaryImageOfPage":{"@id":"https:\/\/www.france-culinaire.com\/product\/pati-glpp\/#primaryimage"},"image":{"@id":"https:\/\/www.france-culinaire.com\/product\/pati-glpp\/#primaryimage"},"thumbnailUrl":"https:\/\/www.france-culinaire.com\/app\/uploads\/2019\/11\/lait2.png","datePublished":"2019-10-09T07:12:06+00:00","dateModified":"2020-01-17T13:23:06+00:00","breadcrumb":{"@id":"https:\/\/www.france-culinaire.com\/product\/pati-glpp\/#breadcrumb"},"inLanguage":"en-US","potentialAction":[{"@type":"ReadAction","target":["https:\/\/www.france-culinaire.com\/product\/pati-glpp\/"]}]},{"@type":"ImageObject","inLanguage":"en-US","@id":"https:\/\/www.france-culinaire.com\/product\/pati-glpp\/#primaryimage","url":"https:\/\/www.france-culinaire.com\/app\/uploads\/2019\/11\/lait2.png","contentUrl":"https:\/\/www.france-culinaire.com\/app\/uploads\/2019\/11\/lait2.png","width":400,"height":631},{"@type":"BreadcrumbList","@id":"https:\/\/www.france-culinaire.com\/product\/pati-glpp\/#breadcrumb","itemListElement":[{"@type":"ListItem","position":1,"name":"Home","item":"https:\/\/www.france-culinaire.com\/en\/"},{"@type":"ListItem","position":2,"name":"Boutique","item":"https:\/\/www.france-culinaire.com\/boutique-2\/"},{"@type":"ListItem","position":3,"name":"Prot\u00e9ines de lait"}]},{"@type":"WebSite","@id":"https:\/\/www.france-culinaire.com\/#website","url":"https:\/\/www.france-culinaire.com\/","name":"France Culinaire D\u00e9veloppement","description":"L\u2019aromatisation sur mesure","potentialAction":[{"@type":"SearchAction","target":{"@type":"EntryPoint","urlTemplate":"https:\/\/www.france-culinaire.com\/?s={search_term_string}"},"query-input":{"@type":"PropertyValueSpecification","valueRequired":true,"valueName":"search_term_string"}}],"inLanguage":"en-US"}]}},"_links":{"self":[{"href":"https:\/\/www.france-culinaire.com\/en\/wp-json\/wp\/v2\/product\/1934","targetHints":{"allow":["GET"]}}],"collection":[{"href":"https:\/\/www.france-culinaire.com\/en\/wp-json\/wp\/v2\/product"}],"about":[{"href":"https:\/\/www.france-culinaire.com\/en\/wp-json\/wp\/v2\/types\/product"}],"wp:featuredmedia":[{"embeddable":true,"href":"https:\/\/www.france-culinaire.com\/en\/wp-json\/wp\/v2\/media\/2288"}],"wp:attachment":[{"href":"https:\/\/www.france-culinaire.com\/en\/wp-json\/wp\/v2\/media?parent=1934"}],"wp:term":[{"taxonomy":"product_brand","embeddable":true,"href":"https:\/\/www.france-culinaire.com\/en\/wp-json\/wp\/v2\/product_brand?post=1934"},{"taxonomy":"product_type","embeddable":true,"href":"https:\/\/www.france-culinaire.com\/en\/wp-json\/wp\/v2\/product_type?post=1934"},{"taxonomy":"product_visibility","embeddable":true,"href":"https:\/\/www.france-culinaire.com\/en\/wp-json\/wp\/v2\/product_visibility?post=1934"},{"taxonomy":"product_cat","embeddable":true,"href":"https:\/\/www.france-culinaire.com\/en\/wp-json\/wp\/v2\/product_cat?post=1934"}],"curies":[{"name":"wp","href":"https:\/\/api.w.org\/{rel}","templated":true}]}}