{"id":1912,"date":"2019-10-08T14:34:35","date_gmt":"2019-10-08T12:34:35","guid":{"rendered":"https:\/\/www.france-culinaire.com\/?post_type=product&#038;p=1912"},"modified":"2020-05-15T09:58:23","modified_gmt":"2020-05-15T07:58:23","slug":"veloute_legumes_du_soleil_4620","status":"publish","type":"product","link":"https:\/\/www.france-culinaire.com\/en\/product\/veloute_legumes_du_soleil_4620\/","title":{"rendered":"Velout\u00e9 l\u00e9gumes du soleil"},"content":{"rendered":"\n<p><strong>Pr\u00e9paration de base d\u00e9shydrat\u00e9e.<\/strong><\/p>\n<p>La pr\u00e9paration velout\u00e9 l\u00e9gumes du soleil est un velout\u00e9 d\u00e9shydrat\u00e9, pr\u00eat \u00e0 l&#8217;emploi, il apporte une saveur de l\u00e9gumes, tomate et une couleur rouge. Fabriqu\u00e9 en France.<\/p>\n<p><strong>Dose d&#8217;utilisation : 80 g par litre d\u2019eau. Porter l\u2019eau \u00e0 \u00e9bullition, verser dans un bol, puis verser la poudre en pluie tout en agitant avec une fourchette. Laisser reposer 2 minutes.<\/strong><\/p>\n","protected":false},"excerpt":{"rendered":"<p>Pr\u00e9paration de base pour velout\u00e9.<\/p>\n","protected":false},"featured_media":2239,"template":"","meta":[],"product_brand":[],"product_type":[2],"product_visibility":[],"product_cat":[888],"class_list":{"0":"post-1912","1":"product","2":"type-product","3":"status-publish","4":"has-post-thumbnail","6":"product_cat-produits-produitsprparations-culinairespotages-et-pures","7":"product_tag-deshydrate","8":"product_tag-legumes-2","9":"product_tag-potage","10":"product_tag-poudre","11":"product_tag-veloute","13":"first","14":"instock","15":"shipping-taxable","16":"product-type-simple"},"acf":{"fiche_technique":"","fiche_methode":""},"yoast_head":"<!-- This site is optimized with the Yoast SEO plugin v27.1.1 - https:\/\/yoast.com\/product\/yoast-seo-wordpress\/ -->\n<title>Velout\u00e9 l\u00e9gumes du soleil - France Culinaire D\u00e9veloppement<\/title>\n<meta name=\"robots\" content=\"index, follow, max-snippet:-1, max-image-preview:large, max-video-preview:-1\" \/>\n<link rel=\"canonical\" href=\"https:\/\/www.france-culinaire.com\/product\/veloute_legumes_du_soleil_4620\/\" \/>\n<meta property=\"og:locale\" content=\"en_US\" \/>\n<meta property=\"og:type\" content=\"article\" \/>\n<meta property=\"og:title\" content=\"Velout\u00e9 l\u00e9gumes du soleil - France Culinaire D\u00e9veloppement\" \/>\n<meta property=\"og:description\" content=\"Pr\u00e9paration de base pour velout\u00e9.\" \/>\n<meta property=\"og:url\" content=\"https:\/\/www.france-culinaire.com\/product\/veloute_legumes_du_soleil_4620\/\" \/>\n<meta property=\"og:site_name\" content=\"France Culinaire D\u00e9veloppement\" \/>\n<meta property=\"article:modified_time\" content=\"2020-05-15T07:58:23+00:00\" \/>\n<meta property=\"og:image\" content=\"https:\/\/www.france-culinaire.com\/app\/uploads\/2019\/10\/velout_..png\" \/>\n\t<meta property=\"og:image:width\" content=\"348\" \/>\n\t<meta property=\"og:image:height\" content=\"571\" \/>\n\t<meta property=\"og:image:type\" content=\"image\/png\" \/>\n<meta name=\"twitter:card\" content=\"summary_large_image\" \/>\n<script type=\"application\/ld+json\" class=\"yoast-schema-graph\">{\"@context\":\"https:\/\/schema.org\",\"@graph\":[{\"@type\":\"WebPage\",\"@id\":\"https:\/\/www.france-culinaire.com\/product\/veloute_legumes_du_soleil_4620\/\",\"url\":\"https:\/\/www.france-culinaire.com\/product\/veloute_legumes_du_soleil_4620\/\",\"name\":\"Velout\u00e9 l\u00e9gumes du soleil - France Culinaire D\u00e9veloppement\",\"isPartOf\":{\"@id\":\"https:\/\/www.france-culinaire.com\/#website\"},\"primaryImageOfPage\":{\"@id\":\"https:\/\/www.france-culinaire.com\/product\/veloute_legumes_du_soleil_4620\/#primaryimage\"},\"image\":{\"@id\":\"https:\/\/www.france-culinaire.com\/product\/veloute_legumes_du_soleil_4620\/#primaryimage\"},\"thumbnailUrl\":\"https:\/\/www.france-culinaire.com\/app\/uploads\/2019\/10\/velout_..png\",\"datePublished\":\"2019-10-08T12:34:35+00:00\",\"dateModified\":\"2020-05-15T07:58:23+00:00\",\"breadcrumb\":{\"@id\":\"https:\/\/www.france-culinaire.com\/product\/veloute_legumes_du_soleil_4620\/#breadcrumb\"},\"inLanguage\":\"en-US\",\"potentialAction\":[{\"@type\":\"ReadAction\",\"target\":[\"https:\/\/www.france-culinaire.com\/product\/veloute_legumes_du_soleil_4620\/\"]}]},{\"@type\":\"ImageObject\",\"inLanguage\":\"en-US\",\"@id\":\"https:\/\/www.france-culinaire.com\/product\/veloute_legumes_du_soleil_4620\/#primaryimage\",\"url\":\"https:\/\/www.france-culinaire.com\/app\/uploads\/2019\/10\/velout_..png\",\"contentUrl\":\"https:\/\/www.france-culinaire.com\/app\/uploads\/2019\/10\/velout_..png\",\"width\":348,\"height\":571},{\"@type\":\"BreadcrumbList\",\"@id\":\"https:\/\/www.france-culinaire.com\/product\/veloute_legumes_du_soleil_4620\/#breadcrumb\",\"itemListElement\":[{\"@type\":\"ListItem\",\"position\":1,\"name\":\"Home\",\"item\":\"https:\/\/www.france-culinaire.com\/en\/\"},{\"@type\":\"ListItem\",\"position\":2,\"name\":\"Boutique\",\"item\":\"https:\/\/www.france-culinaire.com\/boutique-2\/\"},{\"@type\":\"ListItem\",\"position\":3,\"name\":\"Velout\u00e9 l\u00e9gumes du soleil\"}]},{\"@type\":\"WebSite\",\"@id\":\"https:\/\/www.france-culinaire.com\/#website\",\"url\":\"https:\/\/www.france-culinaire.com\/\",\"name\":\"France Culinaire D\u00e9veloppement\",\"description\":\"L\u2019aromatisation sur mesure\",\"potentialAction\":[{\"@type\":\"SearchAction\",\"target\":{\"@type\":\"EntryPoint\",\"urlTemplate\":\"https:\/\/www.france-culinaire.com\/?s={search_term_string}\"},\"query-input\":{\"@type\":\"PropertyValueSpecification\",\"valueRequired\":true,\"valueName\":\"search_term_string\"}}],\"inLanguage\":\"en-US\"}]}<\/script>\n<!-- \/ Yoast SEO plugin. -->","yoast_head_json":{"title":"Velout\u00e9 l\u00e9gumes du soleil - France Culinaire D\u00e9veloppement","robots":{"index":"index","follow":"follow","max-snippet":"max-snippet:-1","max-image-preview":"max-image-preview:large","max-video-preview":"max-video-preview:-1"},"canonical":"https:\/\/www.france-culinaire.com\/product\/veloute_legumes_du_soleil_4620\/","og_locale":"en_US","og_type":"article","og_title":"Velout\u00e9 l\u00e9gumes du soleil - France Culinaire D\u00e9veloppement","og_description":"Pr\u00e9paration de base pour velout\u00e9.","og_url":"https:\/\/www.france-culinaire.com\/product\/veloute_legumes_du_soleil_4620\/","og_site_name":"France Culinaire D\u00e9veloppement","article_modified_time":"2020-05-15T07:58:23+00:00","og_image":[{"width":348,"height":571,"url":"https:\/\/www.france-culinaire.com\/app\/uploads\/2019\/10\/velout_..png","type":"image\/png"}],"twitter_card":"summary_large_image","schema":{"@context":"https:\/\/schema.org","@graph":[{"@type":"WebPage","@id":"https:\/\/www.france-culinaire.com\/product\/veloute_legumes_du_soleil_4620\/","url":"https:\/\/www.france-culinaire.com\/product\/veloute_legumes_du_soleil_4620\/","name":"Velout\u00e9 l\u00e9gumes du soleil - France Culinaire D\u00e9veloppement","isPartOf":{"@id":"https:\/\/www.france-culinaire.com\/#website"},"primaryImageOfPage":{"@id":"https:\/\/www.france-culinaire.com\/product\/veloute_legumes_du_soleil_4620\/#primaryimage"},"image":{"@id":"https:\/\/www.france-culinaire.com\/product\/veloute_legumes_du_soleil_4620\/#primaryimage"},"thumbnailUrl":"https:\/\/www.france-culinaire.com\/app\/uploads\/2019\/10\/velout_..png","datePublished":"2019-10-08T12:34:35+00:00","dateModified":"2020-05-15T07:58:23+00:00","breadcrumb":{"@id":"https:\/\/www.france-culinaire.com\/product\/veloute_legumes_du_soleil_4620\/#breadcrumb"},"inLanguage":"en-US","potentialAction":[{"@type":"ReadAction","target":["https:\/\/www.france-culinaire.com\/product\/veloute_legumes_du_soleil_4620\/"]}]},{"@type":"ImageObject","inLanguage":"en-US","@id":"https:\/\/www.france-culinaire.com\/product\/veloute_legumes_du_soleil_4620\/#primaryimage","url":"https:\/\/www.france-culinaire.com\/app\/uploads\/2019\/10\/velout_..png","contentUrl":"https:\/\/www.france-culinaire.com\/app\/uploads\/2019\/10\/velout_..png","width":348,"height":571},{"@type":"BreadcrumbList","@id":"https:\/\/www.france-culinaire.com\/product\/veloute_legumes_du_soleil_4620\/#breadcrumb","itemListElement":[{"@type":"ListItem","position":1,"name":"Home","item":"https:\/\/www.france-culinaire.com\/en\/"},{"@type":"ListItem","position":2,"name":"Boutique","item":"https:\/\/www.france-culinaire.com\/boutique-2\/"},{"@type":"ListItem","position":3,"name":"Velout\u00e9 l\u00e9gumes du soleil"}]},{"@type":"WebSite","@id":"https:\/\/www.france-culinaire.com\/#website","url":"https:\/\/www.france-culinaire.com\/","name":"France Culinaire D\u00e9veloppement","description":"L\u2019aromatisation sur mesure","potentialAction":[{"@type":"SearchAction","target":{"@type":"EntryPoint","urlTemplate":"https:\/\/www.france-culinaire.com\/?s={search_term_string}"},"query-input":{"@type":"PropertyValueSpecification","valueRequired":true,"valueName":"search_term_string"}}],"inLanguage":"en-US"}]}},"_links":{"self":[{"href":"https:\/\/www.france-culinaire.com\/en\/wp-json\/wp\/v2\/product\/1912","targetHints":{"allow":["GET"]}}],"collection":[{"href":"https:\/\/www.france-culinaire.com\/en\/wp-json\/wp\/v2\/product"}],"about":[{"href":"https:\/\/www.france-culinaire.com\/en\/wp-json\/wp\/v2\/types\/product"}],"wp:featuredmedia":[{"embeddable":true,"href":"https:\/\/www.france-culinaire.com\/en\/wp-json\/wp\/v2\/media\/2239"}],"wp:attachment":[{"href":"https:\/\/www.france-culinaire.com\/en\/wp-json\/wp\/v2\/media?parent=1912"}],"wp:term":[{"taxonomy":"product_brand","embeddable":true,"href":"https:\/\/www.france-culinaire.com\/en\/wp-json\/wp\/v2\/product_brand?post=1912"},{"taxonomy":"product_type","embeddable":true,"href":"https:\/\/www.france-culinaire.com\/en\/wp-json\/wp\/v2\/product_type?post=1912"},{"taxonomy":"product_visibility","embeddable":true,"href":"https:\/\/www.france-culinaire.com\/en\/wp-json\/wp\/v2\/product_visibility?post=1912"},{"taxonomy":"product_cat","embeddable":true,"href":"https:\/\/www.france-culinaire.com\/en\/wp-json\/wp\/v2\/product_cat?post=1912"}],"curies":[{"name":"wp","href":"https:\/\/api.w.org\/{rel}","templated":true}]}}