{"id":1911,"date":"2019-10-08T14:28:09","date_gmt":"2019-10-08T12:28:09","guid":{"rendered":"https:\/\/www.france-culinaire.com\/?post_type=product&#038;p=1911"},"modified":"2020-05-15T09:58:02","modified_gmt":"2020-05-15T07:58:02","slug":"veloute_instantane_de_carotte_cuisinee_4618","status":"publish","type":"product","link":"https:\/\/www.france-culinaire.com\/en\/product\/veloute_instantane_de_carotte_cuisinee_4618\/","title":{"rendered":"Velout\u00e9 instantan\u00e9 de carotte cuisin\u00e9e"},"content":{"rendered":"\n<p><strong>Pr\u00e9paration de base d\u00e9shydrat\u00e9e.<\/strong><\/p>\n<p>La pr\u00e9paration velout\u00e9 de carotte cuisin\u00e9e est un velout\u00e9 d\u00e9shydrat\u00e9, pr\u00eat \u00e0 l&#8217;emploi, il apporte une saveur de carotte et une couleur orange. Fabriqu\u00e9 en France.\n<\/p>\n<p><strong>Dose d&#8217;utilisation : 80 g par litre d\u2019eau.<\/strong><\/p>\n","protected":false},"excerpt":{"rendered":"<p>Pr\u00e9paration de base pour velout\u00e9.<\/p>\n","protected":false},"featured_media":2269,"template":"","meta":[],"product_brand":[],"product_type":[2],"product_visibility":[],"product_cat":[888],"class_list":{"0":"post-1911","1":"product","2":"type-product","3":"status-publish","4":"has-post-thumbnail","6":"product_cat-produits-produitsprparations-culinairespotages-et-pures","7":"product_tag-carotte","8":"product_tag-deshydrate","9":"product_tag-instantanee","10":"product_tag-potage","11":"product_tag-poudre","12":"product_tag-veloute","14":"first","15":"instock","16":"shipping-taxable","17":"product-type-simple"},"acf":{"fiche_technique":"","fiche_methode":""},"yoast_head":"<!-- This site is optimized with the Yoast SEO plugin v27.1.1 - https:\/\/yoast.com\/product\/yoast-seo-wordpress\/ -->\n<title>Velout\u00e9 instantan\u00e9 de carotte cuisin\u00e9e - France Culinaire D\u00e9veloppement<\/title>\n<meta name=\"robots\" content=\"index, follow, max-snippet:-1, max-image-preview:large, max-video-preview:-1\" \/>\n<link rel=\"canonical\" href=\"https:\/\/www.france-culinaire.com\/product\/veloute_instantane_de_carotte_cuisinee_4618\/\" \/>\n<meta property=\"og:locale\" content=\"en_US\" \/>\n<meta property=\"og:type\" content=\"article\" \/>\n<meta property=\"og:title\" content=\"Velout\u00e9 instantan\u00e9 de carotte cuisin\u00e9e - France Culinaire D\u00e9veloppement\" \/>\n<meta property=\"og:description\" content=\"Pr\u00e9paration de base pour velout\u00e9.\" \/>\n<meta property=\"og:url\" content=\"https:\/\/www.france-culinaire.com\/product\/veloute_instantane_de_carotte_cuisinee_4618\/\" \/>\n<meta property=\"og:site_name\" content=\"France Culinaire D\u00e9veloppement\" \/>\n<meta property=\"article:modified_time\" content=\"2020-05-15T07:58:02+00:00\" \/>\n<meta property=\"og:image\" content=\"https:\/\/www.france-culinaire.com\/app\/uploads\/2019\/10\/soupe_carotte..png\" \/>\n\t<meta property=\"og:image:width\" content=\"400\" \/>\n\t<meta property=\"og:image:height\" content=\"598\" \/>\n\t<meta property=\"og:image:type\" content=\"image\/png\" \/>\n<meta name=\"twitter:card\" content=\"summary_large_image\" \/>\n<script type=\"application\/ld+json\" class=\"yoast-schema-graph\">{\"@context\":\"https:\/\/schema.org\",\"@graph\":[{\"@type\":\"WebPage\",\"@id\":\"https:\/\/www.france-culinaire.com\/product\/veloute_instantane_de_carotte_cuisinee_4618\/\",\"url\":\"https:\/\/www.france-culinaire.com\/product\/veloute_instantane_de_carotte_cuisinee_4618\/\",\"name\":\"Velout\u00e9 instantan\u00e9 de carotte cuisin\u00e9e - France Culinaire D\u00e9veloppement\",\"isPartOf\":{\"@id\":\"https:\/\/www.france-culinaire.com\/#website\"},\"primaryImageOfPage\":{\"@id\":\"https:\/\/www.france-culinaire.com\/product\/veloute_instantane_de_carotte_cuisinee_4618\/#primaryimage\"},\"image\":{\"@id\":\"https:\/\/www.france-culinaire.com\/product\/veloute_instantane_de_carotte_cuisinee_4618\/#primaryimage\"},\"thumbnailUrl\":\"https:\/\/www.france-culinaire.com\/app\/uploads\/2019\/10\/soupe_carotte..png\",\"datePublished\":\"2019-10-08T12:28:09+00:00\",\"dateModified\":\"2020-05-15T07:58:02+00:00\",\"breadcrumb\":{\"@id\":\"https:\/\/www.france-culinaire.com\/product\/veloute_instantane_de_carotte_cuisinee_4618\/#breadcrumb\"},\"inLanguage\":\"en-US\",\"potentialAction\":[{\"@type\":\"ReadAction\",\"target\":[\"https:\/\/www.france-culinaire.com\/product\/veloute_instantane_de_carotte_cuisinee_4618\/\"]}]},{\"@type\":\"ImageObject\",\"inLanguage\":\"en-US\",\"@id\":\"https:\/\/www.france-culinaire.com\/product\/veloute_instantane_de_carotte_cuisinee_4618\/#primaryimage\",\"url\":\"https:\/\/www.france-culinaire.com\/app\/uploads\/2019\/10\/soupe_carotte..png\",\"contentUrl\":\"https:\/\/www.france-culinaire.com\/app\/uploads\/2019\/10\/soupe_carotte..png\",\"width\":400,\"height\":598},{\"@type\":\"BreadcrumbList\",\"@id\":\"https:\/\/www.france-culinaire.com\/product\/veloute_instantane_de_carotte_cuisinee_4618\/#breadcrumb\",\"itemListElement\":[{\"@type\":\"ListItem\",\"position\":1,\"name\":\"Home\",\"item\":\"https:\/\/www.france-culinaire.com\/en\/\"},{\"@type\":\"ListItem\",\"position\":2,\"name\":\"Boutique\",\"item\":\"https:\/\/www.france-culinaire.com\/boutique-2\/\"},{\"@type\":\"ListItem\",\"position\":3,\"name\":\"Velout\u00e9 instantan\u00e9 de carotte cuisin\u00e9e\"}]},{\"@type\":\"WebSite\",\"@id\":\"https:\/\/www.france-culinaire.com\/#website\",\"url\":\"https:\/\/www.france-culinaire.com\/\",\"name\":\"France Culinaire D\u00e9veloppement\",\"description\":\"L\u2019aromatisation sur mesure\",\"potentialAction\":[{\"@type\":\"SearchAction\",\"target\":{\"@type\":\"EntryPoint\",\"urlTemplate\":\"https:\/\/www.france-culinaire.com\/?s={search_term_string}\"},\"query-input\":{\"@type\":\"PropertyValueSpecification\",\"valueRequired\":true,\"valueName\":\"search_term_string\"}}],\"inLanguage\":\"en-US\"}]}<\/script>\n<!-- \/ Yoast SEO plugin. -->","yoast_head_json":{"title":"Velout\u00e9 instantan\u00e9 de carotte cuisin\u00e9e - France Culinaire D\u00e9veloppement","robots":{"index":"index","follow":"follow","max-snippet":"max-snippet:-1","max-image-preview":"max-image-preview:large","max-video-preview":"max-video-preview:-1"},"canonical":"https:\/\/www.france-culinaire.com\/product\/veloute_instantane_de_carotte_cuisinee_4618\/","og_locale":"en_US","og_type":"article","og_title":"Velout\u00e9 instantan\u00e9 de carotte cuisin\u00e9e - France Culinaire D\u00e9veloppement","og_description":"Pr\u00e9paration de base pour velout\u00e9.","og_url":"https:\/\/www.france-culinaire.com\/product\/veloute_instantane_de_carotte_cuisinee_4618\/","og_site_name":"France Culinaire D\u00e9veloppement","article_modified_time":"2020-05-15T07:58:02+00:00","og_image":[{"width":400,"height":598,"url":"https:\/\/www.france-culinaire.com\/app\/uploads\/2019\/10\/soupe_carotte..png","type":"image\/png"}],"twitter_card":"summary_large_image","schema":{"@context":"https:\/\/schema.org","@graph":[{"@type":"WebPage","@id":"https:\/\/www.france-culinaire.com\/product\/veloute_instantane_de_carotte_cuisinee_4618\/","url":"https:\/\/www.france-culinaire.com\/product\/veloute_instantane_de_carotte_cuisinee_4618\/","name":"Velout\u00e9 instantan\u00e9 de carotte cuisin\u00e9e - France Culinaire D\u00e9veloppement","isPartOf":{"@id":"https:\/\/www.france-culinaire.com\/#website"},"primaryImageOfPage":{"@id":"https:\/\/www.france-culinaire.com\/product\/veloute_instantane_de_carotte_cuisinee_4618\/#primaryimage"},"image":{"@id":"https:\/\/www.france-culinaire.com\/product\/veloute_instantane_de_carotte_cuisinee_4618\/#primaryimage"},"thumbnailUrl":"https:\/\/www.france-culinaire.com\/app\/uploads\/2019\/10\/soupe_carotte..png","datePublished":"2019-10-08T12:28:09+00:00","dateModified":"2020-05-15T07:58:02+00:00","breadcrumb":{"@id":"https:\/\/www.france-culinaire.com\/product\/veloute_instantane_de_carotte_cuisinee_4618\/#breadcrumb"},"inLanguage":"en-US","potentialAction":[{"@type":"ReadAction","target":["https:\/\/www.france-culinaire.com\/product\/veloute_instantane_de_carotte_cuisinee_4618\/"]}]},{"@type":"ImageObject","inLanguage":"en-US","@id":"https:\/\/www.france-culinaire.com\/product\/veloute_instantane_de_carotte_cuisinee_4618\/#primaryimage","url":"https:\/\/www.france-culinaire.com\/app\/uploads\/2019\/10\/soupe_carotte..png","contentUrl":"https:\/\/www.france-culinaire.com\/app\/uploads\/2019\/10\/soupe_carotte..png","width":400,"height":598},{"@type":"BreadcrumbList","@id":"https:\/\/www.france-culinaire.com\/product\/veloute_instantane_de_carotte_cuisinee_4618\/#breadcrumb","itemListElement":[{"@type":"ListItem","position":1,"name":"Home","item":"https:\/\/www.france-culinaire.com\/en\/"},{"@type":"ListItem","position":2,"name":"Boutique","item":"https:\/\/www.france-culinaire.com\/boutique-2\/"},{"@type":"ListItem","position":3,"name":"Velout\u00e9 instantan\u00e9 de carotte cuisin\u00e9e"}]},{"@type":"WebSite","@id":"https:\/\/www.france-culinaire.com\/#website","url":"https:\/\/www.france-culinaire.com\/","name":"France Culinaire D\u00e9veloppement","description":"L\u2019aromatisation sur mesure","potentialAction":[{"@type":"SearchAction","target":{"@type":"EntryPoint","urlTemplate":"https:\/\/www.france-culinaire.com\/?s={search_term_string}"},"query-input":{"@type":"PropertyValueSpecification","valueRequired":true,"valueName":"search_term_string"}}],"inLanguage":"en-US"}]}},"_links":{"self":[{"href":"https:\/\/www.france-culinaire.com\/en\/wp-json\/wp\/v2\/product\/1911","targetHints":{"allow":["GET"]}}],"collection":[{"href":"https:\/\/www.france-culinaire.com\/en\/wp-json\/wp\/v2\/product"}],"about":[{"href":"https:\/\/www.france-culinaire.com\/en\/wp-json\/wp\/v2\/types\/product"}],"wp:featuredmedia":[{"embeddable":true,"href":"https:\/\/www.france-culinaire.com\/en\/wp-json\/wp\/v2\/media\/2269"}],"wp:attachment":[{"href":"https:\/\/www.france-culinaire.com\/en\/wp-json\/wp\/v2\/media?parent=1911"}],"wp:term":[{"taxonomy":"product_brand","embeddable":true,"href":"https:\/\/www.france-culinaire.com\/en\/wp-json\/wp\/v2\/product_brand?post=1911"},{"taxonomy":"product_type","embeddable":true,"href":"https:\/\/www.france-culinaire.com\/en\/wp-json\/wp\/v2\/product_type?post=1911"},{"taxonomy":"product_visibility","embeddable":true,"href":"https:\/\/www.france-culinaire.com\/en\/wp-json\/wp\/v2\/product_visibility?post=1911"},{"taxonomy":"product_cat","embeddable":true,"href":"https:\/\/www.france-culinaire.com\/en\/wp-json\/wp\/v2\/product_cat?post=1911"}],"curies":[{"name":"wp","href":"https:\/\/api.w.org\/{rel}","templated":true}]}}