{"id":1872,"date":"2019-10-04T11:50:12","date_gmt":"2019-10-04T09:50:12","guid":{"rendered":"https:\/\/www.france-culinaire.com\/?post_type=product&#038;p=1872"},"modified":"2019-12-03T18:18:38","modified_gmt":"2019-12-03T16:18:38","slug":"arome-naturel-selarome-coriandre","status":"publish","type":"product","link":"https:\/\/www.france-culinaire.com\/en\/product\/arome-naturel-selarome-coriandre\/","title":{"rendered":"Ar\u00f4me naturel de coriandre"},"content":{"rendered":"\n<p><strong>Ar\u00f4me naturel en poudre.<\/strong><\/p>\n<p>L&#8217;ar\u00f4me naturel de coriandre apporte une flaveur caract\u00e9ristique de la coriandre, de couleur blanche. Cet ar\u00f4me naturel est fabriqu\u00e9 en France.<\/p>\n<p><strong>Dose d&#8217;utilisation : \u00e0 adapter selon usage.<\/strong><\/p>\n","protected":false},"excerpt":{"rendered":"<\/p>\n","protected":false},"featured_media":2219,"template":"","meta":[],"product_brand":[],"product_type":[2],"product_visibility":[],"product_cat":[15],"class_list":{"0":"post-1872","1":"product","2":"type-product","3":"status-publish","4":"has-post-thumbnail","6":"product_cat-uncategorized","7":"product_tag-aromatique","8":"product_tag-arome","9":"product_tag-coriandre","10":"product_tag-naturel","11":"product_tag-poudre","12":"product_tag-selarome","14":"first","15":"instock","16":"shipping-taxable","17":"product-type-simple"},"acf":{"fiche_technique":"","fiche_methode":""},"yoast_head":"<!-- This site is optimized with the Yoast SEO plugin v27.1.1 - https:\/\/yoast.com\/product\/yoast-seo-wordpress\/ -->\n<title>Ar\u00f4me naturel de coriandre - France Culinaire D\u00e9veloppement<\/title>\n<meta name=\"robots\" content=\"index, follow, max-snippet:-1, max-image-preview:large, max-video-preview:-1\" \/>\n<link rel=\"canonical\" href=\"https:\/\/www.france-culinaire.com\/product\/arome-naturel-selarome-coriandre\/\" \/>\n<meta property=\"og:locale\" content=\"en_US\" \/>\n<meta property=\"og:type\" content=\"article\" \/>\n<meta property=\"og:title\" content=\"Ar\u00f4me naturel de coriandre - France Culinaire D\u00e9veloppement\" \/>\n<meta property=\"og:url\" content=\"https:\/\/www.france-culinaire.com\/product\/arome-naturel-selarome-coriandre\/\" \/>\n<meta property=\"og:site_name\" content=\"France Culinaire D\u00e9veloppement\" \/>\n<meta property=\"article:modified_time\" content=\"2019-12-03T16:18:38+00:00\" \/>\n<meta property=\"og:image\" content=\"https:\/\/www.france-culinaire.com\/app\/uploads\/2019\/10\/aromates.png\" \/>\n\t<meta property=\"og:image:width\" content=\"229\" \/>\n\t<meta property=\"og:image:height\" content=\"327\" \/>\n\t<meta property=\"og:image:type\" content=\"image\/png\" \/>\n<meta name=\"twitter:card\" content=\"summary_large_image\" \/>\n<script type=\"application\/ld+json\" class=\"yoast-schema-graph\">{\"@context\":\"https:\/\/schema.org\",\"@graph\":[{\"@type\":\"WebPage\",\"@id\":\"https:\/\/www.france-culinaire.com\/product\/arome-naturel-selarome-coriandre\/\",\"url\":\"https:\/\/www.france-culinaire.com\/product\/arome-naturel-selarome-coriandre\/\",\"name\":\"Ar\u00f4me naturel de coriandre - France Culinaire D\u00e9veloppement\",\"isPartOf\":{\"@id\":\"https:\/\/www.france-culinaire.com\/#website\"},\"primaryImageOfPage\":{\"@id\":\"https:\/\/www.france-culinaire.com\/product\/arome-naturel-selarome-coriandre\/#primaryimage\"},\"image\":{\"@id\":\"https:\/\/www.france-culinaire.com\/product\/arome-naturel-selarome-coriandre\/#primaryimage\"},\"thumbnailUrl\":\"https:\/\/www.france-culinaire.com\/app\/uploads\/2019\/10\/aromates.png\",\"datePublished\":\"2019-10-04T09:50:12+00:00\",\"dateModified\":\"2019-12-03T16:18:38+00:00\",\"breadcrumb\":{\"@id\":\"https:\/\/www.france-culinaire.com\/product\/arome-naturel-selarome-coriandre\/#breadcrumb\"},\"inLanguage\":\"en-US\",\"potentialAction\":[{\"@type\":\"ReadAction\",\"target\":[\"https:\/\/www.france-culinaire.com\/product\/arome-naturel-selarome-coriandre\/\"]}]},{\"@type\":\"ImageObject\",\"inLanguage\":\"en-US\",\"@id\":\"https:\/\/www.france-culinaire.com\/product\/arome-naturel-selarome-coriandre\/#primaryimage\",\"url\":\"https:\/\/www.france-culinaire.com\/app\/uploads\/2019\/10\/aromates.png\",\"contentUrl\":\"https:\/\/www.france-culinaire.com\/app\/uploads\/2019\/10\/aromates.png\",\"width\":229,\"height\":327},{\"@type\":\"BreadcrumbList\",\"@id\":\"https:\/\/www.france-culinaire.com\/product\/arome-naturel-selarome-coriandre\/#breadcrumb\",\"itemListElement\":[{\"@type\":\"ListItem\",\"position\":1,\"name\":\"Home\",\"item\":\"https:\/\/www.france-culinaire.com\/en\/\"},{\"@type\":\"ListItem\",\"position\":2,\"name\":\"Boutique\",\"item\":\"https:\/\/www.france-culinaire.com\/boutique-2\/\"},{\"@type\":\"ListItem\",\"position\":3,\"name\":\"Ar\u00f4me naturel de coriandre\"}]},{\"@type\":\"WebSite\",\"@id\":\"https:\/\/www.france-culinaire.com\/#website\",\"url\":\"https:\/\/www.france-culinaire.com\/\",\"name\":\"France Culinaire D\u00e9veloppement\",\"description\":\"L\u2019aromatisation sur mesure\",\"potentialAction\":[{\"@type\":\"SearchAction\",\"target\":{\"@type\":\"EntryPoint\",\"urlTemplate\":\"https:\/\/www.france-culinaire.com\/?s={search_term_string}\"},\"query-input\":{\"@type\":\"PropertyValueSpecification\",\"valueRequired\":true,\"valueName\":\"search_term_string\"}}],\"inLanguage\":\"en-US\"}]}<\/script>\n<!-- \/ Yoast SEO plugin. -->","yoast_head_json":{"title":"Ar\u00f4me naturel de coriandre - France Culinaire D\u00e9veloppement","robots":{"index":"index","follow":"follow","max-snippet":"max-snippet:-1","max-image-preview":"max-image-preview:large","max-video-preview":"max-video-preview:-1"},"canonical":"https:\/\/www.france-culinaire.com\/product\/arome-naturel-selarome-coriandre\/","og_locale":"en_US","og_type":"article","og_title":"Ar\u00f4me naturel de coriandre - France Culinaire D\u00e9veloppement","og_url":"https:\/\/www.france-culinaire.com\/product\/arome-naturel-selarome-coriandre\/","og_site_name":"France Culinaire D\u00e9veloppement","article_modified_time":"2019-12-03T16:18:38+00:00","og_image":[{"width":229,"height":327,"url":"https:\/\/www.france-culinaire.com\/app\/uploads\/2019\/10\/aromates.png","type":"image\/png"}],"twitter_card":"summary_large_image","schema":{"@context":"https:\/\/schema.org","@graph":[{"@type":"WebPage","@id":"https:\/\/www.france-culinaire.com\/product\/arome-naturel-selarome-coriandre\/","url":"https:\/\/www.france-culinaire.com\/product\/arome-naturel-selarome-coriandre\/","name":"Ar\u00f4me naturel de coriandre - France Culinaire D\u00e9veloppement","isPartOf":{"@id":"https:\/\/www.france-culinaire.com\/#website"},"primaryImageOfPage":{"@id":"https:\/\/www.france-culinaire.com\/product\/arome-naturel-selarome-coriandre\/#primaryimage"},"image":{"@id":"https:\/\/www.france-culinaire.com\/product\/arome-naturel-selarome-coriandre\/#primaryimage"},"thumbnailUrl":"https:\/\/www.france-culinaire.com\/app\/uploads\/2019\/10\/aromates.png","datePublished":"2019-10-04T09:50:12+00:00","dateModified":"2019-12-03T16:18:38+00:00","breadcrumb":{"@id":"https:\/\/www.france-culinaire.com\/product\/arome-naturel-selarome-coriandre\/#breadcrumb"},"inLanguage":"en-US","potentialAction":[{"@type":"ReadAction","target":["https:\/\/www.france-culinaire.com\/product\/arome-naturel-selarome-coriandre\/"]}]},{"@type":"ImageObject","inLanguage":"en-US","@id":"https:\/\/www.france-culinaire.com\/product\/arome-naturel-selarome-coriandre\/#primaryimage","url":"https:\/\/www.france-culinaire.com\/app\/uploads\/2019\/10\/aromates.png","contentUrl":"https:\/\/www.france-culinaire.com\/app\/uploads\/2019\/10\/aromates.png","width":229,"height":327},{"@type":"BreadcrumbList","@id":"https:\/\/www.france-culinaire.com\/product\/arome-naturel-selarome-coriandre\/#breadcrumb","itemListElement":[{"@type":"ListItem","position":1,"name":"Home","item":"https:\/\/www.france-culinaire.com\/en\/"},{"@type":"ListItem","position":2,"name":"Boutique","item":"https:\/\/www.france-culinaire.com\/boutique-2\/"},{"@type":"ListItem","position":3,"name":"Ar\u00f4me naturel de coriandre"}]},{"@type":"WebSite","@id":"https:\/\/www.france-culinaire.com\/#website","url":"https:\/\/www.france-culinaire.com\/","name":"France Culinaire D\u00e9veloppement","description":"L\u2019aromatisation sur mesure","potentialAction":[{"@type":"SearchAction","target":{"@type":"EntryPoint","urlTemplate":"https:\/\/www.france-culinaire.com\/?s={search_term_string}"},"query-input":{"@type":"PropertyValueSpecification","valueRequired":true,"valueName":"search_term_string"}}],"inLanguage":"en-US"}]}},"_links":{"self":[{"href":"https:\/\/www.france-culinaire.com\/en\/wp-json\/wp\/v2\/product\/1872","targetHints":{"allow":["GET"]}}],"collection":[{"href":"https:\/\/www.france-culinaire.com\/en\/wp-json\/wp\/v2\/product"}],"about":[{"href":"https:\/\/www.france-culinaire.com\/en\/wp-json\/wp\/v2\/types\/product"}],"wp:featuredmedia":[{"embeddable":true,"href":"https:\/\/www.france-culinaire.com\/en\/wp-json\/wp\/v2\/media\/2219"}],"wp:attachment":[{"href":"https:\/\/www.france-culinaire.com\/en\/wp-json\/wp\/v2\/media?parent=1872"}],"wp:term":[{"taxonomy":"product_brand","embeddable":true,"href":"https:\/\/www.france-culinaire.com\/en\/wp-json\/wp\/v2\/product_brand?post=1872"},{"taxonomy":"product_type","embeddable":true,"href":"https:\/\/www.france-culinaire.com\/en\/wp-json\/wp\/v2\/product_type?post=1872"},{"taxonomy":"product_visibility","embeddable":true,"href":"https:\/\/www.france-culinaire.com\/en\/wp-json\/wp\/v2\/product_visibility?post=1872"},{"taxonomy":"product_cat","embeddable":true,"href":"https:\/\/www.france-culinaire.com\/en\/wp-json\/wp\/v2\/product_cat?post=1872"}],"curies":[{"name":"wp","href":"https:\/\/api.w.org\/{rel}","templated":true}]}}