{"id":1871,"date":"2019-10-04T11:47:50","date_gmt":"2019-10-04T09:47:50","guid":{"rendered":"https:\/\/www.france-culinaire.com\/?post_type=product&#038;p=1871"},"modified":"2019-12-03T18:17:32","modified_gmt":"2019-12-03T16:17:32","slug":"arome-truffe","status":"publish","type":"product","link":"https:\/\/www.france-culinaire.com\/en\/product\/arome-truffe\/","title":{"rendered":"Ar\u00f4me truffe"},"content":{"rendered":"\n<p><strong>Ar\u00f4me en poudre.<\/strong><\/p>\n<p>L&#8217;ar\u00f4me truffe apporte une flaveur caract\u00e9ristique de la truffe, de couleur beige. Cet ar\u00f4me est fabriqu\u00e9 en France.<\/p>\n<p><strong>Dosage conseill\u00e9 : 0.5 \u00e0 1 %<\/strong><\/p>\n","protected":false},"excerpt":{"rendered":"<\/p>\n","protected":false},"featured_media":2266,"template":"","meta":[],"product_brand":[],"product_type":[2],"product_visibility":[],"product_cat":[770],"class_list":{"0":"post-1871","1":"product","2":"type-product","3":"status-publish","4":"has-post-thumbnail","6":"product_cat-produitsaromes-naturels","7":"product_tag-arome","8":"product_tag-champignon","9":"product_tag-poudre","10":"product_tag-truffe","12":"first","13":"instock","14":"shipping-taxable","15":"product-type-simple"},"acf":{"fiche_technique":"","fiche_methode":""},"yoast_head":"<!-- This site is optimized with the Yoast SEO plugin v27.1.1 - https:\/\/yoast.com\/product\/yoast-seo-wordpress\/ -->\n<title>Ar\u00f4me truffe - France Culinaire D\u00e9veloppement<\/title>\n<meta name=\"robots\" content=\"index, follow, max-snippet:-1, max-image-preview:large, max-video-preview:-1\" \/>\n<link rel=\"canonical\" href=\"https:\/\/www.france-culinaire.com\/product\/arome-truffe\/\" \/>\n<meta property=\"og:locale\" content=\"en_US\" \/>\n<meta property=\"og:type\" content=\"article\" \/>\n<meta property=\"og:title\" content=\"Ar\u00f4me truffe - France Culinaire D\u00e9veloppement\" \/>\n<meta property=\"og:url\" content=\"https:\/\/www.france-culinaire.com\/product\/arome-truffe\/\" \/>\n<meta property=\"og:site_name\" content=\"France Culinaire D\u00e9veloppement\" \/>\n<meta property=\"article:modified_time\" content=\"2019-12-03T16:17:32+00:00\" \/>\n<meta property=\"og:image\" content=\"https:\/\/www.france-culinaire.com\/app\/uploads\/2019\/10\/truffe.png\" \/>\n\t<meta property=\"og:image:width\" content=\"400\" \/>\n\t<meta property=\"og:image:height\" content=\"593\" \/>\n\t<meta property=\"og:image:type\" content=\"image\/png\" \/>\n<meta name=\"twitter:card\" content=\"summary_large_image\" \/>\n<script type=\"application\/ld+json\" class=\"yoast-schema-graph\">{\"@context\":\"https:\/\/schema.org\",\"@graph\":[{\"@type\":\"WebPage\",\"@id\":\"https:\/\/www.france-culinaire.com\/product\/arome-truffe\/\",\"url\":\"https:\/\/www.france-culinaire.com\/product\/arome-truffe\/\",\"name\":\"Ar\u00f4me truffe - France Culinaire D\u00e9veloppement\",\"isPartOf\":{\"@id\":\"https:\/\/www.france-culinaire.com\/#website\"},\"primaryImageOfPage\":{\"@id\":\"https:\/\/www.france-culinaire.com\/product\/arome-truffe\/#primaryimage\"},\"image\":{\"@id\":\"https:\/\/www.france-culinaire.com\/product\/arome-truffe\/#primaryimage\"},\"thumbnailUrl\":\"https:\/\/www.france-culinaire.com\/app\/uploads\/2019\/10\/truffe.png\",\"datePublished\":\"2019-10-04T09:47:50+00:00\",\"dateModified\":\"2019-12-03T16:17:32+00:00\",\"breadcrumb\":{\"@id\":\"https:\/\/www.france-culinaire.com\/product\/arome-truffe\/#breadcrumb\"},\"inLanguage\":\"en-US\",\"potentialAction\":[{\"@type\":\"ReadAction\",\"target\":[\"https:\/\/www.france-culinaire.com\/product\/arome-truffe\/\"]}]},{\"@type\":\"ImageObject\",\"inLanguage\":\"en-US\",\"@id\":\"https:\/\/www.france-culinaire.com\/product\/arome-truffe\/#primaryimage\",\"url\":\"https:\/\/www.france-culinaire.com\/app\/uploads\/2019\/10\/truffe.png\",\"contentUrl\":\"https:\/\/www.france-culinaire.com\/app\/uploads\/2019\/10\/truffe.png\",\"width\":400,\"height\":593},{\"@type\":\"BreadcrumbList\",\"@id\":\"https:\/\/www.france-culinaire.com\/product\/arome-truffe\/#breadcrumb\",\"itemListElement\":[{\"@type\":\"ListItem\",\"position\":1,\"name\":\"Home\",\"item\":\"https:\/\/www.france-culinaire.com\/en\/\"},{\"@type\":\"ListItem\",\"position\":2,\"name\":\"Boutique\",\"item\":\"https:\/\/www.france-culinaire.com\/boutique-2\/\"},{\"@type\":\"ListItem\",\"position\":3,\"name\":\"Ar\u00f4me truffe\"}]},{\"@type\":\"WebSite\",\"@id\":\"https:\/\/www.france-culinaire.com\/#website\",\"url\":\"https:\/\/www.france-culinaire.com\/\",\"name\":\"France Culinaire D\u00e9veloppement\",\"description\":\"L\u2019aromatisation sur mesure\",\"potentialAction\":[{\"@type\":\"SearchAction\",\"target\":{\"@type\":\"EntryPoint\",\"urlTemplate\":\"https:\/\/www.france-culinaire.com\/?s={search_term_string}\"},\"query-input\":{\"@type\":\"PropertyValueSpecification\",\"valueRequired\":true,\"valueName\":\"search_term_string\"}}],\"inLanguage\":\"en-US\"}]}<\/script>\n<!-- \/ Yoast SEO plugin. -->","yoast_head_json":{"title":"Ar\u00f4me truffe - France Culinaire D\u00e9veloppement","robots":{"index":"index","follow":"follow","max-snippet":"max-snippet:-1","max-image-preview":"max-image-preview:large","max-video-preview":"max-video-preview:-1"},"canonical":"https:\/\/www.france-culinaire.com\/product\/arome-truffe\/","og_locale":"en_US","og_type":"article","og_title":"Ar\u00f4me truffe - France Culinaire D\u00e9veloppement","og_url":"https:\/\/www.france-culinaire.com\/product\/arome-truffe\/","og_site_name":"France Culinaire D\u00e9veloppement","article_modified_time":"2019-12-03T16:17:32+00:00","og_image":[{"width":400,"height":593,"url":"https:\/\/www.france-culinaire.com\/app\/uploads\/2019\/10\/truffe.png","type":"image\/png"}],"twitter_card":"summary_large_image","schema":{"@context":"https:\/\/schema.org","@graph":[{"@type":"WebPage","@id":"https:\/\/www.france-culinaire.com\/product\/arome-truffe\/","url":"https:\/\/www.france-culinaire.com\/product\/arome-truffe\/","name":"Ar\u00f4me truffe - France Culinaire D\u00e9veloppement","isPartOf":{"@id":"https:\/\/www.france-culinaire.com\/#website"},"primaryImageOfPage":{"@id":"https:\/\/www.france-culinaire.com\/product\/arome-truffe\/#primaryimage"},"image":{"@id":"https:\/\/www.france-culinaire.com\/product\/arome-truffe\/#primaryimage"},"thumbnailUrl":"https:\/\/www.france-culinaire.com\/app\/uploads\/2019\/10\/truffe.png","datePublished":"2019-10-04T09:47:50+00:00","dateModified":"2019-12-03T16:17:32+00:00","breadcrumb":{"@id":"https:\/\/www.france-culinaire.com\/product\/arome-truffe\/#breadcrumb"},"inLanguage":"en-US","potentialAction":[{"@type":"ReadAction","target":["https:\/\/www.france-culinaire.com\/product\/arome-truffe\/"]}]},{"@type":"ImageObject","inLanguage":"en-US","@id":"https:\/\/www.france-culinaire.com\/product\/arome-truffe\/#primaryimage","url":"https:\/\/www.france-culinaire.com\/app\/uploads\/2019\/10\/truffe.png","contentUrl":"https:\/\/www.france-culinaire.com\/app\/uploads\/2019\/10\/truffe.png","width":400,"height":593},{"@type":"BreadcrumbList","@id":"https:\/\/www.france-culinaire.com\/product\/arome-truffe\/#breadcrumb","itemListElement":[{"@type":"ListItem","position":1,"name":"Home","item":"https:\/\/www.france-culinaire.com\/en\/"},{"@type":"ListItem","position":2,"name":"Boutique","item":"https:\/\/www.france-culinaire.com\/boutique-2\/"},{"@type":"ListItem","position":3,"name":"Ar\u00f4me truffe"}]},{"@type":"WebSite","@id":"https:\/\/www.france-culinaire.com\/#website","url":"https:\/\/www.france-culinaire.com\/","name":"France Culinaire D\u00e9veloppement","description":"L\u2019aromatisation sur mesure","potentialAction":[{"@type":"SearchAction","target":{"@type":"EntryPoint","urlTemplate":"https:\/\/www.france-culinaire.com\/?s={search_term_string}"},"query-input":{"@type":"PropertyValueSpecification","valueRequired":true,"valueName":"search_term_string"}}],"inLanguage":"en-US"}]}},"_links":{"self":[{"href":"https:\/\/www.france-culinaire.com\/en\/wp-json\/wp\/v2\/product\/1871","targetHints":{"allow":["GET"]}}],"collection":[{"href":"https:\/\/www.france-culinaire.com\/en\/wp-json\/wp\/v2\/product"}],"about":[{"href":"https:\/\/www.france-culinaire.com\/en\/wp-json\/wp\/v2\/types\/product"}],"wp:featuredmedia":[{"embeddable":true,"href":"https:\/\/www.france-culinaire.com\/en\/wp-json\/wp\/v2\/media\/2266"}],"wp:attachment":[{"href":"https:\/\/www.france-culinaire.com\/en\/wp-json\/wp\/v2\/media?parent=1871"}],"wp:term":[{"taxonomy":"product_brand","embeddable":true,"href":"https:\/\/www.france-culinaire.com\/en\/wp-json\/wp\/v2\/product_brand?post=1871"},{"taxonomy":"product_type","embeddable":true,"href":"https:\/\/www.france-culinaire.com\/en\/wp-json\/wp\/v2\/product_type?post=1871"},{"taxonomy":"product_visibility","embeddable":true,"href":"https:\/\/www.france-culinaire.com\/en\/wp-json\/wp\/v2\/product_visibility?post=1871"},{"taxonomy":"product_cat","embeddable":true,"href":"https:\/\/www.france-culinaire.com\/en\/wp-json\/wp\/v2\/product_cat?post=1871"}],"curies":[{"name":"wp","href":"https:\/\/api.w.org\/{rel}","templated":true}]}}