{"id":1163,"date":"2019-08-19T10:53:59","date_gmt":"2019-08-19T08:53:59","guid":{"rendered":"https:\/\/www.france-culinaire.com\/product\/aromatisation-4-epices\/"},"modified":"2021-07-27T16:41:14","modified_gmt":"2021-07-27T14:41:14","slug":"melange_4_epices_3109","status":"publish","type":"product","link":"https:\/\/www.france-culinaire.com\/en\/product\/melange_4_epices_3109\/","title":{"rendered":"M\u00e9lange 4 \u00e9pices"},"content":{"rendered":"<p><strong>Sp\u00e9cialit\u00e9 aromatique en poudre.<\/strong><\/p>\n<p>L&#8217;aromatisation 4 \u00e9pices est une sp\u00e9cialit\u00e9 aromatique compos\u00e9e d&#8217;un m\u00e9lange d&#8217;\u00e9pices (poivre noir, muscade, girofle, gingembre) et est principalement utilis\u00e9e dans les plats de viandes en sauce et cuisine exotique. Elle apporte une flaveur aromatique d&#8217;\u00e9pices et est de couleur brune, elle est fabriqu\u00e9e en France.<\/p>\n<p><strong>Pr\u00e9conisation d&#8217;utilisation : \u00e0 adapter selon usage<\/strong><\/p>\n","protected":false},"excerpt":{"rendered":"<p>Sp\u00e9cialit\u00e9 aromatique note 4 \u00e9pices.<\/p>\n","protected":false},"featured_media":2432,"template":"","meta":[],"product_brand":[],"product_type":[2],"product_visibility":[],"product_cat":[882],"class_list":{"0":"post-1163","1":"product","2":"type-product","3":"status-publish","4":"has-post-thumbnail","6":"product_cat-produits-produitsspcialits-aromatiquesmlanges-dpices","7":"product_tag-aromatique","8":"product_tag-epice","9":"product_tag-gingembre","10":"product_tag-girofle","11":"product_tag-muscade","12":"product_tag-poivre-noir","13":"product_tag-poudre","15":"first","16":"instock","17":"shipping-taxable","18":"product-type-simple"},"acf":{"fiche_technique":"","fiche_methode":""},"yoast_head":"<!-- This site is optimized with the Yoast SEO plugin v27.1.1 - https:\/\/yoast.com\/product\/yoast-seo-wordpress\/ -->\n<title>M\u00e9lange 4 \u00e9pices - France Culinaire D\u00e9veloppement<\/title>\n<meta name=\"robots\" content=\"index, follow, max-snippet:-1, max-image-preview:large, max-video-preview:-1\" \/>\n<link rel=\"canonical\" href=\"https:\/\/www.france-culinaire.com\/product\/melange_4_epices_3109\/\" \/>\n<meta property=\"og:locale\" content=\"en_US\" \/>\n<meta property=\"og:type\" content=\"article\" \/>\n<meta property=\"og:title\" content=\"M\u00e9lange 4 \u00e9pices - France Culinaire D\u00e9veloppement\" \/>\n<meta property=\"og:description\" content=\"Sp\u00e9cialit\u00e9 aromatique note 4 \u00e9pices.\" \/>\n<meta property=\"og:url\" content=\"https:\/\/www.france-culinaire.com\/product\/melange_4_epices_3109\/\" \/>\n<meta property=\"og:site_name\" content=\"France Culinaire D\u00e9veloppement\" \/>\n<meta property=\"article:modified_time\" content=\"2021-07-27T14:41:14+00:00\" \/>\n<meta property=\"og:image\" content=\"https:\/\/www.france-culinaire.com\/app\/uploads\/2019\/11\/4__pices..png\" \/>\n\t<meta property=\"og:image:width\" content=\"376\" \/>\n\t<meta property=\"og:image:height\" content=\"556\" \/>\n\t<meta property=\"og:image:type\" content=\"image\/png\" \/>\n<meta name=\"twitter:card\" content=\"summary_large_image\" \/>\n<script type=\"application\/ld+json\" class=\"yoast-schema-graph\">{\"@context\":\"https:\/\/schema.org\",\"@graph\":[{\"@type\":\"WebPage\",\"@id\":\"https:\/\/www.france-culinaire.com\/product\/melange_4_epices_3109\/\",\"url\":\"https:\/\/www.france-culinaire.com\/product\/melange_4_epices_3109\/\",\"name\":\"M\u00e9lange 4 \u00e9pices - France Culinaire D\u00e9veloppement\",\"isPartOf\":{\"@id\":\"https:\/\/www.france-culinaire.com\/#website\"},\"primaryImageOfPage\":{\"@id\":\"https:\/\/www.france-culinaire.com\/product\/melange_4_epices_3109\/#primaryimage\"},\"image\":{\"@id\":\"https:\/\/www.france-culinaire.com\/product\/melange_4_epices_3109\/#primaryimage\"},\"thumbnailUrl\":\"https:\/\/www.france-culinaire.com\/app\/uploads\/2019\/11\/4__pices..png\",\"datePublished\":\"2019-08-19T08:53:59+00:00\",\"dateModified\":\"2021-07-27T14:41:14+00:00\",\"breadcrumb\":{\"@id\":\"https:\/\/www.france-culinaire.com\/product\/melange_4_epices_3109\/#breadcrumb\"},\"inLanguage\":\"en-US\",\"potentialAction\":[{\"@type\":\"ReadAction\",\"target\":[\"https:\/\/www.france-culinaire.com\/product\/melange_4_epices_3109\/\"]}]},{\"@type\":\"ImageObject\",\"inLanguage\":\"en-US\",\"@id\":\"https:\/\/www.france-culinaire.com\/product\/melange_4_epices_3109\/#primaryimage\",\"url\":\"https:\/\/www.france-culinaire.com\/app\/uploads\/2019\/11\/4__pices..png\",\"contentUrl\":\"https:\/\/www.france-culinaire.com\/app\/uploads\/2019\/11\/4__pices..png\",\"width\":376,\"height\":556},{\"@type\":\"BreadcrumbList\",\"@id\":\"https:\/\/www.france-culinaire.com\/product\/melange_4_epices_3109\/#breadcrumb\",\"itemListElement\":[{\"@type\":\"ListItem\",\"position\":1,\"name\":\"Home\",\"item\":\"https:\/\/www.france-culinaire.com\/en\/\"},{\"@type\":\"ListItem\",\"position\":2,\"name\":\"Boutique\",\"item\":\"https:\/\/www.france-culinaire.com\/boutique-2\/\"},{\"@type\":\"ListItem\",\"position\":3,\"name\":\"M\u00e9lange 4 \u00e9pices\"}]},{\"@type\":\"WebSite\",\"@id\":\"https:\/\/www.france-culinaire.com\/#website\",\"url\":\"https:\/\/www.france-culinaire.com\/\",\"name\":\"France Culinaire D\u00e9veloppement\",\"description\":\"L\u2019aromatisation sur mesure\",\"potentialAction\":[{\"@type\":\"SearchAction\",\"target\":{\"@type\":\"EntryPoint\",\"urlTemplate\":\"https:\/\/www.france-culinaire.com\/?s={search_term_string}\"},\"query-input\":{\"@type\":\"PropertyValueSpecification\",\"valueRequired\":true,\"valueName\":\"search_term_string\"}}],\"inLanguage\":\"en-US\"}]}<\/script>\n<!-- \/ Yoast SEO plugin. -->","yoast_head_json":{"title":"M\u00e9lange 4 \u00e9pices - France Culinaire D\u00e9veloppement","robots":{"index":"index","follow":"follow","max-snippet":"max-snippet:-1","max-image-preview":"max-image-preview:large","max-video-preview":"max-video-preview:-1"},"canonical":"https:\/\/www.france-culinaire.com\/product\/melange_4_epices_3109\/","og_locale":"en_US","og_type":"article","og_title":"M\u00e9lange 4 \u00e9pices - France Culinaire D\u00e9veloppement","og_description":"Sp\u00e9cialit\u00e9 aromatique note 4 \u00e9pices.","og_url":"https:\/\/www.france-culinaire.com\/product\/melange_4_epices_3109\/","og_site_name":"France Culinaire D\u00e9veloppement","article_modified_time":"2021-07-27T14:41:14+00:00","og_image":[{"width":376,"height":556,"url":"https:\/\/www.france-culinaire.com\/app\/uploads\/2019\/11\/4__pices..png","type":"image\/png"}],"twitter_card":"summary_large_image","schema":{"@context":"https:\/\/schema.org","@graph":[{"@type":"WebPage","@id":"https:\/\/www.france-culinaire.com\/product\/melange_4_epices_3109\/","url":"https:\/\/www.france-culinaire.com\/product\/melange_4_epices_3109\/","name":"M\u00e9lange 4 \u00e9pices - France Culinaire D\u00e9veloppement","isPartOf":{"@id":"https:\/\/www.france-culinaire.com\/#website"},"primaryImageOfPage":{"@id":"https:\/\/www.france-culinaire.com\/product\/melange_4_epices_3109\/#primaryimage"},"image":{"@id":"https:\/\/www.france-culinaire.com\/product\/melange_4_epices_3109\/#primaryimage"},"thumbnailUrl":"https:\/\/www.france-culinaire.com\/app\/uploads\/2019\/11\/4__pices..png","datePublished":"2019-08-19T08:53:59+00:00","dateModified":"2021-07-27T14:41:14+00:00","breadcrumb":{"@id":"https:\/\/www.france-culinaire.com\/product\/melange_4_epices_3109\/#breadcrumb"},"inLanguage":"en-US","potentialAction":[{"@type":"ReadAction","target":["https:\/\/www.france-culinaire.com\/product\/melange_4_epices_3109\/"]}]},{"@type":"ImageObject","inLanguage":"en-US","@id":"https:\/\/www.france-culinaire.com\/product\/melange_4_epices_3109\/#primaryimage","url":"https:\/\/www.france-culinaire.com\/app\/uploads\/2019\/11\/4__pices..png","contentUrl":"https:\/\/www.france-culinaire.com\/app\/uploads\/2019\/11\/4__pices..png","width":376,"height":556},{"@type":"BreadcrumbList","@id":"https:\/\/www.france-culinaire.com\/product\/melange_4_epices_3109\/#breadcrumb","itemListElement":[{"@type":"ListItem","position":1,"name":"Home","item":"https:\/\/www.france-culinaire.com\/en\/"},{"@type":"ListItem","position":2,"name":"Boutique","item":"https:\/\/www.france-culinaire.com\/boutique-2\/"},{"@type":"ListItem","position":3,"name":"M\u00e9lange 4 \u00e9pices"}]},{"@type":"WebSite","@id":"https:\/\/www.france-culinaire.com\/#website","url":"https:\/\/www.france-culinaire.com\/","name":"France Culinaire D\u00e9veloppement","description":"L\u2019aromatisation sur mesure","potentialAction":[{"@type":"SearchAction","target":{"@type":"EntryPoint","urlTemplate":"https:\/\/www.france-culinaire.com\/?s={search_term_string}"},"query-input":{"@type":"PropertyValueSpecification","valueRequired":true,"valueName":"search_term_string"}}],"inLanguage":"en-US"}]}},"_links":{"self":[{"href":"https:\/\/www.france-culinaire.com\/en\/wp-json\/wp\/v2\/product\/1163","targetHints":{"allow":["GET"]}}],"collection":[{"href":"https:\/\/www.france-culinaire.com\/en\/wp-json\/wp\/v2\/product"}],"about":[{"href":"https:\/\/www.france-culinaire.com\/en\/wp-json\/wp\/v2\/types\/product"}],"wp:featuredmedia":[{"embeddable":true,"href":"https:\/\/www.france-culinaire.com\/en\/wp-json\/wp\/v2\/media\/2432"}],"wp:attachment":[{"href":"https:\/\/www.france-culinaire.com\/en\/wp-json\/wp\/v2\/media?parent=1163"}],"wp:term":[{"taxonomy":"product_brand","embeddable":true,"href":"https:\/\/www.france-culinaire.com\/en\/wp-json\/wp\/v2\/product_brand?post=1163"},{"taxonomy":"product_type","embeddable":true,"href":"https:\/\/www.france-culinaire.com\/en\/wp-json\/wp\/v2\/product_type?post=1163"},{"taxonomy":"product_visibility","embeddable":true,"href":"https:\/\/www.france-culinaire.com\/en\/wp-json\/wp\/v2\/product_visibility?post=1163"},{"taxonomy":"product_cat","embeddable":true,"href":"https:\/\/www.france-culinaire.com\/en\/wp-json\/wp\/v2\/product_cat?post=1163"}],"curies":[{"name":"wp","href":"https:\/\/api.w.org\/{rel}","templated":true}]}}