{"id":1139,"date":"2019-08-19T10:53:36","date_gmt":"2019-08-19T08:53:36","guid":{"rendered":"https:\/\/www.france-culinaire.com\/product\/arome-naturel-selarome-muscade-poudre\/"},"modified":"2019-12-03T18:13:59","modified_gmt":"2019-12-03T16:13:59","slug":"arome-naturel-selarome-muscade-poudre","status":"publish","type":"product","link":"https:\/\/www.france-culinaire.com\/en\/product\/arome-naturel-selarome-muscade-poudre\/","title":{"rendered":"Ar\u00f4me naturel de muscade"},"content":{"rendered":"\n<p><strong>Ar\u00f4me naturel en poudre.<\/strong><\/p>\n<p>L&#8217;ar\u00f4me naturel muscade apporte une flaveur \u00e9pic\u00e9e, muscade, de couleur blanche. Cet ar\u00f4me naturel est fabriqu\u00e9 en France.<\/p>\n<p><strong>Dosage conseill\u00e9 : 0.2 \u00e0 0.5 %<\/strong><\/p>\n","protected":false},"excerpt":{"rendered":"<\/p>\n","protected":false},"featured_media":2265,"template":"","meta":[],"product_brand":[],"product_type":[2],"product_visibility":[],"product_cat":[15],"class_list":{"0":"post-1139","1":"product","2":"type-product","3":"status-publish","4":"has-post-thumbnail","6":"product_cat-uncategorized","7":"product_tag-arome","8":"product_tag-muscade","9":"product_tag-naturel","10":"product_tag-poudre","11":"product_tag-sale","13":"first","14":"instock","15":"shipping-taxable","16":"product-type-simple"},"acf":{"fiche_technique":"","fiche_methode":""},"yoast_head":"<!-- This site is optimized with the Yoast SEO plugin v27.1.1 - https:\/\/yoast.com\/product\/yoast-seo-wordpress\/ -->\n<title>Ar\u00f4me naturel de muscade - France Culinaire D\u00e9veloppement<\/title>\n<meta name=\"robots\" content=\"index, follow, max-snippet:-1, max-image-preview:large, max-video-preview:-1\" \/>\n<link rel=\"canonical\" href=\"https:\/\/www.france-culinaire.com\/product\/arome-naturel-selarome-muscade-poudre\/\" \/>\n<meta property=\"og:locale\" content=\"en_US\" \/>\n<meta property=\"og:type\" content=\"article\" \/>\n<meta property=\"og:title\" content=\"Ar\u00f4me naturel de muscade - France Culinaire D\u00e9veloppement\" \/>\n<meta property=\"og:url\" content=\"https:\/\/www.france-culinaire.com\/product\/arome-naturel-selarome-muscade-poudre\/\" \/>\n<meta property=\"og:site_name\" content=\"France Culinaire D\u00e9veloppement\" \/>\n<meta property=\"article:modified_time\" content=\"2019-12-03T16:13:59+00:00\" \/>\n<meta property=\"og:image\" content=\"https:\/\/www.france-culinaire.com\/app\/uploads\/2019\/10\/muscade3.png\" \/>\n\t<meta property=\"og:image:width\" content=\"400\" \/>\n\t<meta property=\"og:image:height\" content=\"607\" \/>\n\t<meta property=\"og:image:type\" content=\"image\/png\" \/>\n<meta name=\"twitter:card\" content=\"summary_large_image\" \/>\n<script type=\"application\/ld+json\" class=\"yoast-schema-graph\">{\"@context\":\"https:\/\/schema.org\",\"@graph\":[{\"@type\":\"WebPage\",\"@id\":\"https:\/\/www.france-culinaire.com\/product\/arome-naturel-selarome-muscade-poudre\/\",\"url\":\"https:\/\/www.france-culinaire.com\/product\/arome-naturel-selarome-muscade-poudre\/\",\"name\":\"Ar\u00f4me naturel de muscade - France Culinaire D\u00e9veloppement\",\"isPartOf\":{\"@id\":\"https:\/\/www.france-culinaire.com\/#website\"},\"primaryImageOfPage\":{\"@id\":\"https:\/\/www.france-culinaire.com\/product\/arome-naturel-selarome-muscade-poudre\/#primaryimage\"},\"image\":{\"@id\":\"https:\/\/www.france-culinaire.com\/product\/arome-naturel-selarome-muscade-poudre\/#primaryimage\"},\"thumbnailUrl\":\"https:\/\/www.france-culinaire.com\/app\/uploads\/2019\/10\/muscade3.png\",\"datePublished\":\"2019-08-19T08:53:36+00:00\",\"dateModified\":\"2019-12-03T16:13:59+00:00\",\"breadcrumb\":{\"@id\":\"https:\/\/www.france-culinaire.com\/product\/arome-naturel-selarome-muscade-poudre\/#breadcrumb\"},\"inLanguage\":\"en-US\",\"potentialAction\":[{\"@type\":\"ReadAction\",\"target\":[\"https:\/\/www.france-culinaire.com\/product\/arome-naturel-selarome-muscade-poudre\/\"]}]},{\"@type\":\"ImageObject\",\"inLanguage\":\"en-US\",\"@id\":\"https:\/\/www.france-culinaire.com\/product\/arome-naturel-selarome-muscade-poudre\/#primaryimage\",\"url\":\"https:\/\/www.france-culinaire.com\/app\/uploads\/2019\/10\/muscade3.png\",\"contentUrl\":\"https:\/\/www.france-culinaire.com\/app\/uploads\/2019\/10\/muscade3.png\",\"width\":400,\"height\":607},{\"@type\":\"BreadcrumbList\",\"@id\":\"https:\/\/www.france-culinaire.com\/product\/arome-naturel-selarome-muscade-poudre\/#breadcrumb\",\"itemListElement\":[{\"@type\":\"ListItem\",\"position\":1,\"name\":\"Home\",\"item\":\"https:\/\/www.france-culinaire.com\/en\/\"},{\"@type\":\"ListItem\",\"position\":2,\"name\":\"Boutique\",\"item\":\"https:\/\/www.france-culinaire.com\/boutique-2\/\"},{\"@type\":\"ListItem\",\"position\":3,\"name\":\"Ar\u00f4me naturel de muscade\"}]},{\"@type\":\"WebSite\",\"@id\":\"https:\/\/www.france-culinaire.com\/#website\",\"url\":\"https:\/\/www.france-culinaire.com\/\",\"name\":\"France Culinaire D\u00e9veloppement\",\"description\":\"L\u2019aromatisation sur mesure\",\"potentialAction\":[{\"@type\":\"SearchAction\",\"target\":{\"@type\":\"EntryPoint\",\"urlTemplate\":\"https:\/\/www.france-culinaire.com\/?s={search_term_string}\"},\"query-input\":{\"@type\":\"PropertyValueSpecification\",\"valueRequired\":true,\"valueName\":\"search_term_string\"}}],\"inLanguage\":\"en-US\"}]}<\/script>\n<!-- \/ Yoast SEO plugin. -->","yoast_head_json":{"title":"Ar\u00f4me naturel de muscade - France Culinaire D\u00e9veloppement","robots":{"index":"index","follow":"follow","max-snippet":"max-snippet:-1","max-image-preview":"max-image-preview:large","max-video-preview":"max-video-preview:-1"},"canonical":"https:\/\/www.france-culinaire.com\/product\/arome-naturel-selarome-muscade-poudre\/","og_locale":"en_US","og_type":"article","og_title":"Ar\u00f4me naturel de muscade - France Culinaire D\u00e9veloppement","og_url":"https:\/\/www.france-culinaire.com\/product\/arome-naturel-selarome-muscade-poudre\/","og_site_name":"France Culinaire D\u00e9veloppement","article_modified_time":"2019-12-03T16:13:59+00:00","og_image":[{"width":400,"height":607,"url":"https:\/\/www.france-culinaire.com\/app\/uploads\/2019\/10\/muscade3.png","type":"image\/png"}],"twitter_card":"summary_large_image","schema":{"@context":"https:\/\/schema.org","@graph":[{"@type":"WebPage","@id":"https:\/\/www.france-culinaire.com\/product\/arome-naturel-selarome-muscade-poudre\/","url":"https:\/\/www.france-culinaire.com\/product\/arome-naturel-selarome-muscade-poudre\/","name":"Ar\u00f4me naturel de muscade - France Culinaire D\u00e9veloppement","isPartOf":{"@id":"https:\/\/www.france-culinaire.com\/#website"},"primaryImageOfPage":{"@id":"https:\/\/www.france-culinaire.com\/product\/arome-naturel-selarome-muscade-poudre\/#primaryimage"},"image":{"@id":"https:\/\/www.france-culinaire.com\/product\/arome-naturel-selarome-muscade-poudre\/#primaryimage"},"thumbnailUrl":"https:\/\/www.france-culinaire.com\/app\/uploads\/2019\/10\/muscade3.png","datePublished":"2019-08-19T08:53:36+00:00","dateModified":"2019-12-03T16:13:59+00:00","breadcrumb":{"@id":"https:\/\/www.france-culinaire.com\/product\/arome-naturel-selarome-muscade-poudre\/#breadcrumb"},"inLanguage":"en-US","potentialAction":[{"@type":"ReadAction","target":["https:\/\/www.france-culinaire.com\/product\/arome-naturel-selarome-muscade-poudre\/"]}]},{"@type":"ImageObject","inLanguage":"en-US","@id":"https:\/\/www.france-culinaire.com\/product\/arome-naturel-selarome-muscade-poudre\/#primaryimage","url":"https:\/\/www.france-culinaire.com\/app\/uploads\/2019\/10\/muscade3.png","contentUrl":"https:\/\/www.france-culinaire.com\/app\/uploads\/2019\/10\/muscade3.png","width":400,"height":607},{"@type":"BreadcrumbList","@id":"https:\/\/www.france-culinaire.com\/product\/arome-naturel-selarome-muscade-poudre\/#breadcrumb","itemListElement":[{"@type":"ListItem","position":1,"name":"Home","item":"https:\/\/www.france-culinaire.com\/en\/"},{"@type":"ListItem","position":2,"name":"Boutique","item":"https:\/\/www.france-culinaire.com\/boutique-2\/"},{"@type":"ListItem","position":3,"name":"Ar\u00f4me naturel de muscade"}]},{"@type":"WebSite","@id":"https:\/\/www.france-culinaire.com\/#website","url":"https:\/\/www.france-culinaire.com\/","name":"France Culinaire D\u00e9veloppement","description":"L\u2019aromatisation sur mesure","potentialAction":[{"@type":"SearchAction","target":{"@type":"EntryPoint","urlTemplate":"https:\/\/www.france-culinaire.com\/?s={search_term_string}"},"query-input":{"@type":"PropertyValueSpecification","valueRequired":true,"valueName":"search_term_string"}}],"inLanguage":"en-US"}]}},"_links":{"self":[{"href":"https:\/\/www.france-culinaire.com\/en\/wp-json\/wp\/v2\/product\/1139","targetHints":{"allow":["GET"]}}],"collection":[{"href":"https:\/\/www.france-culinaire.com\/en\/wp-json\/wp\/v2\/product"}],"about":[{"href":"https:\/\/www.france-culinaire.com\/en\/wp-json\/wp\/v2\/types\/product"}],"wp:featuredmedia":[{"embeddable":true,"href":"https:\/\/www.france-culinaire.com\/en\/wp-json\/wp\/v2\/media\/2265"}],"wp:attachment":[{"href":"https:\/\/www.france-culinaire.com\/en\/wp-json\/wp\/v2\/media?parent=1139"}],"wp:term":[{"taxonomy":"product_brand","embeddable":true,"href":"https:\/\/www.france-culinaire.com\/en\/wp-json\/wp\/v2\/product_brand?post=1139"},{"taxonomy":"product_type","embeddable":true,"href":"https:\/\/www.france-culinaire.com\/en\/wp-json\/wp\/v2\/product_type?post=1139"},{"taxonomy":"product_visibility","embeddable":true,"href":"https:\/\/www.france-culinaire.com\/en\/wp-json\/wp\/v2\/product_visibility?post=1139"},{"taxonomy":"product_cat","embeddable":true,"href":"https:\/\/www.france-culinaire.com\/en\/wp-json\/wp\/v2\/product_cat?post=1139"}],"curies":[{"name":"wp","href":"https:\/\/api.w.org\/{rel}","templated":true}]}}