{"id":11072,"date":"2026-04-23T14:34:57","date_gmt":"2026-04-23T12:34:57","guid":{"rendered":"https:\/\/www.france-culinaire.com\/?post_type=product&#038;p=11072"},"modified":"2026-04-23T14:38:57","modified_gmt":"2026-04-23T12:38:57","slug":"preparation_mousse_canard_renforcee_7583","status":"publish","type":"product","link":"https:\/\/www.france-culinaire.com\/en\/product\/preparation_mousse_canard_renforcee_7583\/","title":{"rendered":"PR\u00c9PARATION MOUSSE CANARD RENFORC\u00c9E"},"content":{"rendered":"<p>Pr\u00e9paration mousse canard renforc\u00e9e : une base d\u00e9shydrat\u00e9e destin\u00e9e \u00e0 l\u2019\u00e9laboration de mousses de charcuterie au canard, offrant une saveur poivr\u00e9e et viand\u00e9e marqu\u00e9e.<\/p>\n","protected":false},"excerpt":{"rendered":"<p>Pour l&#8217;\u00e9laboration de mousses de charcuterie au canard<\/p>\n","protected":false},"featured_media":11055,"template":"","meta":[],"product_brand":[],"product_type":[2],"product_visibility":[],"product_cat":[1021,881,1008],"class_list":{"0":"post-11072","1":"product","2":"type-product","3":"status-publish","4":"has-post-thumbnail","6":"product_cat-produits-produitssolutions-charcuteriemousses","7":"product_cat-produits","8":"product_cat-produitssolutions-charcuterie","9":"product_tag-aromatisation","10":"product_tag-canard","11":"product_tag-charcuterie","12":"product_tag-mousse","14":"first","15":"instock","16":"shipping-taxable","17":"product-type-simple"},"acf":{"fiche_methode":"","fiche_technique":""},"yoast_head":"<!-- This site is optimized with the Yoast SEO plugin v27.1.1 - https:\/\/yoast.com\/product\/yoast-seo-wordpress\/ -->\n<title>PR\u00c9PARATION MOUSSE CANARD RENFORC\u00c9E - France Culinaire D\u00e9veloppement<\/title>\n<meta name=\"robots\" content=\"index, follow, max-snippet:-1, max-image-preview:large, max-video-preview:-1\" \/>\n<link rel=\"canonical\" href=\"https:\/\/www.france-culinaire.com\/product\/preparation_mousse_canard_renforcee_7583\/\" \/>\n<meta property=\"og:locale\" content=\"en_US\" \/>\n<meta property=\"og:type\" content=\"article\" \/>\n<meta property=\"og:title\" content=\"PR\u00c9PARATION MOUSSE CANARD RENFORC\u00c9E - France Culinaire D\u00e9veloppement\" \/>\n<meta property=\"og:description\" content=\"Pour l&#039;\u00e9laboration de mousses de charcuterie au canard\" \/>\n<meta property=\"og:url\" content=\"https:\/\/www.france-culinaire.com\/product\/preparation_mousse_canard_renforcee_7583\/\" \/>\n<meta property=\"og:site_name\" content=\"France Culinaire D\u00e9veloppement\" \/>\n<meta property=\"article:modified_time\" content=\"2026-04-23T12:38:57+00:00\" \/>\n<meta property=\"og:image\" content=\"https:\/\/www.france-culinaire.com\/app\/uploads\/2026\/04\/Transparent-5.png\" \/>\n\t<meta property=\"og:image:width\" content=\"709\" \/>\n\t<meta property=\"og:image:height\" content=\"709\" \/>\n\t<meta property=\"og:image:type\" content=\"image\/png\" \/>\n<meta name=\"twitter:card\" content=\"summary_large_image\" \/>\n<script type=\"application\/ld+json\" class=\"yoast-schema-graph\">{\"@context\":\"https:\/\/schema.org\",\"@graph\":[{\"@type\":\"WebPage\",\"@id\":\"https:\/\/www.france-culinaire.com\/product\/preparation_mousse_canard_renforcee_7583\/\",\"url\":\"https:\/\/www.france-culinaire.com\/product\/preparation_mousse_canard_renforcee_7583\/\",\"name\":\"PR\u00c9PARATION MOUSSE CANARD RENFORC\u00c9E - France Culinaire D\u00e9veloppement\",\"isPartOf\":{\"@id\":\"https:\/\/www.france-culinaire.com\/#website\"},\"primaryImageOfPage\":{\"@id\":\"https:\/\/www.france-culinaire.com\/product\/preparation_mousse_canard_renforcee_7583\/#primaryimage\"},\"image\":{\"@id\":\"https:\/\/www.france-culinaire.com\/product\/preparation_mousse_canard_renforcee_7583\/#primaryimage\"},\"thumbnailUrl\":\"https:\/\/www.france-culinaire.com\/app\/uploads\/2026\/04\/Transparent-5.png\",\"datePublished\":\"2026-04-23T12:34:57+00:00\",\"dateModified\":\"2026-04-23T12:38:57+00:00\",\"breadcrumb\":{\"@id\":\"https:\/\/www.france-culinaire.com\/product\/preparation_mousse_canard_renforcee_7583\/#breadcrumb\"},\"inLanguage\":\"en-US\",\"potentialAction\":[{\"@type\":\"ReadAction\",\"target\":[\"https:\/\/www.france-culinaire.com\/product\/preparation_mousse_canard_renforcee_7583\/\"]}]},{\"@type\":\"ImageObject\",\"inLanguage\":\"en-US\",\"@id\":\"https:\/\/www.france-culinaire.com\/product\/preparation_mousse_canard_renforcee_7583\/#primaryimage\",\"url\":\"https:\/\/www.france-culinaire.com\/app\/uploads\/2026\/04\/Transparent-5.png\",\"contentUrl\":\"https:\/\/www.france-culinaire.com\/app\/uploads\/2026\/04\/Transparent-5.png\",\"width\":709,\"height\":709},{\"@type\":\"BreadcrumbList\",\"@id\":\"https:\/\/www.france-culinaire.com\/product\/preparation_mousse_canard_renforcee_7583\/#breadcrumb\",\"itemListElement\":[{\"@type\":\"ListItem\",\"position\":1,\"name\":\"Home\",\"item\":\"https:\/\/www.france-culinaire.com\/en\/\"},{\"@type\":\"ListItem\",\"position\":2,\"name\":\"Boutique\",\"item\":\"https:\/\/www.france-culinaire.com\/boutique-2\/\"},{\"@type\":\"ListItem\",\"position\":3,\"name\":\"PR\u00c9PARATION MOUSSE CANARD RENFORC\u00c9E\"}]},{\"@type\":\"WebSite\",\"@id\":\"https:\/\/www.france-culinaire.com\/#website\",\"url\":\"https:\/\/www.france-culinaire.com\/\",\"name\":\"France Culinaire D\u00e9veloppement\",\"description\":\"L\u2019aromatisation sur mesure\",\"potentialAction\":[{\"@type\":\"SearchAction\",\"target\":{\"@type\":\"EntryPoint\",\"urlTemplate\":\"https:\/\/www.france-culinaire.com\/?s={search_term_string}\"},\"query-input\":{\"@type\":\"PropertyValueSpecification\",\"valueRequired\":true,\"valueName\":\"search_term_string\"}}],\"inLanguage\":\"en-US\"}]}<\/script>\n<!-- \/ Yoast SEO plugin. -->","yoast_head_json":{"title":"PR\u00c9PARATION MOUSSE CANARD RENFORC\u00c9E - France Culinaire D\u00e9veloppement","robots":{"index":"index","follow":"follow","max-snippet":"max-snippet:-1","max-image-preview":"max-image-preview:large","max-video-preview":"max-video-preview:-1"},"canonical":"https:\/\/www.france-culinaire.com\/product\/preparation_mousse_canard_renforcee_7583\/","og_locale":"en_US","og_type":"article","og_title":"PR\u00c9PARATION MOUSSE CANARD RENFORC\u00c9E - France Culinaire D\u00e9veloppement","og_description":"Pour l'\u00e9laboration de mousses de charcuterie au canard","og_url":"https:\/\/www.france-culinaire.com\/product\/preparation_mousse_canard_renforcee_7583\/","og_site_name":"France Culinaire D\u00e9veloppement","article_modified_time":"2026-04-23T12:38:57+00:00","og_image":[{"width":709,"height":709,"url":"https:\/\/www.france-culinaire.com\/app\/uploads\/2026\/04\/Transparent-5.png","type":"image\/png"}],"twitter_card":"summary_large_image","schema":{"@context":"https:\/\/schema.org","@graph":[{"@type":"WebPage","@id":"https:\/\/www.france-culinaire.com\/product\/preparation_mousse_canard_renforcee_7583\/","url":"https:\/\/www.france-culinaire.com\/product\/preparation_mousse_canard_renforcee_7583\/","name":"PR\u00c9PARATION MOUSSE CANARD RENFORC\u00c9E - France Culinaire D\u00e9veloppement","isPartOf":{"@id":"https:\/\/www.france-culinaire.com\/#website"},"primaryImageOfPage":{"@id":"https:\/\/www.france-culinaire.com\/product\/preparation_mousse_canard_renforcee_7583\/#primaryimage"},"image":{"@id":"https:\/\/www.france-culinaire.com\/product\/preparation_mousse_canard_renforcee_7583\/#primaryimage"},"thumbnailUrl":"https:\/\/www.france-culinaire.com\/app\/uploads\/2026\/04\/Transparent-5.png","datePublished":"2026-04-23T12:34:57+00:00","dateModified":"2026-04-23T12:38:57+00:00","breadcrumb":{"@id":"https:\/\/www.france-culinaire.com\/product\/preparation_mousse_canard_renforcee_7583\/#breadcrumb"},"inLanguage":"en-US","potentialAction":[{"@type":"ReadAction","target":["https:\/\/www.france-culinaire.com\/product\/preparation_mousse_canard_renforcee_7583\/"]}]},{"@type":"ImageObject","inLanguage":"en-US","@id":"https:\/\/www.france-culinaire.com\/product\/preparation_mousse_canard_renforcee_7583\/#primaryimage","url":"https:\/\/www.france-culinaire.com\/app\/uploads\/2026\/04\/Transparent-5.png","contentUrl":"https:\/\/www.france-culinaire.com\/app\/uploads\/2026\/04\/Transparent-5.png","width":709,"height":709},{"@type":"BreadcrumbList","@id":"https:\/\/www.france-culinaire.com\/product\/preparation_mousse_canard_renforcee_7583\/#breadcrumb","itemListElement":[{"@type":"ListItem","position":1,"name":"Home","item":"https:\/\/www.france-culinaire.com\/en\/"},{"@type":"ListItem","position":2,"name":"Boutique","item":"https:\/\/www.france-culinaire.com\/boutique-2\/"},{"@type":"ListItem","position":3,"name":"PR\u00c9PARATION MOUSSE CANARD RENFORC\u00c9E"}]},{"@type":"WebSite","@id":"https:\/\/www.france-culinaire.com\/#website","url":"https:\/\/www.france-culinaire.com\/","name":"France Culinaire D\u00e9veloppement","description":"L\u2019aromatisation sur mesure","potentialAction":[{"@type":"SearchAction","target":{"@type":"EntryPoint","urlTemplate":"https:\/\/www.france-culinaire.com\/?s={search_term_string}"},"query-input":{"@type":"PropertyValueSpecification","valueRequired":true,"valueName":"search_term_string"}}],"inLanguage":"en-US"}]}},"_links":{"self":[{"href":"https:\/\/www.france-culinaire.com\/en\/wp-json\/wp\/v2\/product\/11072","targetHints":{"allow":["GET"]}}],"collection":[{"href":"https:\/\/www.france-culinaire.com\/en\/wp-json\/wp\/v2\/product"}],"about":[{"href":"https:\/\/www.france-culinaire.com\/en\/wp-json\/wp\/v2\/types\/product"}],"wp:featuredmedia":[{"embeddable":true,"href":"https:\/\/www.france-culinaire.com\/en\/wp-json\/wp\/v2\/media\/11055"}],"wp:attachment":[{"href":"https:\/\/www.france-culinaire.com\/en\/wp-json\/wp\/v2\/media?parent=11072"}],"wp:term":[{"taxonomy":"product_brand","embeddable":true,"href":"https:\/\/www.france-culinaire.com\/en\/wp-json\/wp\/v2\/product_brand?post=11072"},{"taxonomy":"product_type","embeddable":true,"href":"https:\/\/www.france-culinaire.com\/en\/wp-json\/wp\/v2\/product_type?post=11072"},{"taxonomy":"product_visibility","embeddable":true,"href":"https:\/\/www.france-culinaire.com\/en\/wp-json\/wp\/v2\/product_visibility?post=11072"},{"taxonomy":"product_cat","embeddable":true,"href":"https:\/\/www.france-culinaire.com\/en\/wp-json\/wp\/v2\/product_cat?post=11072"}],"curies":[{"name":"wp","href":"https:\/\/api.w.org\/{rel}","templated":true}]}}