{"id":11071,"date":"2026-04-23T14:32:37","date_gmt":"2026-04-23T12:32:37","guid":{"rendered":"https:\/\/www.france-culinaire.com\/?post_type=product&#038;p=11071"},"modified":"2026-04-23T14:41:14","modified_gmt":"2026-04-23T12:41:14","slug":"mix_merguez_flamboyante_8380","status":"publish","type":"product","link":"https:\/\/www.france-culinaire.com\/en\/product\/mix_merguez_flamboyante_8380\/","title":{"rendered":"MIX MERGUEZ FLAMBOYANTE"},"content":{"rendered":"<p>Mix merguez flamboyante : une pr\u00e9paration d\u2019assaisonnement pour merguez, \u00e0 saveur paprika et \u00e9pic\u00e9e, apportant une intensit\u00e9 aromatique marqu\u00e9e et une couleur caract\u00e9ristique.<\/p>\n","protected":false},"excerpt":{"rendered":"<p>Pr\u00e9paration pour la fabrication de merguez<\/p>\n","protected":false},"featured_media":11055,"template":"","meta":[],"product_brand":[],"product_type":[2],"product_visibility":[],"product_cat":[1020,881,1008],"class_list":{"0":"post-11071","1":"product","2":"type-product","3":"status-publish","4":"has-post-thumbnail","6":"product_cat-produits-produitssolutions-charcuteriemerguez","7":"product_cat-produits","8":"product_cat-produitssolutions-charcuterie","9":"product_tag-assaisonnement","10":"product_tag-epice","11":"product_tag-merguez","12":"product_tag-paprika","14":"first","15":"instock","16":"shipping-taxable","17":"product-type-simple"},"acf":{"fiche_methode":"","fiche_technique":""},"yoast_head":"<!-- This site is optimized with the Yoast SEO plugin v27.1.1 - https:\/\/yoast.com\/product\/yoast-seo-wordpress\/ -->\n<title>MIX MERGUEZ FLAMBOYANTE - France Culinaire D\u00e9veloppement<\/title>\n<meta name=\"robots\" content=\"index, follow, max-snippet:-1, max-image-preview:large, max-video-preview:-1\" \/>\n<link rel=\"canonical\" href=\"https:\/\/www.france-culinaire.com\/product\/mix_merguez_flamboyante_8380\/\" \/>\n<meta property=\"og:locale\" content=\"en_US\" \/>\n<meta property=\"og:type\" content=\"article\" \/>\n<meta property=\"og:title\" content=\"MIX MERGUEZ FLAMBOYANTE - France Culinaire D\u00e9veloppement\" \/>\n<meta property=\"og:description\" content=\"Pr\u00e9paration pour la fabrication de merguez\" \/>\n<meta property=\"og:url\" content=\"https:\/\/www.france-culinaire.com\/product\/mix_merguez_flamboyante_8380\/\" \/>\n<meta property=\"og:site_name\" content=\"France Culinaire D\u00e9veloppement\" \/>\n<meta property=\"article:modified_time\" content=\"2026-04-23T12:41:14+00:00\" \/>\n<meta property=\"og:image\" content=\"https:\/\/www.france-culinaire.com\/app\/uploads\/2026\/04\/Transparent-5.png\" \/>\n\t<meta property=\"og:image:width\" content=\"709\" \/>\n\t<meta property=\"og:image:height\" content=\"709\" \/>\n\t<meta property=\"og:image:type\" content=\"image\/png\" \/>\n<meta name=\"twitter:card\" content=\"summary_large_image\" \/>\n<script type=\"application\/ld+json\" class=\"yoast-schema-graph\">{\"@context\":\"https:\/\/schema.org\",\"@graph\":[{\"@type\":\"WebPage\",\"@id\":\"https:\/\/www.france-culinaire.com\/product\/mix_merguez_flamboyante_8380\/\",\"url\":\"https:\/\/www.france-culinaire.com\/product\/mix_merguez_flamboyante_8380\/\",\"name\":\"MIX MERGUEZ FLAMBOYANTE - France Culinaire D\u00e9veloppement\",\"isPartOf\":{\"@id\":\"https:\/\/www.france-culinaire.com\/#website\"},\"primaryImageOfPage\":{\"@id\":\"https:\/\/www.france-culinaire.com\/product\/mix_merguez_flamboyante_8380\/#primaryimage\"},\"image\":{\"@id\":\"https:\/\/www.france-culinaire.com\/product\/mix_merguez_flamboyante_8380\/#primaryimage\"},\"thumbnailUrl\":\"https:\/\/www.france-culinaire.com\/app\/uploads\/2026\/04\/Transparent-5.png\",\"datePublished\":\"2026-04-23T12:32:37+00:00\",\"dateModified\":\"2026-04-23T12:41:14+00:00\",\"breadcrumb\":{\"@id\":\"https:\/\/www.france-culinaire.com\/product\/mix_merguez_flamboyante_8380\/#breadcrumb\"},\"inLanguage\":\"en-US\",\"potentialAction\":[{\"@type\":\"ReadAction\",\"target\":[\"https:\/\/www.france-culinaire.com\/product\/mix_merguez_flamboyante_8380\/\"]}]},{\"@type\":\"ImageObject\",\"inLanguage\":\"en-US\",\"@id\":\"https:\/\/www.france-culinaire.com\/product\/mix_merguez_flamboyante_8380\/#primaryimage\",\"url\":\"https:\/\/www.france-culinaire.com\/app\/uploads\/2026\/04\/Transparent-5.png\",\"contentUrl\":\"https:\/\/www.france-culinaire.com\/app\/uploads\/2026\/04\/Transparent-5.png\",\"width\":709,\"height\":709},{\"@type\":\"BreadcrumbList\",\"@id\":\"https:\/\/www.france-culinaire.com\/product\/mix_merguez_flamboyante_8380\/#breadcrumb\",\"itemListElement\":[{\"@type\":\"ListItem\",\"position\":1,\"name\":\"Home\",\"item\":\"https:\/\/www.france-culinaire.com\/en\/\"},{\"@type\":\"ListItem\",\"position\":2,\"name\":\"Boutique\",\"item\":\"https:\/\/www.france-culinaire.com\/boutique-2\/\"},{\"@type\":\"ListItem\",\"position\":3,\"name\":\"MIX MERGUEZ FLAMBOYANTE\"}]},{\"@type\":\"WebSite\",\"@id\":\"https:\/\/www.france-culinaire.com\/#website\",\"url\":\"https:\/\/www.france-culinaire.com\/\",\"name\":\"France Culinaire D\u00e9veloppement\",\"description\":\"L\u2019aromatisation sur mesure\",\"potentialAction\":[{\"@type\":\"SearchAction\",\"target\":{\"@type\":\"EntryPoint\",\"urlTemplate\":\"https:\/\/www.france-culinaire.com\/?s={search_term_string}\"},\"query-input\":{\"@type\":\"PropertyValueSpecification\",\"valueRequired\":true,\"valueName\":\"search_term_string\"}}],\"inLanguage\":\"en-US\"}]}<\/script>\n<!-- \/ Yoast SEO plugin. -->","yoast_head_json":{"title":"MIX MERGUEZ FLAMBOYANTE - France Culinaire D\u00e9veloppement","robots":{"index":"index","follow":"follow","max-snippet":"max-snippet:-1","max-image-preview":"max-image-preview:large","max-video-preview":"max-video-preview:-1"},"canonical":"https:\/\/www.france-culinaire.com\/product\/mix_merguez_flamboyante_8380\/","og_locale":"en_US","og_type":"article","og_title":"MIX MERGUEZ FLAMBOYANTE - France Culinaire D\u00e9veloppement","og_description":"Pr\u00e9paration pour la fabrication de merguez","og_url":"https:\/\/www.france-culinaire.com\/product\/mix_merguez_flamboyante_8380\/","og_site_name":"France Culinaire D\u00e9veloppement","article_modified_time":"2026-04-23T12:41:14+00:00","og_image":[{"width":709,"height":709,"url":"https:\/\/www.france-culinaire.com\/app\/uploads\/2026\/04\/Transparent-5.png","type":"image\/png"}],"twitter_card":"summary_large_image","schema":{"@context":"https:\/\/schema.org","@graph":[{"@type":"WebPage","@id":"https:\/\/www.france-culinaire.com\/product\/mix_merguez_flamboyante_8380\/","url":"https:\/\/www.france-culinaire.com\/product\/mix_merguez_flamboyante_8380\/","name":"MIX MERGUEZ FLAMBOYANTE - France Culinaire D\u00e9veloppement","isPartOf":{"@id":"https:\/\/www.france-culinaire.com\/#website"},"primaryImageOfPage":{"@id":"https:\/\/www.france-culinaire.com\/product\/mix_merguez_flamboyante_8380\/#primaryimage"},"image":{"@id":"https:\/\/www.france-culinaire.com\/product\/mix_merguez_flamboyante_8380\/#primaryimage"},"thumbnailUrl":"https:\/\/www.france-culinaire.com\/app\/uploads\/2026\/04\/Transparent-5.png","datePublished":"2026-04-23T12:32:37+00:00","dateModified":"2026-04-23T12:41:14+00:00","breadcrumb":{"@id":"https:\/\/www.france-culinaire.com\/product\/mix_merguez_flamboyante_8380\/#breadcrumb"},"inLanguage":"en-US","potentialAction":[{"@type":"ReadAction","target":["https:\/\/www.france-culinaire.com\/product\/mix_merguez_flamboyante_8380\/"]}]},{"@type":"ImageObject","inLanguage":"en-US","@id":"https:\/\/www.france-culinaire.com\/product\/mix_merguez_flamboyante_8380\/#primaryimage","url":"https:\/\/www.france-culinaire.com\/app\/uploads\/2026\/04\/Transparent-5.png","contentUrl":"https:\/\/www.france-culinaire.com\/app\/uploads\/2026\/04\/Transparent-5.png","width":709,"height":709},{"@type":"BreadcrumbList","@id":"https:\/\/www.france-culinaire.com\/product\/mix_merguez_flamboyante_8380\/#breadcrumb","itemListElement":[{"@type":"ListItem","position":1,"name":"Home","item":"https:\/\/www.france-culinaire.com\/en\/"},{"@type":"ListItem","position":2,"name":"Boutique","item":"https:\/\/www.france-culinaire.com\/boutique-2\/"},{"@type":"ListItem","position":3,"name":"MIX MERGUEZ FLAMBOYANTE"}]},{"@type":"WebSite","@id":"https:\/\/www.france-culinaire.com\/#website","url":"https:\/\/www.france-culinaire.com\/","name":"France Culinaire D\u00e9veloppement","description":"L\u2019aromatisation sur mesure","potentialAction":[{"@type":"SearchAction","target":{"@type":"EntryPoint","urlTemplate":"https:\/\/www.france-culinaire.com\/?s={search_term_string}"},"query-input":{"@type":"PropertyValueSpecification","valueRequired":true,"valueName":"search_term_string"}}],"inLanguage":"en-US"}]}},"_links":{"self":[{"href":"https:\/\/www.france-culinaire.com\/en\/wp-json\/wp\/v2\/product\/11071","targetHints":{"allow":["GET"]}}],"collection":[{"href":"https:\/\/www.france-culinaire.com\/en\/wp-json\/wp\/v2\/product"}],"about":[{"href":"https:\/\/www.france-culinaire.com\/en\/wp-json\/wp\/v2\/types\/product"}],"wp:featuredmedia":[{"embeddable":true,"href":"https:\/\/www.france-culinaire.com\/en\/wp-json\/wp\/v2\/media\/11055"}],"wp:attachment":[{"href":"https:\/\/www.france-culinaire.com\/en\/wp-json\/wp\/v2\/media?parent=11071"}],"wp:term":[{"taxonomy":"product_brand","embeddable":true,"href":"https:\/\/www.france-culinaire.com\/en\/wp-json\/wp\/v2\/product_brand?post=11071"},{"taxonomy":"product_type","embeddable":true,"href":"https:\/\/www.france-culinaire.com\/en\/wp-json\/wp\/v2\/product_type?post=11071"},{"taxonomy":"product_visibility","embeddable":true,"href":"https:\/\/www.france-culinaire.com\/en\/wp-json\/wp\/v2\/product_visibility?post=11071"},{"taxonomy":"product_cat","embeddable":true,"href":"https:\/\/www.france-culinaire.com\/en\/wp-json\/wp\/v2\/product_cat?post=11071"}],"curies":[{"name":"wp","href":"https:\/\/api.w.org\/{rel}","templated":true}]}}