{"id":11057,"date":"2026-04-23T11:29:34","date_gmt":"2026-04-23T09:29:34","guid":{"rendered":"https:\/\/www.france-culinaire.com\/?post_type=product&#038;p=11057"},"modified":"2026-04-23T11:32:17","modified_gmt":"2026-04-23T09:32:17","slug":"gelarome_2141_n2_w03e","status":"publish","type":"product","link":"https:\/\/www.france-culinaire.com\/en\/product\/gelarome_2141_n2_w03e\/","title":{"rendered":"GELAROME 2141 N\u00b02"},"content":{"rendered":"<p><strong>Gelarome 2141 N\u00b02 : une gel\u00e9e de texturation et d\u2019enrobage destin\u00e9e aux produits traiteur, apportant une structuration homog\u00e8ne et une finition r\u00e9guli\u00e8re. Sa couleur beige et sa saveur aromatis\u00e9e permettent de valoriser visuellement et gustativement les pr\u00e9parations tout en assurant une bonne tenue des produits.<\/strong><\/p>\n<p><strong>80 \u00e0 100 g\/L<\/strong><\/p>\n","protected":false},"excerpt":{"rendered":"<p>Gel\u00e9 destin\u00e9e aux produits traiteur<\/p>\n","protected":false},"featured_media":11055,"template":"","meta":[],"product_brand":[],"product_type":[2],"product_visibility":[],"product_cat":[1015,1006,881],"class_list":{"0":"post-11057","1":"product","2":"type-product","3":"status-publish","4":"has-post-thumbnail","6":"product_cat-produits-produitsmelanges-pour-geleegelees-de-texturation","7":"product_cat-produitsmelanges-pour-gelees","8":"product_cat-produits","9":"product_tag-gelee","10":"product_tag-pt","12":"first","13":"instock","14":"shipping-taxable","15":"product-type-simple"},"acf":{"fiche_methode":"","fiche_technique":""},"yoast_head":"<!-- This site is optimized with the Yoast SEO plugin v27.1.1 - https:\/\/yoast.com\/product\/yoast-seo-wordpress\/ -->\n<title>GELAROME 2141 N\u00b02 - France Culinaire D\u00e9veloppement<\/title>\n<meta name=\"robots\" content=\"index, follow, max-snippet:-1, max-image-preview:large, max-video-preview:-1\" \/>\n<link rel=\"canonical\" href=\"https:\/\/www.france-culinaire.com\/product\/gelarome_2141_n2_w03e\/\" \/>\n<meta property=\"og:locale\" content=\"en_US\" \/>\n<meta property=\"og:type\" content=\"article\" \/>\n<meta property=\"og:title\" content=\"GELAROME 2141 N\u00b02 - France Culinaire D\u00e9veloppement\" \/>\n<meta property=\"og:description\" content=\"Gel\u00e9 destin\u00e9e aux produits traiteur\" \/>\n<meta property=\"og:url\" content=\"https:\/\/www.france-culinaire.com\/product\/gelarome_2141_n2_w03e\/\" \/>\n<meta property=\"og:site_name\" content=\"France Culinaire D\u00e9veloppement\" \/>\n<meta property=\"article:modified_time\" content=\"2026-04-23T09:32:17+00:00\" \/>\n<meta property=\"og:image\" content=\"https:\/\/www.france-culinaire.com\/app\/uploads\/2026\/04\/Transparent-5.png\" \/>\n\t<meta property=\"og:image:width\" content=\"709\" \/>\n\t<meta property=\"og:image:height\" content=\"709\" \/>\n\t<meta property=\"og:image:type\" content=\"image\/png\" \/>\n<meta name=\"twitter:card\" content=\"summary_large_image\" \/>\n<script type=\"application\/ld+json\" class=\"yoast-schema-graph\">{\"@context\":\"https:\/\/schema.org\",\"@graph\":[{\"@type\":\"WebPage\",\"@id\":\"https:\/\/www.france-culinaire.com\/product\/gelarome_2141_n2_w03e\/\",\"url\":\"https:\/\/www.france-culinaire.com\/product\/gelarome_2141_n2_w03e\/\",\"name\":\"GELAROME 2141 N\u00b02 - France Culinaire D\u00e9veloppement\",\"isPartOf\":{\"@id\":\"https:\/\/www.france-culinaire.com\/#website\"},\"primaryImageOfPage\":{\"@id\":\"https:\/\/www.france-culinaire.com\/product\/gelarome_2141_n2_w03e\/#primaryimage\"},\"image\":{\"@id\":\"https:\/\/www.france-culinaire.com\/product\/gelarome_2141_n2_w03e\/#primaryimage\"},\"thumbnailUrl\":\"https:\/\/www.france-culinaire.com\/app\/uploads\/2026\/04\/Transparent-5.png\",\"datePublished\":\"2026-04-23T09:29:34+00:00\",\"dateModified\":\"2026-04-23T09:32:17+00:00\",\"breadcrumb\":{\"@id\":\"https:\/\/www.france-culinaire.com\/product\/gelarome_2141_n2_w03e\/#breadcrumb\"},\"inLanguage\":\"en-US\",\"potentialAction\":[{\"@type\":\"ReadAction\",\"target\":[\"https:\/\/www.france-culinaire.com\/product\/gelarome_2141_n2_w03e\/\"]}]},{\"@type\":\"ImageObject\",\"inLanguage\":\"en-US\",\"@id\":\"https:\/\/www.france-culinaire.com\/product\/gelarome_2141_n2_w03e\/#primaryimage\",\"url\":\"https:\/\/www.france-culinaire.com\/app\/uploads\/2026\/04\/Transparent-5.png\",\"contentUrl\":\"https:\/\/www.france-culinaire.com\/app\/uploads\/2026\/04\/Transparent-5.png\",\"width\":709,\"height\":709},{\"@type\":\"BreadcrumbList\",\"@id\":\"https:\/\/www.france-culinaire.com\/product\/gelarome_2141_n2_w03e\/#breadcrumb\",\"itemListElement\":[{\"@type\":\"ListItem\",\"position\":1,\"name\":\"Home\",\"item\":\"https:\/\/www.france-culinaire.com\/en\/\"},{\"@type\":\"ListItem\",\"position\":2,\"name\":\"Boutique\",\"item\":\"https:\/\/www.france-culinaire.com\/boutique-2\/\"},{\"@type\":\"ListItem\",\"position\":3,\"name\":\"GELAROME 2141 N\u00b02\"}]},{\"@type\":\"WebSite\",\"@id\":\"https:\/\/www.france-culinaire.com\/#website\",\"url\":\"https:\/\/www.france-culinaire.com\/\",\"name\":\"France Culinaire D\u00e9veloppement\",\"description\":\"L\u2019aromatisation sur mesure\",\"potentialAction\":[{\"@type\":\"SearchAction\",\"target\":{\"@type\":\"EntryPoint\",\"urlTemplate\":\"https:\/\/www.france-culinaire.com\/?s={search_term_string}\"},\"query-input\":{\"@type\":\"PropertyValueSpecification\",\"valueRequired\":true,\"valueName\":\"search_term_string\"}}],\"inLanguage\":\"en-US\"}]}<\/script>\n<!-- \/ Yoast SEO plugin. -->","yoast_head_json":{"title":"GELAROME 2141 N\u00b02 - France Culinaire D\u00e9veloppement","robots":{"index":"index","follow":"follow","max-snippet":"max-snippet:-1","max-image-preview":"max-image-preview:large","max-video-preview":"max-video-preview:-1"},"canonical":"https:\/\/www.france-culinaire.com\/product\/gelarome_2141_n2_w03e\/","og_locale":"en_US","og_type":"article","og_title":"GELAROME 2141 N\u00b02 - France Culinaire D\u00e9veloppement","og_description":"Gel\u00e9 destin\u00e9e aux produits traiteur","og_url":"https:\/\/www.france-culinaire.com\/product\/gelarome_2141_n2_w03e\/","og_site_name":"France Culinaire D\u00e9veloppement","article_modified_time":"2026-04-23T09:32:17+00:00","og_image":[{"width":709,"height":709,"url":"https:\/\/www.france-culinaire.com\/app\/uploads\/2026\/04\/Transparent-5.png","type":"image\/png"}],"twitter_card":"summary_large_image","schema":{"@context":"https:\/\/schema.org","@graph":[{"@type":"WebPage","@id":"https:\/\/www.france-culinaire.com\/product\/gelarome_2141_n2_w03e\/","url":"https:\/\/www.france-culinaire.com\/product\/gelarome_2141_n2_w03e\/","name":"GELAROME 2141 N\u00b02 - France Culinaire D\u00e9veloppement","isPartOf":{"@id":"https:\/\/www.france-culinaire.com\/#website"},"primaryImageOfPage":{"@id":"https:\/\/www.france-culinaire.com\/product\/gelarome_2141_n2_w03e\/#primaryimage"},"image":{"@id":"https:\/\/www.france-culinaire.com\/product\/gelarome_2141_n2_w03e\/#primaryimage"},"thumbnailUrl":"https:\/\/www.france-culinaire.com\/app\/uploads\/2026\/04\/Transparent-5.png","datePublished":"2026-04-23T09:29:34+00:00","dateModified":"2026-04-23T09:32:17+00:00","breadcrumb":{"@id":"https:\/\/www.france-culinaire.com\/product\/gelarome_2141_n2_w03e\/#breadcrumb"},"inLanguage":"en-US","potentialAction":[{"@type":"ReadAction","target":["https:\/\/www.france-culinaire.com\/product\/gelarome_2141_n2_w03e\/"]}]},{"@type":"ImageObject","inLanguage":"en-US","@id":"https:\/\/www.france-culinaire.com\/product\/gelarome_2141_n2_w03e\/#primaryimage","url":"https:\/\/www.france-culinaire.com\/app\/uploads\/2026\/04\/Transparent-5.png","contentUrl":"https:\/\/www.france-culinaire.com\/app\/uploads\/2026\/04\/Transparent-5.png","width":709,"height":709},{"@type":"BreadcrumbList","@id":"https:\/\/www.france-culinaire.com\/product\/gelarome_2141_n2_w03e\/#breadcrumb","itemListElement":[{"@type":"ListItem","position":1,"name":"Home","item":"https:\/\/www.france-culinaire.com\/en\/"},{"@type":"ListItem","position":2,"name":"Boutique","item":"https:\/\/www.france-culinaire.com\/boutique-2\/"},{"@type":"ListItem","position":3,"name":"GELAROME 2141 N\u00b02"}]},{"@type":"WebSite","@id":"https:\/\/www.france-culinaire.com\/#website","url":"https:\/\/www.france-culinaire.com\/","name":"France Culinaire D\u00e9veloppement","description":"L\u2019aromatisation sur mesure","potentialAction":[{"@type":"SearchAction","target":{"@type":"EntryPoint","urlTemplate":"https:\/\/www.france-culinaire.com\/?s={search_term_string}"},"query-input":{"@type":"PropertyValueSpecification","valueRequired":true,"valueName":"search_term_string"}}],"inLanguage":"en-US"}]}},"_links":{"self":[{"href":"https:\/\/www.france-culinaire.com\/en\/wp-json\/wp\/v2\/product\/11057","targetHints":{"allow":["GET"]}}],"collection":[{"href":"https:\/\/www.france-culinaire.com\/en\/wp-json\/wp\/v2\/product"}],"about":[{"href":"https:\/\/www.france-culinaire.com\/en\/wp-json\/wp\/v2\/types\/product"}],"wp:featuredmedia":[{"embeddable":true,"href":"https:\/\/www.france-culinaire.com\/en\/wp-json\/wp\/v2\/media\/11055"}],"wp:attachment":[{"href":"https:\/\/www.france-culinaire.com\/en\/wp-json\/wp\/v2\/media?parent=11057"}],"wp:term":[{"taxonomy":"product_brand","embeddable":true,"href":"https:\/\/www.france-culinaire.com\/en\/wp-json\/wp\/v2\/product_brand?post=11057"},{"taxonomy":"product_type","embeddable":true,"href":"https:\/\/www.france-culinaire.com\/en\/wp-json\/wp\/v2\/product_type?post=11057"},{"taxonomy":"product_visibility","embeddable":true,"href":"https:\/\/www.france-culinaire.com\/en\/wp-json\/wp\/v2\/product_visibility?post=11057"},{"taxonomy":"product_cat","embeddable":true,"href":"https:\/\/www.france-culinaire.com\/en\/wp-json\/wp\/v2\/product_cat?post=11057"}],"curies":[{"name":"wp","href":"https:\/\/api.w.org\/{rel}","templated":true}]}}