{"id":11047,"date":"2026-04-23T10:36:25","date_gmt":"2026-04-23T08:36:25","guid":{"rendered":"https:\/\/www.france-culinaire.com\/?post_type=product&#038;p=11047"},"modified":"2026-04-23T10:46:17","modified_gmt":"2026-04-23T08:46:17","slug":"poudre_de_fromage_camembert_2676","status":"publish","type":"product","link":"https:\/\/www.france-culinaire.com\/en\/product\/poudre_de_fromage_camembert_2676\/","title":{"rendered":"POUDRE DE FROMAGE CAMEMBERT"},"content":{"rendered":"<p><strong>Poudre de fromage camembert : une poudre au go\u00fbt caract\u00e9ristique de camembert, riche et l\u00e9g\u00e8rement affin\u00e9,, con\u00e7ue pour \u00eatre int\u00e9gr\u00e9 directement dans vos snacks, produits ap\u00e9ritis ou vos pr\u00e9parations culinaires  en apportant une note fromag\u00e8re intense et cr\u00e9meuse.<\/strong><\/p>\n<p><strong>\u00c0 adapter selon usage<\/strong><\/p>\n","protected":false},"excerpt":{"rendered":"<p>Poudre au go\u00fbt riche et typ\u00e9 de camembert<\/p>\n","protected":false},"featured_media":11034,"template":"","meta":[],"product_brand":[],"product_type":[2],"product_visibility":[],"product_cat":[870,1005,890],"class_list":{"0":"post-11047","1":"product","2":"type-product","3":"status-publish","4":"has-post-thumbnail","6":"product_cat-spcialits-aromatiquesassaisonnements","7":"product_cat-produits-produitssolutions-fromagrespoudre-de-fromage","8":"product_cat-produitsspecialites-fromageres","9":"product_tag-apritif","10":"product_tag-camembert","11":"product_tag-fromage","12":"product_tag-snacking","14":"first","15":"instock","16":"shipping-taxable","17":"product-type-simple"},"acf":{"fiche_methode":"","fiche_technique":""},"yoast_head":"<!-- This site is optimized with the Yoast SEO plugin v27.1.1 - https:\/\/yoast.com\/product\/yoast-seo-wordpress\/ -->\n<title>POUDRE DE FROMAGE CAMEMBERT - France Culinaire D\u00e9veloppement<\/title>\n<meta name=\"robots\" content=\"index, follow, max-snippet:-1, max-image-preview:large, max-video-preview:-1\" \/>\n<link rel=\"canonical\" href=\"https:\/\/www.france-culinaire.com\/product\/poudre_de_fromage_camembert_2676\/\" \/>\n<meta property=\"og:locale\" content=\"en_US\" \/>\n<meta property=\"og:type\" content=\"article\" \/>\n<meta property=\"og:title\" content=\"POUDRE DE FROMAGE CAMEMBERT - France Culinaire D\u00e9veloppement\" \/>\n<meta property=\"og:description\" content=\"Poudre au go\u00fbt riche et typ\u00e9 de camembert\" \/>\n<meta property=\"og:url\" content=\"https:\/\/www.france-culinaire.com\/product\/poudre_de_fromage_camembert_2676\/\" \/>\n<meta property=\"og:site_name\" content=\"France Culinaire D\u00e9veloppement\" \/>\n<meta property=\"article:modified_time\" content=\"2026-04-23T08:46:17+00:00\" \/>\n<meta property=\"og:image\" content=\"https:\/\/www.france-culinaire.com\/app\/uploads\/2026\/04\/Transparent-2.png\" \/>\n\t<meta property=\"og:image:width\" content=\"709\" \/>\n\t<meta property=\"og:image:height\" content=\"709\" \/>\n\t<meta property=\"og:image:type\" content=\"image\/png\" \/>\n<meta name=\"twitter:card\" content=\"summary_large_image\" \/>\n<script type=\"application\/ld+json\" class=\"yoast-schema-graph\">{\"@context\":\"https:\/\/schema.org\",\"@graph\":[{\"@type\":\"WebPage\",\"@id\":\"https:\/\/www.france-culinaire.com\/product\/poudre_de_fromage_camembert_2676\/\",\"url\":\"https:\/\/www.france-culinaire.com\/product\/poudre_de_fromage_camembert_2676\/\",\"name\":\"POUDRE DE FROMAGE CAMEMBERT - France Culinaire D\u00e9veloppement\",\"isPartOf\":{\"@id\":\"https:\/\/www.france-culinaire.com\/#website\"},\"primaryImageOfPage\":{\"@id\":\"https:\/\/www.france-culinaire.com\/product\/poudre_de_fromage_camembert_2676\/#primaryimage\"},\"image\":{\"@id\":\"https:\/\/www.france-culinaire.com\/product\/poudre_de_fromage_camembert_2676\/#primaryimage\"},\"thumbnailUrl\":\"https:\/\/www.france-culinaire.com\/app\/uploads\/2026\/04\/Transparent-2.png\",\"datePublished\":\"2026-04-23T08:36:25+00:00\",\"dateModified\":\"2026-04-23T08:46:17+00:00\",\"breadcrumb\":{\"@id\":\"https:\/\/www.france-culinaire.com\/product\/poudre_de_fromage_camembert_2676\/#breadcrumb\"},\"inLanguage\":\"en-US\",\"potentialAction\":[{\"@type\":\"ReadAction\",\"target\":[\"https:\/\/www.france-culinaire.com\/product\/poudre_de_fromage_camembert_2676\/\"]}]},{\"@type\":\"ImageObject\",\"inLanguage\":\"en-US\",\"@id\":\"https:\/\/www.france-culinaire.com\/product\/poudre_de_fromage_camembert_2676\/#primaryimage\",\"url\":\"https:\/\/www.france-culinaire.com\/app\/uploads\/2026\/04\/Transparent-2.png\",\"contentUrl\":\"https:\/\/www.france-culinaire.com\/app\/uploads\/2026\/04\/Transparent-2.png\",\"width\":709,\"height\":709},{\"@type\":\"BreadcrumbList\",\"@id\":\"https:\/\/www.france-culinaire.com\/product\/poudre_de_fromage_camembert_2676\/#breadcrumb\",\"itemListElement\":[{\"@type\":\"ListItem\",\"position\":1,\"name\":\"Home\",\"item\":\"https:\/\/www.france-culinaire.com\/en\/\"},{\"@type\":\"ListItem\",\"position\":2,\"name\":\"Boutique\",\"item\":\"https:\/\/www.france-culinaire.com\/boutique-2\/\"},{\"@type\":\"ListItem\",\"position\":3,\"name\":\"POUDRE DE FROMAGE CAMEMBERT\"}]},{\"@type\":\"WebSite\",\"@id\":\"https:\/\/www.france-culinaire.com\/#website\",\"url\":\"https:\/\/www.france-culinaire.com\/\",\"name\":\"France Culinaire D\u00e9veloppement\",\"description\":\"L\u2019aromatisation sur mesure\",\"potentialAction\":[{\"@type\":\"SearchAction\",\"target\":{\"@type\":\"EntryPoint\",\"urlTemplate\":\"https:\/\/www.france-culinaire.com\/?s={search_term_string}\"},\"query-input\":{\"@type\":\"PropertyValueSpecification\",\"valueRequired\":true,\"valueName\":\"search_term_string\"}}],\"inLanguage\":\"en-US\"}]}<\/script>\n<!-- \/ Yoast SEO plugin. -->","yoast_head_json":{"title":"POUDRE DE FROMAGE CAMEMBERT - France Culinaire D\u00e9veloppement","robots":{"index":"index","follow":"follow","max-snippet":"max-snippet:-1","max-image-preview":"max-image-preview:large","max-video-preview":"max-video-preview:-1"},"canonical":"https:\/\/www.france-culinaire.com\/product\/poudre_de_fromage_camembert_2676\/","og_locale":"en_US","og_type":"article","og_title":"POUDRE DE FROMAGE CAMEMBERT - France Culinaire D\u00e9veloppement","og_description":"Poudre au go\u00fbt riche et typ\u00e9 de camembert","og_url":"https:\/\/www.france-culinaire.com\/product\/poudre_de_fromage_camembert_2676\/","og_site_name":"France Culinaire D\u00e9veloppement","article_modified_time":"2026-04-23T08:46:17+00:00","og_image":[{"width":709,"height":709,"url":"https:\/\/www.france-culinaire.com\/app\/uploads\/2026\/04\/Transparent-2.png","type":"image\/png"}],"twitter_card":"summary_large_image","schema":{"@context":"https:\/\/schema.org","@graph":[{"@type":"WebPage","@id":"https:\/\/www.france-culinaire.com\/product\/poudre_de_fromage_camembert_2676\/","url":"https:\/\/www.france-culinaire.com\/product\/poudre_de_fromage_camembert_2676\/","name":"POUDRE DE FROMAGE CAMEMBERT - France Culinaire D\u00e9veloppement","isPartOf":{"@id":"https:\/\/www.france-culinaire.com\/#website"},"primaryImageOfPage":{"@id":"https:\/\/www.france-culinaire.com\/product\/poudre_de_fromage_camembert_2676\/#primaryimage"},"image":{"@id":"https:\/\/www.france-culinaire.com\/product\/poudre_de_fromage_camembert_2676\/#primaryimage"},"thumbnailUrl":"https:\/\/www.france-culinaire.com\/app\/uploads\/2026\/04\/Transparent-2.png","datePublished":"2026-04-23T08:36:25+00:00","dateModified":"2026-04-23T08:46:17+00:00","breadcrumb":{"@id":"https:\/\/www.france-culinaire.com\/product\/poudre_de_fromage_camembert_2676\/#breadcrumb"},"inLanguage":"en-US","potentialAction":[{"@type":"ReadAction","target":["https:\/\/www.france-culinaire.com\/product\/poudre_de_fromage_camembert_2676\/"]}]},{"@type":"ImageObject","inLanguage":"en-US","@id":"https:\/\/www.france-culinaire.com\/product\/poudre_de_fromage_camembert_2676\/#primaryimage","url":"https:\/\/www.france-culinaire.com\/app\/uploads\/2026\/04\/Transparent-2.png","contentUrl":"https:\/\/www.france-culinaire.com\/app\/uploads\/2026\/04\/Transparent-2.png","width":709,"height":709},{"@type":"BreadcrumbList","@id":"https:\/\/www.france-culinaire.com\/product\/poudre_de_fromage_camembert_2676\/#breadcrumb","itemListElement":[{"@type":"ListItem","position":1,"name":"Home","item":"https:\/\/www.france-culinaire.com\/en\/"},{"@type":"ListItem","position":2,"name":"Boutique","item":"https:\/\/www.france-culinaire.com\/boutique-2\/"},{"@type":"ListItem","position":3,"name":"POUDRE DE FROMAGE CAMEMBERT"}]},{"@type":"WebSite","@id":"https:\/\/www.france-culinaire.com\/#website","url":"https:\/\/www.france-culinaire.com\/","name":"France Culinaire D\u00e9veloppement","description":"L\u2019aromatisation sur mesure","potentialAction":[{"@type":"SearchAction","target":{"@type":"EntryPoint","urlTemplate":"https:\/\/www.france-culinaire.com\/?s={search_term_string}"},"query-input":{"@type":"PropertyValueSpecification","valueRequired":true,"valueName":"search_term_string"}}],"inLanguage":"en-US"}]}},"_links":{"self":[{"href":"https:\/\/www.france-culinaire.com\/en\/wp-json\/wp\/v2\/product\/11047","targetHints":{"allow":["GET"]}}],"collection":[{"href":"https:\/\/www.france-culinaire.com\/en\/wp-json\/wp\/v2\/product"}],"about":[{"href":"https:\/\/www.france-culinaire.com\/en\/wp-json\/wp\/v2\/types\/product"}],"wp:featuredmedia":[{"embeddable":true,"href":"https:\/\/www.france-culinaire.com\/en\/wp-json\/wp\/v2\/media\/11034"}],"wp:attachment":[{"href":"https:\/\/www.france-culinaire.com\/en\/wp-json\/wp\/v2\/media?parent=11047"}],"wp:term":[{"taxonomy":"product_brand","embeddable":true,"href":"https:\/\/www.france-culinaire.com\/en\/wp-json\/wp\/v2\/product_brand?post=11047"},{"taxonomy":"product_type","embeddable":true,"href":"https:\/\/www.france-culinaire.com\/en\/wp-json\/wp\/v2\/product_type?post=11047"},{"taxonomy":"product_visibility","embeddable":true,"href":"https:\/\/www.france-culinaire.com\/en\/wp-json\/wp\/v2\/product_visibility?post=11047"},{"taxonomy":"product_cat","embeddable":true,"href":"https:\/\/www.france-culinaire.com\/en\/wp-json\/wp\/v2\/product_cat?post=11047"}],"curies":[{"name":"wp","href":"https:\/\/api.w.org\/{rel}","templated":true}]}}