{"id":11043,"date":"2026-04-23T10:09:01","date_gmt":"2026-04-23T08:09:01","guid":{"rendered":"https:\/\/www.france-culinaire.com\/?post_type=product&#038;p=11043"},"modified":"2026-04-23T10:10:50","modified_gmt":"2026-04-23T08:10:50","slug":"sauce_au_cheddar_dm_8667","status":"publish","type":"product","link":"https:\/\/www.france-culinaire.com\/en\/product\/sauce_au_cheddar_dm_8667\/","title":{"rendered":"SAUCE AU CHEDDAR DM"},"content":{"rendered":"<p><strong>Sauce au cheddar DM : une sauce onctueuse et gourmande \u00e0 base de cheddar, offrant un go\u00fbt riche et l\u00e9g\u00e8rement prononc\u00e9, id\u00e9ale pour napper burgers, frites, nachos ou plats gratin\u00e9s.<\/strong><\/p>\n<p><strong>\u00c0 adapter selon usage<\/strong><\/p>\n","protected":false},"excerpt":{"rendered":"<p>Sauce au cheddar DM en circuit frais<\/p>\n","protected":false},"featured_media":11031,"template":"","meta":[],"product_brand":[],"product_type":[2],"product_visibility":[],"product_cat":[870,896,890],"class_list":{"0":"post-11043","1":"product","2":"type-product","3":"status-publish","4":"has-post-thumbnail","6":"product_cat-spcialits-aromatiquesassaisonnements","7":"product_cat-produits-produitssolutions-fromagressauces-fromagres","8":"product_cat-produitsspecialites-fromageres","9":"product_tag-reblochon","10":"product_tag-sauce","11":"product_tag-snacking","12":"product_tag-tacos","14":"first","15":"instock","16":"shipping-taxable","17":"product-type-simple"},"acf":{"fiche_methode":"","fiche_technique":""},"yoast_head":"<!-- This site is optimized with the Yoast SEO plugin v27.1.1 - https:\/\/yoast.com\/product\/yoast-seo-wordpress\/ -->\n<title>SAUCE AU CHEDDAR DM - France Culinaire D\u00e9veloppement<\/title>\n<meta name=\"robots\" content=\"index, follow, max-snippet:-1, max-image-preview:large, max-video-preview:-1\" \/>\n<link rel=\"canonical\" href=\"https:\/\/www.france-culinaire.com\/product\/sauce_au_cheddar_dm_8667\/\" \/>\n<meta property=\"og:locale\" content=\"en_US\" \/>\n<meta property=\"og:type\" content=\"article\" \/>\n<meta property=\"og:title\" content=\"SAUCE AU CHEDDAR DM - France Culinaire D\u00e9veloppement\" \/>\n<meta property=\"og:description\" content=\"Sauce au cheddar DM en circuit frais\" \/>\n<meta property=\"og:url\" content=\"https:\/\/www.france-culinaire.com\/product\/sauce_au_cheddar_dm_8667\/\" \/>\n<meta property=\"og:site_name\" content=\"France Culinaire D\u00e9veloppement\" \/>\n<meta property=\"article:modified_time\" content=\"2026-04-23T08:10:50+00:00\" \/>\n<meta property=\"og:image\" content=\"https:\/\/www.france-culinaire.com\/app\/uploads\/2026\/04\/Transparent-1.png\" \/>\n\t<meta property=\"og:image:width\" content=\"709\" \/>\n\t<meta property=\"og:image:height\" content=\"709\" \/>\n\t<meta property=\"og:image:type\" content=\"image\/png\" \/>\n<meta name=\"twitter:card\" content=\"summary_large_image\" \/>\n<script type=\"application\/ld+json\" class=\"yoast-schema-graph\">{\"@context\":\"https:\/\/schema.org\",\"@graph\":[{\"@type\":\"WebPage\",\"@id\":\"https:\/\/www.france-culinaire.com\/product\/sauce_au_cheddar_dm_8667\/\",\"url\":\"https:\/\/www.france-culinaire.com\/product\/sauce_au_cheddar_dm_8667\/\",\"name\":\"SAUCE AU CHEDDAR DM - France Culinaire D\u00e9veloppement\",\"isPartOf\":{\"@id\":\"https:\/\/www.france-culinaire.com\/#website\"},\"primaryImageOfPage\":{\"@id\":\"https:\/\/www.france-culinaire.com\/product\/sauce_au_cheddar_dm_8667\/#primaryimage\"},\"image\":{\"@id\":\"https:\/\/www.france-culinaire.com\/product\/sauce_au_cheddar_dm_8667\/#primaryimage\"},\"thumbnailUrl\":\"https:\/\/www.france-culinaire.com\/app\/uploads\/2026\/04\/Transparent-1.png\",\"datePublished\":\"2026-04-23T08:09:01+00:00\",\"dateModified\":\"2026-04-23T08:10:50+00:00\",\"breadcrumb\":{\"@id\":\"https:\/\/www.france-culinaire.com\/product\/sauce_au_cheddar_dm_8667\/#breadcrumb\"},\"inLanguage\":\"en-US\",\"potentialAction\":[{\"@type\":\"ReadAction\",\"target\":[\"https:\/\/www.france-culinaire.com\/product\/sauce_au_cheddar_dm_8667\/\"]}]},{\"@type\":\"ImageObject\",\"inLanguage\":\"en-US\",\"@id\":\"https:\/\/www.france-culinaire.com\/product\/sauce_au_cheddar_dm_8667\/#primaryimage\",\"url\":\"https:\/\/www.france-culinaire.com\/app\/uploads\/2026\/04\/Transparent-1.png\",\"contentUrl\":\"https:\/\/www.france-culinaire.com\/app\/uploads\/2026\/04\/Transparent-1.png\",\"width\":709,\"height\":709},{\"@type\":\"BreadcrumbList\",\"@id\":\"https:\/\/www.france-culinaire.com\/product\/sauce_au_cheddar_dm_8667\/#breadcrumb\",\"itemListElement\":[{\"@type\":\"ListItem\",\"position\":1,\"name\":\"Home\",\"item\":\"https:\/\/www.france-culinaire.com\/en\/\"},{\"@type\":\"ListItem\",\"position\":2,\"name\":\"Boutique\",\"item\":\"https:\/\/www.france-culinaire.com\/boutique-2\/\"},{\"@type\":\"ListItem\",\"position\":3,\"name\":\"SAUCE AU CHEDDAR DM\"}]},{\"@type\":\"WebSite\",\"@id\":\"https:\/\/www.france-culinaire.com\/#website\",\"url\":\"https:\/\/www.france-culinaire.com\/\",\"name\":\"France Culinaire D\u00e9veloppement\",\"description\":\"L\u2019aromatisation sur mesure\",\"potentialAction\":[{\"@type\":\"SearchAction\",\"target\":{\"@type\":\"EntryPoint\",\"urlTemplate\":\"https:\/\/www.france-culinaire.com\/?s={search_term_string}\"},\"query-input\":{\"@type\":\"PropertyValueSpecification\",\"valueRequired\":true,\"valueName\":\"search_term_string\"}}],\"inLanguage\":\"en-US\"}]}<\/script>\n<!-- \/ Yoast SEO plugin. -->","yoast_head_json":{"title":"SAUCE AU CHEDDAR DM - France Culinaire D\u00e9veloppement","robots":{"index":"index","follow":"follow","max-snippet":"max-snippet:-1","max-image-preview":"max-image-preview:large","max-video-preview":"max-video-preview:-1"},"canonical":"https:\/\/www.france-culinaire.com\/product\/sauce_au_cheddar_dm_8667\/","og_locale":"en_US","og_type":"article","og_title":"SAUCE AU CHEDDAR DM - France Culinaire D\u00e9veloppement","og_description":"Sauce au cheddar DM en circuit frais","og_url":"https:\/\/www.france-culinaire.com\/product\/sauce_au_cheddar_dm_8667\/","og_site_name":"France Culinaire D\u00e9veloppement","article_modified_time":"2026-04-23T08:10:50+00:00","og_image":[{"width":709,"height":709,"url":"https:\/\/www.france-culinaire.com\/app\/uploads\/2026\/04\/Transparent-1.png","type":"image\/png"}],"twitter_card":"summary_large_image","schema":{"@context":"https:\/\/schema.org","@graph":[{"@type":"WebPage","@id":"https:\/\/www.france-culinaire.com\/product\/sauce_au_cheddar_dm_8667\/","url":"https:\/\/www.france-culinaire.com\/product\/sauce_au_cheddar_dm_8667\/","name":"SAUCE AU CHEDDAR DM - France Culinaire D\u00e9veloppement","isPartOf":{"@id":"https:\/\/www.france-culinaire.com\/#website"},"primaryImageOfPage":{"@id":"https:\/\/www.france-culinaire.com\/product\/sauce_au_cheddar_dm_8667\/#primaryimage"},"image":{"@id":"https:\/\/www.france-culinaire.com\/product\/sauce_au_cheddar_dm_8667\/#primaryimage"},"thumbnailUrl":"https:\/\/www.france-culinaire.com\/app\/uploads\/2026\/04\/Transparent-1.png","datePublished":"2026-04-23T08:09:01+00:00","dateModified":"2026-04-23T08:10:50+00:00","breadcrumb":{"@id":"https:\/\/www.france-culinaire.com\/product\/sauce_au_cheddar_dm_8667\/#breadcrumb"},"inLanguage":"en-US","potentialAction":[{"@type":"ReadAction","target":["https:\/\/www.france-culinaire.com\/product\/sauce_au_cheddar_dm_8667\/"]}]},{"@type":"ImageObject","inLanguage":"en-US","@id":"https:\/\/www.france-culinaire.com\/product\/sauce_au_cheddar_dm_8667\/#primaryimage","url":"https:\/\/www.france-culinaire.com\/app\/uploads\/2026\/04\/Transparent-1.png","contentUrl":"https:\/\/www.france-culinaire.com\/app\/uploads\/2026\/04\/Transparent-1.png","width":709,"height":709},{"@type":"BreadcrumbList","@id":"https:\/\/www.france-culinaire.com\/product\/sauce_au_cheddar_dm_8667\/#breadcrumb","itemListElement":[{"@type":"ListItem","position":1,"name":"Home","item":"https:\/\/www.france-culinaire.com\/en\/"},{"@type":"ListItem","position":2,"name":"Boutique","item":"https:\/\/www.france-culinaire.com\/boutique-2\/"},{"@type":"ListItem","position":3,"name":"SAUCE AU CHEDDAR DM"}]},{"@type":"WebSite","@id":"https:\/\/www.france-culinaire.com\/#website","url":"https:\/\/www.france-culinaire.com\/","name":"France Culinaire D\u00e9veloppement","description":"L\u2019aromatisation sur mesure","potentialAction":[{"@type":"SearchAction","target":{"@type":"EntryPoint","urlTemplate":"https:\/\/www.france-culinaire.com\/?s={search_term_string}"},"query-input":{"@type":"PropertyValueSpecification","valueRequired":true,"valueName":"search_term_string"}}],"inLanguage":"en-US"}]}},"_links":{"self":[{"href":"https:\/\/www.france-culinaire.com\/en\/wp-json\/wp\/v2\/product\/11043","targetHints":{"allow":["GET"]}}],"collection":[{"href":"https:\/\/www.france-culinaire.com\/en\/wp-json\/wp\/v2\/product"}],"about":[{"href":"https:\/\/www.france-culinaire.com\/en\/wp-json\/wp\/v2\/types\/product"}],"wp:featuredmedia":[{"embeddable":true,"href":"https:\/\/www.france-culinaire.com\/en\/wp-json\/wp\/v2\/media\/11031"}],"wp:attachment":[{"href":"https:\/\/www.france-culinaire.com\/en\/wp-json\/wp\/v2\/media?parent=11043"}],"wp:term":[{"taxonomy":"product_brand","embeddable":true,"href":"https:\/\/www.france-culinaire.com\/en\/wp-json\/wp\/v2\/product_brand?post=11043"},{"taxonomy":"product_type","embeddable":true,"href":"https:\/\/www.france-culinaire.com\/en\/wp-json\/wp\/v2\/product_type?post=11043"},{"taxonomy":"product_visibility","embeddable":true,"href":"https:\/\/www.france-culinaire.com\/en\/wp-json\/wp\/v2\/product_visibility?post=11043"},{"taxonomy":"product_cat","embeddable":true,"href":"https:\/\/www.france-culinaire.com\/en\/wp-json\/wp\/v2\/product_cat?post=11043"}],"curies":[{"name":"wp","href":"https:\/\/api.w.org\/{rel}","templated":true}]}}