{"id":11040,"date":"2026-04-23T09:51:25","date_gmt":"2026-04-23T07:51:25","guid":{"rendered":"https:\/\/www.france-culinaire.com\/?post_type=product&#038;p=11040"},"modified":"2026-04-23T09:53:00","modified_gmt":"2026-04-23T07:53:00","slug":"solution_fromagere_a_ledam__8672","status":"publish","type":"product","link":"https:\/\/www.france-culinaire.com\/en\/product\/solution_fromagere_a_ledam__8672\/","title":{"rendered":"SOLUTION FROMAG\u00c8RE A L&#8217;EDAM"},"content":{"rendered":"<p><strong>Solution fromag\u00e8re \u00e0 l\u2019Edam : une pr\u00e9paration fromag\u00e8re fluide \u00e0 base d\u2019Edam, offrant un go\u00fbt doux et l\u00e9g\u00e8rement fruit\u00e9, id\u00e9ale pour applications industrielles, sauces, nappages ou pr\u00e9parations culinaires.<\/strong><\/p>\n<p><strong>\u00c0 adapter selon usage<\/strong><\/p>\n","protected":false},"excerpt":{"rendered":"<p>Solution fromag\u00e8re \u00e0 l\u2019Edam en circuit frais<\/p>\n","protected":false},"featured_media":11031,"template":"","meta":[],"product_brand":[],"product_type":[2],"product_visibility":[],"product_cat":[870,896,890],"class_list":{"0":"post-11040","1":"product","2":"type-product","3":"status-publish","4":"has-post-thumbnail","6":"product_cat-spcialits-aromatiquesassaisonnements","7":"product_cat-produits-produitssolutions-fromagressauces-fromagres","8":"product_cat-produitsspecialites-fromageres","9":"product_tag-reblochon","10":"product_tag-sauce","11":"product_tag-snacking","12":"product_tag-tacos","14":"first","15":"instock","16":"shipping-taxable","17":"product-type-simple"},"acf":{"fiche_methode":"","fiche_technique":""},"yoast_head":"<!-- This site is optimized with the Yoast SEO plugin v27.1.1 - https:\/\/yoast.com\/product\/yoast-seo-wordpress\/ -->\n<title>SOLUTION FROMAG\u00c8RE A L&#039;EDAM - France Culinaire D\u00e9veloppement<\/title>\n<meta name=\"robots\" content=\"index, follow, max-snippet:-1, max-image-preview:large, max-video-preview:-1\" \/>\n<link rel=\"canonical\" href=\"https:\/\/www.france-culinaire.com\/product\/solution_fromagere_a_ledam__8672\/\" \/>\n<meta property=\"og:locale\" content=\"en_US\" \/>\n<meta property=\"og:type\" content=\"article\" \/>\n<meta property=\"og:title\" content=\"SOLUTION FROMAG\u00c8RE A L&#039;EDAM - France Culinaire D\u00e9veloppement\" \/>\n<meta property=\"og:description\" content=\"Solution fromag\u00e8re \u00e0 l\u2019Edam en circuit frais\" \/>\n<meta property=\"og:url\" content=\"https:\/\/www.france-culinaire.com\/product\/solution_fromagere_a_ledam__8672\/\" \/>\n<meta property=\"og:site_name\" content=\"France Culinaire D\u00e9veloppement\" \/>\n<meta property=\"article:modified_time\" content=\"2026-04-23T07:53:00+00:00\" \/>\n<meta property=\"og:image\" content=\"https:\/\/www.france-culinaire.com\/app\/uploads\/2026\/04\/Transparent-1.png\" \/>\n\t<meta property=\"og:image:width\" content=\"709\" \/>\n\t<meta property=\"og:image:height\" content=\"709\" \/>\n\t<meta property=\"og:image:type\" content=\"image\/png\" \/>\n<meta name=\"twitter:card\" content=\"summary_large_image\" \/>\n<script type=\"application\/ld+json\" class=\"yoast-schema-graph\">{\"@context\":\"https:\/\/schema.org\",\"@graph\":[{\"@type\":\"WebPage\",\"@id\":\"https:\/\/www.france-culinaire.com\/product\/solution_fromagere_a_ledam__8672\/\",\"url\":\"https:\/\/www.france-culinaire.com\/product\/solution_fromagere_a_ledam__8672\/\",\"name\":\"SOLUTION FROMAG\u00c8RE A L'EDAM - France Culinaire D\u00e9veloppement\",\"isPartOf\":{\"@id\":\"https:\/\/www.france-culinaire.com\/#website\"},\"primaryImageOfPage\":{\"@id\":\"https:\/\/www.france-culinaire.com\/product\/solution_fromagere_a_ledam__8672\/#primaryimage\"},\"image\":{\"@id\":\"https:\/\/www.france-culinaire.com\/product\/solution_fromagere_a_ledam__8672\/#primaryimage\"},\"thumbnailUrl\":\"https:\/\/www.france-culinaire.com\/app\/uploads\/2026\/04\/Transparent-1.png\",\"datePublished\":\"2026-04-23T07:51:25+00:00\",\"dateModified\":\"2026-04-23T07:53:00+00:00\",\"breadcrumb\":{\"@id\":\"https:\/\/www.france-culinaire.com\/product\/solution_fromagere_a_ledam__8672\/#breadcrumb\"},\"inLanguage\":\"en-US\",\"potentialAction\":[{\"@type\":\"ReadAction\",\"target\":[\"https:\/\/www.france-culinaire.com\/product\/solution_fromagere_a_ledam__8672\/\"]}]},{\"@type\":\"ImageObject\",\"inLanguage\":\"en-US\",\"@id\":\"https:\/\/www.france-culinaire.com\/product\/solution_fromagere_a_ledam__8672\/#primaryimage\",\"url\":\"https:\/\/www.france-culinaire.com\/app\/uploads\/2026\/04\/Transparent-1.png\",\"contentUrl\":\"https:\/\/www.france-culinaire.com\/app\/uploads\/2026\/04\/Transparent-1.png\",\"width\":709,\"height\":709},{\"@type\":\"BreadcrumbList\",\"@id\":\"https:\/\/www.france-culinaire.com\/product\/solution_fromagere_a_ledam__8672\/#breadcrumb\",\"itemListElement\":[{\"@type\":\"ListItem\",\"position\":1,\"name\":\"Home\",\"item\":\"https:\/\/www.france-culinaire.com\/en\/\"},{\"@type\":\"ListItem\",\"position\":2,\"name\":\"Boutique\",\"item\":\"https:\/\/www.france-culinaire.com\/boutique-2\/\"},{\"@type\":\"ListItem\",\"position\":3,\"name\":\"SOLUTION FROMAG\u00c8RE A L&rsquo;EDAM\"}]},{\"@type\":\"WebSite\",\"@id\":\"https:\/\/www.france-culinaire.com\/#website\",\"url\":\"https:\/\/www.france-culinaire.com\/\",\"name\":\"France Culinaire D\u00e9veloppement\",\"description\":\"L\u2019aromatisation sur mesure\",\"potentialAction\":[{\"@type\":\"SearchAction\",\"target\":{\"@type\":\"EntryPoint\",\"urlTemplate\":\"https:\/\/www.france-culinaire.com\/?s={search_term_string}\"},\"query-input\":{\"@type\":\"PropertyValueSpecification\",\"valueRequired\":true,\"valueName\":\"search_term_string\"}}],\"inLanguage\":\"en-US\"}]}<\/script>\n<!-- \/ Yoast SEO plugin. -->","yoast_head_json":{"title":"SOLUTION FROMAG\u00c8RE A L'EDAM - France Culinaire D\u00e9veloppement","robots":{"index":"index","follow":"follow","max-snippet":"max-snippet:-1","max-image-preview":"max-image-preview:large","max-video-preview":"max-video-preview:-1"},"canonical":"https:\/\/www.france-culinaire.com\/product\/solution_fromagere_a_ledam__8672\/","og_locale":"en_US","og_type":"article","og_title":"SOLUTION FROMAG\u00c8RE A L'EDAM - France Culinaire D\u00e9veloppement","og_description":"Solution fromag\u00e8re \u00e0 l\u2019Edam en circuit frais","og_url":"https:\/\/www.france-culinaire.com\/product\/solution_fromagere_a_ledam__8672\/","og_site_name":"France Culinaire D\u00e9veloppement","article_modified_time":"2026-04-23T07:53:00+00:00","og_image":[{"width":709,"height":709,"url":"https:\/\/www.france-culinaire.com\/app\/uploads\/2026\/04\/Transparent-1.png","type":"image\/png"}],"twitter_card":"summary_large_image","schema":{"@context":"https:\/\/schema.org","@graph":[{"@type":"WebPage","@id":"https:\/\/www.france-culinaire.com\/product\/solution_fromagere_a_ledam__8672\/","url":"https:\/\/www.france-culinaire.com\/product\/solution_fromagere_a_ledam__8672\/","name":"SOLUTION FROMAG\u00c8RE A L'EDAM - France Culinaire D\u00e9veloppement","isPartOf":{"@id":"https:\/\/www.france-culinaire.com\/#website"},"primaryImageOfPage":{"@id":"https:\/\/www.france-culinaire.com\/product\/solution_fromagere_a_ledam__8672\/#primaryimage"},"image":{"@id":"https:\/\/www.france-culinaire.com\/product\/solution_fromagere_a_ledam__8672\/#primaryimage"},"thumbnailUrl":"https:\/\/www.france-culinaire.com\/app\/uploads\/2026\/04\/Transparent-1.png","datePublished":"2026-04-23T07:51:25+00:00","dateModified":"2026-04-23T07:53:00+00:00","breadcrumb":{"@id":"https:\/\/www.france-culinaire.com\/product\/solution_fromagere_a_ledam__8672\/#breadcrumb"},"inLanguage":"en-US","potentialAction":[{"@type":"ReadAction","target":["https:\/\/www.france-culinaire.com\/product\/solution_fromagere_a_ledam__8672\/"]}]},{"@type":"ImageObject","inLanguage":"en-US","@id":"https:\/\/www.france-culinaire.com\/product\/solution_fromagere_a_ledam__8672\/#primaryimage","url":"https:\/\/www.france-culinaire.com\/app\/uploads\/2026\/04\/Transparent-1.png","contentUrl":"https:\/\/www.france-culinaire.com\/app\/uploads\/2026\/04\/Transparent-1.png","width":709,"height":709},{"@type":"BreadcrumbList","@id":"https:\/\/www.france-culinaire.com\/product\/solution_fromagere_a_ledam__8672\/#breadcrumb","itemListElement":[{"@type":"ListItem","position":1,"name":"Home","item":"https:\/\/www.france-culinaire.com\/en\/"},{"@type":"ListItem","position":2,"name":"Boutique","item":"https:\/\/www.france-culinaire.com\/boutique-2\/"},{"@type":"ListItem","position":3,"name":"SOLUTION FROMAG\u00c8RE A L&rsquo;EDAM"}]},{"@type":"WebSite","@id":"https:\/\/www.france-culinaire.com\/#website","url":"https:\/\/www.france-culinaire.com\/","name":"France Culinaire D\u00e9veloppement","description":"L\u2019aromatisation sur mesure","potentialAction":[{"@type":"SearchAction","target":{"@type":"EntryPoint","urlTemplate":"https:\/\/www.france-culinaire.com\/?s={search_term_string}"},"query-input":{"@type":"PropertyValueSpecification","valueRequired":true,"valueName":"search_term_string"}}],"inLanguage":"en-US"}]}},"_links":{"self":[{"href":"https:\/\/www.france-culinaire.com\/en\/wp-json\/wp\/v2\/product\/11040","targetHints":{"allow":["GET"]}}],"collection":[{"href":"https:\/\/www.france-culinaire.com\/en\/wp-json\/wp\/v2\/product"}],"about":[{"href":"https:\/\/www.france-culinaire.com\/en\/wp-json\/wp\/v2\/types\/product"}],"wp:featuredmedia":[{"embeddable":true,"href":"https:\/\/www.france-culinaire.com\/en\/wp-json\/wp\/v2\/media\/11031"}],"wp:attachment":[{"href":"https:\/\/www.france-culinaire.com\/en\/wp-json\/wp\/v2\/media?parent=11040"}],"wp:term":[{"taxonomy":"product_brand","embeddable":true,"href":"https:\/\/www.france-culinaire.com\/en\/wp-json\/wp\/v2\/product_brand?post=11040"},{"taxonomy":"product_type","embeddable":true,"href":"https:\/\/www.france-culinaire.com\/en\/wp-json\/wp\/v2\/product_type?post=11040"},{"taxonomy":"product_visibility","embeddable":true,"href":"https:\/\/www.france-culinaire.com\/en\/wp-json\/wp\/v2\/product_visibility?post=11040"},{"taxonomy":"product_cat","embeddable":true,"href":"https:\/\/www.france-culinaire.com\/en\/wp-json\/wp\/v2\/product_cat?post=11040"}],"curies":[{"name":"wp","href":"https:\/\/api.w.org\/{rel}","templated":true}]}}