{"id":11039,"date":"2026-04-23T09:44:18","date_gmt":"2026-04-23T07:44:18","guid":{"rendered":"https:\/\/www.france-culinaire.com\/?post_type=product&#038;p=11039"},"modified":"2026-04-23T10:16:50","modified_gmt":"2026-04-23T08:16:50","slug":"sauce_fromagere_algerienne_8658","status":"publish","type":"product","link":"https:\/\/www.france-culinaire.com\/en\/product\/sauce_fromagere_algerienne_8658\/","title":{"rendered":"SAUCE FROMAG\u00c8RE ALG\u00c9RIENNE"},"content":{"rendered":"<p><strong>Sauce fromag\u00e8re alg\u00e9rienne : une sauce onctueuse et savoureuse \u00e0 base de fromage, inspir\u00e9e des recettes alg\u00e9riennes, offrant un go\u00fbt riche et l\u00e9g\u00e8rement \u00e9pic\u00e9, id\u00e9ale pour le snacking et les tacos.<\/strong><\/p>\n<p><strong>\u00c0 adapter selon usage<\/strong><\/p>\n","protected":false},"excerpt":{"rendered":"<p>Sauce fromag\u00e8re alg\u00e9rienne en circuit frais<\/p>\n","protected":false},"featured_media":11036,"template":"","meta":[],"product_brand":[],"product_type":[2],"product_visibility":[],"product_cat":[870,896,890],"class_list":{"0":"post-11039","1":"product","2":"type-product","3":"status-publish","4":"has-post-thumbnail","6":"product_cat-spcialits-aromatiquesassaisonnements","7":"product_cat-produits-produitssolutions-fromagressauces-fromagres","8":"product_cat-produitsspecialites-fromageres","9":"product_tag-epice","10":"product_tag-fromage","11":"product_tag-sauce","12":"product_tag-snacking","13":"product_tag-tacos","15":"first","16":"instock","17":"shipping-taxable","18":"product-type-simple"},"acf":{"fiche_methode":"","fiche_technique":""},"yoast_head":"<!-- This site is optimized with the Yoast SEO plugin v27.1.1 - https:\/\/yoast.com\/product\/yoast-seo-wordpress\/ -->\n<title>SAUCE FROMAG\u00c8RE ALG\u00c9RIENNE - France Culinaire D\u00e9veloppement<\/title>\n<meta name=\"robots\" content=\"index, follow, max-snippet:-1, max-image-preview:large, max-video-preview:-1\" \/>\n<link rel=\"canonical\" href=\"https:\/\/www.france-culinaire.com\/product\/sauce_fromagere_algerienne_8658\/\" \/>\n<meta property=\"og:locale\" content=\"en_US\" \/>\n<meta property=\"og:type\" content=\"article\" \/>\n<meta property=\"og:title\" content=\"SAUCE FROMAG\u00c8RE ALG\u00c9RIENNE - France Culinaire D\u00e9veloppement\" \/>\n<meta property=\"og:description\" content=\"Sauce fromag\u00e8re alg\u00e9rienne en circuit frais\" \/>\n<meta property=\"og:url\" content=\"https:\/\/www.france-culinaire.com\/product\/sauce_fromagere_algerienne_8658\/\" \/>\n<meta property=\"og:site_name\" content=\"France Culinaire D\u00e9veloppement\" \/>\n<meta property=\"article:modified_time\" content=\"2026-04-23T08:16:50+00:00\" \/>\n<meta property=\"og:image\" content=\"https:\/\/www.france-culinaire.com\/app\/uploads\/2026\/04\/Transparent-3.png\" \/>\n\t<meta property=\"og:image:width\" content=\"709\" \/>\n\t<meta property=\"og:image:height\" content=\"709\" \/>\n\t<meta property=\"og:image:type\" content=\"image\/png\" \/>\n<meta name=\"twitter:card\" content=\"summary_large_image\" \/>\n<script type=\"application\/ld+json\" class=\"yoast-schema-graph\">{\"@context\":\"https:\/\/schema.org\",\"@graph\":[{\"@type\":\"WebPage\",\"@id\":\"https:\/\/www.france-culinaire.com\/product\/sauce_fromagere_algerienne_8658\/\",\"url\":\"https:\/\/www.france-culinaire.com\/product\/sauce_fromagere_algerienne_8658\/\",\"name\":\"SAUCE FROMAG\u00c8RE ALG\u00c9RIENNE - France Culinaire D\u00e9veloppement\",\"isPartOf\":{\"@id\":\"https:\/\/www.france-culinaire.com\/#website\"},\"primaryImageOfPage\":{\"@id\":\"https:\/\/www.france-culinaire.com\/product\/sauce_fromagere_algerienne_8658\/#primaryimage\"},\"image\":{\"@id\":\"https:\/\/www.france-culinaire.com\/product\/sauce_fromagere_algerienne_8658\/#primaryimage\"},\"thumbnailUrl\":\"https:\/\/www.france-culinaire.com\/app\/uploads\/2026\/04\/Transparent-3.png\",\"datePublished\":\"2026-04-23T07:44:18+00:00\",\"dateModified\":\"2026-04-23T08:16:50+00:00\",\"breadcrumb\":{\"@id\":\"https:\/\/www.france-culinaire.com\/product\/sauce_fromagere_algerienne_8658\/#breadcrumb\"},\"inLanguage\":\"en-US\",\"potentialAction\":[{\"@type\":\"ReadAction\",\"target\":[\"https:\/\/www.france-culinaire.com\/product\/sauce_fromagere_algerienne_8658\/\"]}]},{\"@type\":\"ImageObject\",\"inLanguage\":\"en-US\",\"@id\":\"https:\/\/www.france-culinaire.com\/product\/sauce_fromagere_algerienne_8658\/#primaryimage\",\"url\":\"https:\/\/www.france-culinaire.com\/app\/uploads\/2026\/04\/Transparent-3.png\",\"contentUrl\":\"https:\/\/www.france-culinaire.com\/app\/uploads\/2026\/04\/Transparent-3.png\",\"width\":709,\"height\":709},{\"@type\":\"BreadcrumbList\",\"@id\":\"https:\/\/www.france-culinaire.com\/product\/sauce_fromagere_algerienne_8658\/#breadcrumb\",\"itemListElement\":[{\"@type\":\"ListItem\",\"position\":1,\"name\":\"Home\",\"item\":\"https:\/\/www.france-culinaire.com\/en\/\"},{\"@type\":\"ListItem\",\"position\":2,\"name\":\"Boutique\",\"item\":\"https:\/\/www.france-culinaire.com\/boutique-2\/\"},{\"@type\":\"ListItem\",\"position\":3,\"name\":\"SAUCE FROMAG\u00c8RE ALG\u00c9RIENNE\"}]},{\"@type\":\"WebSite\",\"@id\":\"https:\/\/www.france-culinaire.com\/#website\",\"url\":\"https:\/\/www.france-culinaire.com\/\",\"name\":\"France Culinaire D\u00e9veloppement\",\"description\":\"L\u2019aromatisation sur mesure\",\"potentialAction\":[{\"@type\":\"SearchAction\",\"target\":{\"@type\":\"EntryPoint\",\"urlTemplate\":\"https:\/\/www.france-culinaire.com\/?s={search_term_string}\"},\"query-input\":{\"@type\":\"PropertyValueSpecification\",\"valueRequired\":true,\"valueName\":\"search_term_string\"}}],\"inLanguage\":\"en-US\"}]}<\/script>\n<!-- \/ Yoast SEO plugin. -->","yoast_head_json":{"title":"SAUCE FROMAG\u00c8RE ALG\u00c9RIENNE - France Culinaire D\u00e9veloppement","robots":{"index":"index","follow":"follow","max-snippet":"max-snippet:-1","max-image-preview":"max-image-preview:large","max-video-preview":"max-video-preview:-1"},"canonical":"https:\/\/www.france-culinaire.com\/product\/sauce_fromagere_algerienne_8658\/","og_locale":"en_US","og_type":"article","og_title":"SAUCE FROMAG\u00c8RE ALG\u00c9RIENNE - France Culinaire D\u00e9veloppement","og_description":"Sauce fromag\u00e8re alg\u00e9rienne en circuit frais","og_url":"https:\/\/www.france-culinaire.com\/product\/sauce_fromagere_algerienne_8658\/","og_site_name":"France Culinaire D\u00e9veloppement","article_modified_time":"2026-04-23T08:16:50+00:00","og_image":[{"width":709,"height":709,"url":"https:\/\/www.france-culinaire.com\/app\/uploads\/2026\/04\/Transparent-3.png","type":"image\/png"}],"twitter_card":"summary_large_image","schema":{"@context":"https:\/\/schema.org","@graph":[{"@type":"WebPage","@id":"https:\/\/www.france-culinaire.com\/product\/sauce_fromagere_algerienne_8658\/","url":"https:\/\/www.france-culinaire.com\/product\/sauce_fromagere_algerienne_8658\/","name":"SAUCE FROMAG\u00c8RE ALG\u00c9RIENNE - France Culinaire D\u00e9veloppement","isPartOf":{"@id":"https:\/\/www.france-culinaire.com\/#website"},"primaryImageOfPage":{"@id":"https:\/\/www.france-culinaire.com\/product\/sauce_fromagere_algerienne_8658\/#primaryimage"},"image":{"@id":"https:\/\/www.france-culinaire.com\/product\/sauce_fromagere_algerienne_8658\/#primaryimage"},"thumbnailUrl":"https:\/\/www.france-culinaire.com\/app\/uploads\/2026\/04\/Transparent-3.png","datePublished":"2026-04-23T07:44:18+00:00","dateModified":"2026-04-23T08:16:50+00:00","breadcrumb":{"@id":"https:\/\/www.france-culinaire.com\/product\/sauce_fromagere_algerienne_8658\/#breadcrumb"},"inLanguage":"en-US","potentialAction":[{"@type":"ReadAction","target":["https:\/\/www.france-culinaire.com\/product\/sauce_fromagere_algerienne_8658\/"]}]},{"@type":"ImageObject","inLanguage":"en-US","@id":"https:\/\/www.france-culinaire.com\/product\/sauce_fromagere_algerienne_8658\/#primaryimage","url":"https:\/\/www.france-culinaire.com\/app\/uploads\/2026\/04\/Transparent-3.png","contentUrl":"https:\/\/www.france-culinaire.com\/app\/uploads\/2026\/04\/Transparent-3.png","width":709,"height":709},{"@type":"BreadcrumbList","@id":"https:\/\/www.france-culinaire.com\/product\/sauce_fromagere_algerienne_8658\/#breadcrumb","itemListElement":[{"@type":"ListItem","position":1,"name":"Home","item":"https:\/\/www.france-culinaire.com\/en\/"},{"@type":"ListItem","position":2,"name":"Boutique","item":"https:\/\/www.france-culinaire.com\/boutique-2\/"},{"@type":"ListItem","position":3,"name":"SAUCE FROMAG\u00c8RE ALG\u00c9RIENNE"}]},{"@type":"WebSite","@id":"https:\/\/www.france-culinaire.com\/#website","url":"https:\/\/www.france-culinaire.com\/","name":"France Culinaire D\u00e9veloppement","description":"L\u2019aromatisation sur mesure","potentialAction":[{"@type":"SearchAction","target":{"@type":"EntryPoint","urlTemplate":"https:\/\/www.france-culinaire.com\/?s={search_term_string}"},"query-input":{"@type":"PropertyValueSpecification","valueRequired":true,"valueName":"search_term_string"}}],"inLanguage":"en-US"}]}},"_links":{"self":[{"href":"https:\/\/www.france-culinaire.com\/en\/wp-json\/wp\/v2\/product\/11039","targetHints":{"allow":["GET"]}}],"collection":[{"href":"https:\/\/www.france-culinaire.com\/en\/wp-json\/wp\/v2\/product"}],"about":[{"href":"https:\/\/www.france-culinaire.com\/en\/wp-json\/wp\/v2\/types\/product"}],"wp:featuredmedia":[{"embeddable":true,"href":"https:\/\/www.france-culinaire.com\/en\/wp-json\/wp\/v2\/media\/11036"}],"wp:attachment":[{"href":"https:\/\/www.france-culinaire.com\/en\/wp-json\/wp\/v2\/media?parent=11039"}],"wp:term":[{"taxonomy":"product_brand","embeddable":true,"href":"https:\/\/www.france-culinaire.com\/en\/wp-json\/wp\/v2\/product_brand?post=11039"},{"taxonomy":"product_type","embeddable":true,"href":"https:\/\/www.france-culinaire.com\/en\/wp-json\/wp\/v2\/product_type?post=11039"},{"taxonomy":"product_visibility","embeddable":true,"href":"https:\/\/www.france-culinaire.com\/en\/wp-json\/wp\/v2\/product_visibility?post=11039"},{"taxonomy":"product_cat","embeddable":true,"href":"https:\/\/www.france-culinaire.com\/en\/wp-json\/wp\/v2\/product_cat?post=11039"}],"curies":[{"name":"wp","href":"https:\/\/api.w.org\/{rel}","templated":true}]}}