{"id":11009,"date":"2026-04-22T15:01:13","date_gmt":"2026-04-22T13:01:13","guid":{"rendered":"https:\/\/www.france-culinaire.com\/?post_type=product&#038;p=11009"},"modified":"2026-04-22T15:12:17","modified_gmt":"2026-04-22T13:12:17","slug":"chapelure_saveur_bolognaise_8365","status":"publish","type":"product","link":"https:\/\/www.france-culinaire.com\/en\/product\/chapelure_saveur_bolognaise_8365\/","title":{"rendered":"CHAPELURE SAVEUR BOLOGNAISE"},"content":{"rendered":"<p><strong>La chapelure saveur bolognaise est une chapelure assaisonn\u00e9e inspir\u00e9e de la sauce bolognaise, apportant des notes aromatiques de tomate et d\u2019\u00e9pices pour une panure savoureuse.<\/strong><\/p>\n<p><strong>A adapter selon usage<\/strong><\/p>\n","protected":false},"excerpt":{"rendered":"<p>chapelure assaisonn\u00e9e inspir\u00e9e de la sauce bolognaise<\/p>\n","protected":false},"featured_media":2229,"template":"","meta":[],"product_brand":[],"product_type":[2],"product_visibility":[],"product_cat":[870,1000,777],"class_list":{"0":"post-11009","1":"product","2":"type-product","3":"status-publish","4":"has-post-thumbnail","6":"product_cat-spcialits-aromatiquesassaisonnements","7":"product_cat-produits-produitsprparations-culinaireschapleure-aromatisee","8":"product_cat-produitspreparations-culinaires","9":"product_tag-assaisonnement","10":"product_tag-chapelure","11":"product_tag-citron","12":"product_tag-coriandre","13":"product_tag-deshydrate","14":"product_tag-poudre","15":"product_tag-thai","17":"first","18":"instock","19":"shipping-taxable","20":"product-type-simple"},"acf":{"fiche_methode":"","fiche_technique":""},"yoast_head":"<!-- This site is optimized with the Yoast SEO plugin v27.1.1 - https:\/\/yoast.com\/product\/yoast-seo-wordpress\/ -->\n<title>CHAPELURE SAVEUR BOLOGNAISE - France Culinaire D\u00e9veloppement<\/title>\n<meta name=\"robots\" content=\"index, follow, max-snippet:-1, max-image-preview:large, max-video-preview:-1\" \/>\n<link rel=\"canonical\" href=\"https:\/\/www.france-culinaire.com\/product\/chapelure_saveur_bolognaise_8365\/\" \/>\n<meta property=\"og:locale\" content=\"en_US\" \/>\n<meta property=\"og:type\" content=\"article\" \/>\n<meta property=\"og:title\" content=\"CHAPELURE SAVEUR BOLOGNAISE - France Culinaire D\u00e9veloppement\" \/>\n<meta property=\"og:description\" content=\"chapelure assaisonn\u00e9e inspir\u00e9e de la sauce bolognaise\" \/>\n<meta property=\"og:url\" content=\"https:\/\/www.france-culinaire.com\/product\/chapelure_saveur_bolognaise_8365\/\" \/>\n<meta property=\"og:site_name\" content=\"France Culinaire D\u00e9veloppement\" \/>\n<meta property=\"article:modified_time\" content=\"2026-04-22T13:12:17+00:00\" \/>\n<meta property=\"og:image\" content=\"https:\/\/www.france-culinaire.com\/app\/uploads\/2019\/10\/crevettethai-1.png\" \/>\n\t<meta property=\"og:image:width\" content=\"377\" \/>\n\t<meta property=\"og:image:height\" content=\"574\" \/>\n\t<meta property=\"og:image:type\" content=\"image\/png\" \/>\n<meta name=\"twitter:card\" content=\"summary_large_image\" \/>\n<script type=\"application\/ld+json\" class=\"yoast-schema-graph\">{\"@context\":\"https:\/\/schema.org\",\"@graph\":[{\"@type\":\"WebPage\",\"@id\":\"https:\/\/www.france-culinaire.com\/product\/chapelure_saveur_bolognaise_8365\/\",\"url\":\"https:\/\/www.france-culinaire.com\/product\/chapelure_saveur_bolognaise_8365\/\",\"name\":\"CHAPELURE SAVEUR BOLOGNAISE - France Culinaire D\u00e9veloppement\",\"isPartOf\":{\"@id\":\"https:\/\/www.france-culinaire.com\/#website\"},\"primaryImageOfPage\":{\"@id\":\"https:\/\/www.france-culinaire.com\/product\/chapelure_saveur_bolognaise_8365\/#primaryimage\"},\"image\":{\"@id\":\"https:\/\/www.france-culinaire.com\/product\/chapelure_saveur_bolognaise_8365\/#primaryimage\"},\"thumbnailUrl\":\"https:\/\/www.france-culinaire.com\/app\/uploads\/2019\/10\/crevettethai-1.png\",\"datePublished\":\"2026-04-22T13:01:13+00:00\",\"dateModified\":\"2026-04-22T13:12:17+00:00\",\"breadcrumb\":{\"@id\":\"https:\/\/www.france-culinaire.com\/product\/chapelure_saveur_bolognaise_8365\/#breadcrumb\"},\"inLanguage\":\"en-US\",\"potentialAction\":[{\"@type\":\"ReadAction\",\"target\":[\"https:\/\/www.france-culinaire.com\/product\/chapelure_saveur_bolognaise_8365\/\"]}]},{\"@type\":\"ImageObject\",\"inLanguage\":\"en-US\",\"@id\":\"https:\/\/www.france-culinaire.com\/product\/chapelure_saveur_bolognaise_8365\/#primaryimage\",\"url\":\"https:\/\/www.france-culinaire.com\/app\/uploads\/2019\/10\/crevettethai-1.png\",\"contentUrl\":\"https:\/\/www.france-culinaire.com\/app\/uploads\/2019\/10\/crevettethai-1.png\",\"width\":377,\"height\":574},{\"@type\":\"BreadcrumbList\",\"@id\":\"https:\/\/www.france-culinaire.com\/product\/chapelure_saveur_bolognaise_8365\/#breadcrumb\",\"itemListElement\":[{\"@type\":\"ListItem\",\"position\":1,\"name\":\"Home\",\"item\":\"https:\/\/www.france-culinaire.com\/en\/\"},{\"@type\":\"ListItem\",\"position\":2,\"name\":\"Boutique\",\"item\":\"https:\/\/www.france-culinaire.com\/boutique-2\/\"},{\"@type\":\"ListItem\",\"position\":3,\"name\":\"CHAPELURE SAVEUR BOLOGNAISE\"}]},{\"@type\":\"WebSite\",\"@id\":\"https:\/\/www.france-culinaire.com\/#website\",\"url\":\"https:\/\/www.france-culinaire.com\/\",\"name\":\"France Culinaire D\u00e9veloppement\",\"description\":\"L\u2019aromatisation sur mesure\",\"potentialAction\":[{\"@type\":\"SearchAction\",\"target\":{\"@type\":\"EntryPoint\",\"urlTemplate\":\"https:\/\/www.france-culinaire.com\/?s={search_term_string}\"},\"query-input\":{\"@type\":\"PropertyValueSpecification\",\"valueRequired\":true,\"valueName\":\"search_term_string\"}}],\"inLanguage\":\"en-US\"}]}<\/script>\n<!-- \/ Yoast SEO plugin. -->","yoast_head_json":{"title":"CHAPELURE SAVEUR BOLOGNAISE - France Culinaire D\u00e9veloppement","robots":{"index":"index","follow":"follow","max-snippet":"max-snippet:-1","max-image-preview":"max-image-preview:large","max-video-preview":"max-video-preview:-1"},"canonical":"https:\/\/www.france-culinaire.com\/product\/chapelure_saveur_bolognaise_8365\/","og_locale":"en_US","og_type":"article","og_title":"CHAPELURE SAVEUR BOLOGNAISE - France Culinaire D\u00e9veloppement","og_description":"chapelure assaisonn\u00e9e inspir\u00e9e de la sauce bolognaise","og_url":"https:\/\/www.france-culinaire.com\/product\/chapelure_saveur_bolognaise_8365\/","og_site_name":"France Culinaire D\u00e9veloppement","article_modified_time":"2026-04-22T13:12:17+00:00","og_image":[{"width":377,"height":574,"url":"https:\/\/www.france-culinaire.com\/app\/uploads\/2019\/10\/crevettethai-1.png","type":"image\/png"}],"twitter_card":"summary_large_image","schema":{"@context":"https:\/\/schema.org","@graph":[{"@type":"WebPage","@id":"https:\/\/www.france-culinaire.com\/product\/chapelure_saveur_bolognaise_8365\/","url":"https:\/\/www.france-culinaire.com\/product\/chapelure_saveur_bolognaise_8365\/","name":"CHAPELURE SAVEUR BOLOGNAISE - France Culinaire D\u00e9veloppement","isPartOf":{"@id":"https:\/\/www.france-culinaire.com\/#website"},"primaryImageOfPage":{"@id":"https:\/\/www.france-culinaire.com\/product\/chapelure_saveur_bolognaise_8365\/#primaryimage"},"image":{"@id":"https:\/\/www.france-culinaire.com\/product\/chapelure_saveur_bolognaise_8365\/#primaryimage"},"thumbnailUrl":"https:\/\/www.france-culinaire.com\/app\/uploads\/2019\/10\/crevettethai-1.png","datePublished":"2026-04-22T13:01:13+00:00","dateModified":"2026-04-22T13:12:17+00:00","breadcrumb":{"@id":"https:\/\/www.france-culinaire.com\/product\/chapelure_saveur_bolognaise_8365\/#breadcrumb"},"inLanguage":"en-US","potentialAction":[{"@type":"ReadAction","target":["https:\/\/www.france-culinaire.com\/product\/chapelure_saveur_bolognaise_8365\/"]}]},{"@type":"ImageObject","inLanguage":"en-US","@id":"https:\/\/www.france-culinaire.com\/product\/chapelure_saveur_bolognaise_8365\/#primaryimage","url":"https:\/\/www.france-culinaire.com\/app\/uploads\/2019\/10\/crevettethai-1.png","contentUrl":"https:\/\/www.france-culinaire.com\/app\/uploads\/2019\/10\/crevettethai-1.png","width":377,"height":574},{"@type":"BreadcrumbList","@id":"https:\/\/www.france-culinaire.com\/product\/chapelure_saveur_bolognaise_8365\/#breadcrumb","itemListElement":[{"@type":"ListItem","position":1,"name":"Home","item":"https:\/\/www.france-culinaire.com\/en\/"},{"@type":"ListItem","position":2,"name":"Boutique","item":"https:\/\/www.france-culinaire.com\/boutique-2\/"},{"@type":"ListItem","position":3,"name":"CHAPELURE SAVEUR BOLOGNAISE"}]},{"@type":"WebSite","@id":"https:\/\/www.france-culinaire.com\/#website","url":"https:\/\/www.france-culinaire.com\/","name":"France Culinaire D\u00e9veloppement","description":"L\u2019aromatisation sur mesure","potentialAction":[{"@type":"SearchAction","target":{"@type":"EntryPoint","urlTemplate":"https:\/\/www.france-culinaire.com\/?s={search_term_string}"},"query-input":{"@type":"PropertyValueSpecification","valueRequired":true,"valueName":"search_term_string"}}],"inLanguage":"en-US"}]}},"_links":{"self":[{"href":"https:\/\/www.france-culinaire.com\/en\/wp-json\/wp\/v2\/product\/11009","targetHints":{"allow":["GET"]}}],"collection":[{"href":"https:\/\/www.france-culinaire.com\/en\/wp-json\/wp\/v2\/product"}],"about":[{"href":"https:\/\/www.france-culinaire.com\/en\/wp-json\/wp\/v2\/types\/product"}],"wp:featuredmedia":[{"embeddable":true,"href":"https:\/\/www.france-culinaire.com\/en\/wp-json\/wp\/v2\/media\/2229"}],"wp:attachment":[{"href":"https:\/\/www.france-culinaire.com\/en\/wp-json\/wp\/v2\/media?parent=11009"}],"wp:term":[{"taxonomy":"product_brand","embeddable":true,"href":"https:\/\/www.france-culinaire.com\/en\/wp-json\/wp\/v2\/product_brand?post=11009"},{"taxonomy":"product_type","embeddable":true,"href":"https:\/\/www.france-culinaire.com\/en\/wp-json\/wp\/v2\/product_type?post=11009"},{"taxonomy":"product_visibility","embeddable":true,"href":"https:\/\/www.france-culinaire.com\/en\/wp-json\/wp\/v2\/product_visibility?post=11009"},{"taxonomy":"product_cat","embeddable":true,"href":"https:\/\/www.france-culinaire.com\/en\/wp-json\/wp\/v2\/product_cat?post=11009"}],"curies":[{"name":"wp","href":"https:\/\/api.w.org\/{rel}","templated":true}]}}