{"id":11000,"date":"2026-04-22T13:53:17","date_gmt":"2026-04-22T11:53:17","guid":{"rendered":"https:\/\/www.france-culinaire.com\/?post_type=product&#038;p=11000"},"modified":"2026-04-22T13:57:01","modified_gmt":"2026-04-22T11:57:01","slug":"arome_naturel_saveur_vanille_1504","status":"publish","type":"product","link":"https:\/\/www.france-culinaire.com\/en\/product\/arome_naturel_saveur_vanille_1504\/","title":{"rendered":"AR\u00d4ME NATUREL SAVEUR VANILLE"},"content":{"rendered":"<p><strong>Ar\u00f4me naturel en poudre.<\/strong><\/p>\n<p>L&#8217;ar\u00f4me naturel de vanille apporte une flaveur de vanille gousse, lact\u00e9, caramel blond, de couleur beige. Cet ar\u00f4me naturel est fabriqu\u00e9 en France.<\/p>\n<p><strong>Dosage conseill\u00e9 : 0. \u00e0 1 %<\/strong><\/p>\n","protected":false},"excerpt":{"rendered":"<p>flaveur de vanille gousse, lact\u00e9, caramel blond.<\/p>\n","protected":false},"featured_media":2247,"template":"","meta":[],"product_brand":[],"product_type":[2],"product_visibility":[],"product_cat":[770,997],"class_list":{"0":"post-11000","1":"product","2":"type-product","3":"status-publish","4":"has-post-thumbnail","6":"product_cat-produitsaromes-naturels","7":"product_cat-produits-produitsaromes-naturelsles-sucres","8":"product_tag-arome","9":"product_tag-naturel","10":"product_tag-poudre","11":"product_tag-sucre","12":"product_tag-vanille","14":"first","15":"instock","16":"shipping-taxable","17":"product-type-simple"},"acf":{"fiche_methode":"","fiche_technique":""},"yoast_head":"<!-- This site is optimized with the Yoast SEO plugin v27.1.1 - https:\/\/yoast.com\/product\/yoast-seo-wordpress\/ -->\n<title>AR\u00d4ME NATUREL SAVEUR VANILLE - France Culinaire D\u00e9veloppement<\/title>\n<meta name=\"robots\" content=\"index, follow, max-snippet:-1, max-image-preview:large, max-video-preview:-1\" \/>\n<link rel=\"canonical\" href=\"https:\/\/www.france-culinaire.com\/product\/arome_naturel_saveur_vanille_1504\/\" \/>\n<meta property=\"og:locale\" content=\"en_US\" \/>\n<meta property=\"og:type\" content=\"article\" \/>\n<meta property=\"og:title\" content=\"AR\u00d4ME NATUREL SAVEUR VANILLE - France Culinaire D\u00e9veloppement\" \/>\n<meta property=\"og:description\" content=\"flaveur de vanille gousse, lact\u00e9, caramel blond.\" \/>\n<meta property=\"og:url\" content=\"https:\/\/www.france-culinaire.com\/product\/arome_naturel_saveur_vanille_1504\/\" \/>\n<meta property=\"og:site_name\" content=\"France Culinaire D\u00e9veloppement\" \/>\n<meta property=\"article:modified_time\" content=\"2026-04-22T11:57:01+00:00\" \/>\n<meta property=\"og:image\" content=\"https:\/\/www.france-culinaire.com\/app\/uploads\/2019\/10\/vanille2.png\" \/>\n\t<meta property=\"og:image:width\" content=\"400\" \/>\n\t<meta property=\"og:image:height\" content=\"631\" \/>\n\t<meta property=\"og:image:type\" content=\"image\/png\" \/>\n<meta name=\"twitter:card\" content=\"summary_large_image\" \/>\n<script type=\"application\/ld+json\" class=\"yoast-schema-graph\">{\"@context\":\"https:\/\/schema.org\",\"@graph\":[{\"@type\":\"WebPage\",\"@id\":\"https:\/\/www.france-culinaire.com\/product\/arome_naturel_saveur_vanille_1504\/\",\"url\":\"https:\/\/www.france-culinaire.com\/product\/arome_naturel_saveur_vanille_1504\/\",\"name\":\"AR\u00d4ME NATUREL SAVEUR VANILLE - France Culinaire D\u00e9veloppement\",\"isPartOf\":{\"@id\":\"https:\/\/www.france-culinaire.com\/#website\"},\"primaryImageOfPage\":{\"@id\":\"https:\/\/www.france-culinaire.com\/product\/arome_naturel_saveur_vanille_1504\/#primaryimage\"},\"image\":{\"@id\":\"https:\/\/www.france-culinaire.com\/product\/arome_naturel_saveur_vanille_1504\/#primaryimage\"},\"thumbnailUrl\":\"https:\/\/www.france-culinaire.com\/app\/uploads\/2019\/10\/vanille2.png\",\"datePublished\":\"2026-04-22T11:53:17+00:00\",\"dateModified\":\"2026-04-22T11:57:01+00:00\",\"breadcrumb\":{\"@id\":\"https:\/\/www.france-culinaire.com\/product\/arome_naturel_saveur_vanille_1504\/#breadcrumb\"},\"inLanguage\":\"en-US\",\"potentialAction\":[{\"@type\":\"ReadAction\",\"target\":[\"https:\/\/www.france-culinaire.com\/product\/arome_naturel_saveur_vanille_1504\/\"]}]},{\"@type\":\"ImageObject\",\"inLanguage\":\"en-US\",\"@id\":\"https:\/\/www.france-culinaire.com\/product\/arome_naturel_saveur_vanille_1504\/#primaryimage\",\"url\":\"https:\/\/www.france-culinaire.com\/app\/uploads\/2019\/10\/vanille2.png\",\"contentUrl\":\"https:\/\/www.france-culinaire.com\/app\/uploads\/2019\/10\/vanille2.png\",\"width\":400,\"height\":631},{\"@type\":\"BreadcrumbList\",\"@id\":\"https:\/\/www.france-culinaire.com\/product\/arome_naturel_saveur_vanille_1504\/#breadcrumb\",\"itemListElement\":[{\"@type\":\"ListItem\",\"position\":1,\"name\":\"Home\",\"item\":\"https:\/\/www.france-culinaire.com\/en\/\"},{\"@type\":\"ListItem\",\"position\":2,\"name\":\"Boutique\",\"item\":\"https:\/\/www.france-culinaire.com\/boutique-2\/\"},{\"@type\":\"ListItem\",\"position\":3,\"name\":\"AR\u00d4ME NATUREL SAVEUR VANILLE\"}]},{\"@type\":\"WebSite\",\"@id\":\"https:\/\/www.france-culinaire.com\/#website\",\"url\":\"https:\/\/www.france-culinaire.com\/\",\"name\":\"France Culinaire D\u00e9veloppement\",\"description\":\"L\u2019aromatisation sur mesure\",\"potentialAction\":[{\"@type\":\"SearchAction\",\"target\":{\"@type\":\"EntryPoint\",\"urlTemplate\":\"https:\/\/www.france-culinaire.com\/?s={search_term_string}\"},\"query-input\":{\"@type\":\"PropertyValueSpecification\",\"valueRequired\":true,\"valueName\":\"search_term_string\"}}],\"inLanguage\":\"en-US\"}]}<\/script>\n<!-- \/ Yoast SEO plugin. -->","yoast_head_json":{"title":"AR\u00d4ME NATUREL SAVEUR VANILLE - France Culinaire D\u00e9veloppement","robots":{"index":"index","follow":"follow","max-snippet":"max-snippet:-1","max-image-preview":"max-image-preview:large","max-video-preview":"max-video-preview:-1"},"canonical":"https:\/\/www.france-culinaire.com\/product\/arome_naturel_saveur_vanille_1504\/","og_locale":"en_US","og_type":"article","og_title":"AR\u00d4ME NATUREL SAVEUR VANILLE - France Culinaire D\u00e9veloppement","og_description":"flaveur de vanille gousse, lact\u00e9, caramel blond.","og_url":"https:\/\/www.france-culinaire.com\/product\/arome_naturel_saveur_vanille_1504\/","og_site_name":"France Culinaire D\u00e9veloppement","article_modified_time":"2026-04-22T11:57:01+00:00","og_image":[{"width":400,"height":631,"url":"https:\/\/www.france-culinaire.com\/app\/uploads\/2019\/10\/vanille2.png","type":"image\/png"}],"twitter_card":"summary_large_image","schema":{"@context":"https:\/\/schema.org","@graph":[{"@type":"WebPage","@id":"https:\/\/www.france-culinaire.com\/product\/arome_naturel_saveur_vanille_1504\/","url":"https:\/\/www.france-culinaire.com\/product\/arome_naturel_saveur_vanille_1504\/","name":"AR\u00d4ME NATUREL SAVEUR VANILLE - France Culinaire D\u00e9veloppement","isPartOf":{"@id":"https:\/\/www.france-culinaire.com\/#website"},"primaryImageOfPage":{"@id":"https:\/\/www.france-culinaire.com\/product\/arome_naturel_saveur_vanille_1504\/#primaryimage"},"image":{"@id":"https:\/\/www.france-culinaire.com\/product\/arome_naturel_saveur_vanille_1504\/#primaryimage"},"thumbnailUrl":"https:\/\/www.france-culinaire.com\/app\/uploads\/2019\/10\/vanille2.png","datePublished":"2026-04-22T11:53:17+00:00","dateModified":"2026-04-22T11:57:01+00:00","breadcrumb":{"@id":"https:\/\/www.france-culinaire.com\/product\/arome_naturel_saveur_vanille_1504\/#breadcrumb"},"inLanguage":"en-US","potentialAction":[{"@type":"ReadAction","target":["https:\/\/www.france-culinaire.com\/product\/arome_naturel_saveur_vanille_1504\/"]}]},{"@type":"ImageObject","inLanguage":"en-US","@id":"https:\/\/www.france-culinaire.com\/product\/arome_naturel_saveur_vanille_1504\/#primaryimage","url":"https:\/\/www.france-culinaire.com\/app\/uploads\/2019\/10\/vanille2.png","contentUrl":"https:\/\/www.france-culinaire.com\/app\/uploads\/2019\/10\/vanille2.png","width":400,"height":631},{"@type":"BreadcrumbList","@id":"https:\/\/www.france-culinaire.com\/product\/arome_naturel_saveur_vanille_1504\/#breadcrumb","itemListElement":[{"@type":"ListItem","position":1,"name":"Home","item":"https:\/\/www.france-culinaire.com\/en\/"},{"@type":"ListItem","position":2,"name":"Boutique","item":"https:\/\/www.france-culinaire.com\/boutique-2\/"},{"@type":"ListItem","position":3,"name":"AR\u00d4ME NATUREL SAVEUR VANILLE"}]},{"@type":"WebSite","@id":"https:\/\/www.france-culinaire.com\/#website","url":"https:\/\/www.france-culinaire.com\/","name":"France Culinaire D\u00e9veloppement","description":"L\u2019aromatisation sur mesure","potentialAction":[{"@type":"SearchAction","target":{"@type":"EntryPoint","urlTemplate":"https:\/\/www.france-culinaire.com\/?s={search_term_string}"},"query-input":{"@type":"PropertyValueSpecification","valueRequired":true,"valueName":"search_term_string"}}],"inLanguage":"en-US"}]}},"_links":{"self":[{"href":"https:\/\/www.france-culinaire.com\/en\/wp-json\/wp\/v2\/product\/11000","targetHints":{"allow":["GET"]}}],"collection":[{"href":"https:\/\/www.france-culinaire.com\/en\/wp-json\/wp\/v2\/product"}],"about":[{"href":"https:\/\/www.france-culinaire.com\/en\/wp-json\/wp\/v2\/types\/product"}],"wp:featuredmedia":[{"embeddable":true,"href":"https:\/\/www.france-culinaire.com\/en\/wp-json\/wp\/v2\/media\/2247"}],"wp:attachment":[{"href":"https:\/\/www.france-culinaire.com\/en\/wp-json\/wp\/v2\/media?parent=11000"}],"wp:term":[{"taxonomy":"product_brand","embeddable":true,"href":"https:\/\/www.france-culinaire.com\/en\/wp-json\/wp\/v2\/product_brand?post=11000"},{"taxonomy":"product_type","embeddable":true,"href":"https:\/\/www.france-culinaire.com\/en\/wp-json\/wp\/v2\/product_type?post=11000"},{"taxonomy":"product_visibility","embeddable":true,"href":"https:\/\/www.france-culinaire.com\/en\/wp-json\/wp\/v2\/product_visibility?post=11000"},{"taxonomy":"product_cat","embeddable":true,"href":"https:\/\/www.france-culinaire.com\/en\/wp-json\/wp\/v2\/product_cat?post=11000"}],"curies":[{"name":"wp","href":"https:\/\/api.w.org\/{rel}","templated":true}]}}