{"id":10973,"date":"2026-04-20T16:36:43","date_gmt":"2026-04-20T14:36:43","guid":{"rendered":"https:\/\/www.france-culinaire.com\/product\/epices_orientales_9171\/"},"modified":"2026-04-20T16:38:40","modified_gmt":"2026-04-20T14:38:40","slug":"epices_orientales_9171","status":"publish","type":"product","link":"https:\/\/www.france-culinaire.com\/en\/product\/epices_orientales_9171\/","title":{"rendered":"\u00c9PICES ORIENTALES"},"content":{"rendered":"<p><strong>L&#8217;assaisonnement \u00e9pices orientales apporte une flaveur parfum\u00e9e, douce, et orientale et une couleur jaune dor\u00e9. Cette sp\u00e9cialit\u00e9 aromatique est fabriqu\u00e9e en France et s&#8217;utilise en saupoudrage sur couscous, riz pilaf, agneau et l\u00e9gumes orientaux.<\/strong><\/p>\n","protected":false},"excerpt":{"rendered":"<p>Assaisonnement note parfum\u00e9e, douce, orientale<\/p>\n","protected":false},"featured_media":0,"template":"","meta":[],"product_brand":[],"product_type":[2],"product_visibility":[],"product_cat":[1010,1007],"class_list":{"0":"post-10973","1":"product","2":"type-product","3":"status-publish","5":"product_cat-produits-produitssaveurs-culinairesassaisonnement-du-monde","6":"product_cat-produitssaveurs-culinaires","8":"first","9":"instock","10":"shipping-taxable","11":"product-type-simple"},"acf":{"fiche_technique":null,"fiche_methode":null},"yoast_head":"<!-- This site is optimized with the Yoast SEO plugin v27.1.1 - https:\/\/yoast.com\/product\/yoast-seo-wordpress\/ -->\n<title>\u00c9PICES ORIENTALES - France Culinaire D\u00e9veloppement<\/title>\n<meta name=\"robots\" content=\"index, follow, max-snippet:-1, max-image-preview:large, max-video-preview:-1\" \/>\n<link rel=\"canonical\" href=\"https:\/\/www.france-culinaire.com\/product\/epices_orientales_9171\/\" \/>\n<meta property=\"og:locale\" content=\"en_US\" \/>\n<meta property=\"og:type\" content=\"article\" \/>\n<meta property=\"og:title\" content=\"\u00c9PICES ORIENTALES - France Culinaire D\u00e9veloppement\" \/>\n<meta property=\"og:description\" content=\"Assaisonnement note parfum\u00e9e, douce, orientale\" \/>\n<meta property=\"og:url\" content=\"https:\/\/www.france-culinaire.com\/product\/epices_orientales_9171\/\" \/>\n<meta property=\"og:site_name\" content=\"France Culinaire D\u00e9veloppement\" \/>\n<meta property=\"article:modified_time\" content=\"2026-04-20T14:38:40+00:00\" \/>\n<meta name=\"twitter:card\" content=\"summary_large_image\" \/>\n<script type=\"application\/ld+json\" class=\"yoast-schema-graph\">{\"@context\":\"https:\/\/schema.org\",\"@graph\":[{\"@type\":\"WebPage\",\"@id\":\"https:\/\/www.france-culinaire.com\/product\/epices_orientales_9171\/\",\"url\":\"https:\/\/www.france-culinaire.com\/product\/epices_orientales_9171\/\",\"name\":\"\u00c9PICES ORIENTALES - France Culinaire D\u00e9veloppement\",\"isPartOf\":{\"@id\":\"https:\/\/www.france-culinaire.com\/#website\"},\"datePublished\":\"2026-04-20T14:36:43+00:00\",\"dateModified\":\"2026-04-20T14:38:40+00:00\",\"breadcrumb\":{\"@id\":\"https:\/\/www.france-culinaire.com\/product\/epices_orientales_9171\/#breadcrumb\"},\"inLanguage\":\"en-US\",\"potentialAction\":[{\"@type\":\"ReadAction\",\"target\":[\"https:\/\/www.france-culinaire.com\/product\/epices_orientales_9171\/\"]}]},{\"@type\":\"BreadcrumbList\",\"@id\":\"https:\/\/www.france-culinaire.com\/product\/epices_orientales_9171\/#breadcrumb\",\"itemListElement\":[{\"@type\":\"ListItem\",\"position\":1,\"name\":\"Home\",\"item\":\"https:\/\/www.france-culinaire.com\/en\/\"},{\"@type\":\"ListItem\",\"position\":2,\"name\":\"Boutique\",\"item\":\"https:\/\/www.france-culinaire.com\/boutique-2\/\"},{\"@type\":\"ListItem\",\"position\":3,\"name\":\"\u00c9PICES ORIENTALES\"}]},{\"@type\":\"WebSite\",\"@id\":\"https:\/\/www.france-culinaire.com\/#website\",\"url\":\"https:\/\/www.france-culinaire.com\/\",\"name\":\"France Culinaire D\u00e9veloppement\",\"description\":\"L\u2019aromatisation sur mesure\",\"potentialAction\":[{\"@type\":\"SearchAction\",\"target\":{\"@type\":\"EntryPoint\",\"urlTemplate\":\"https:\/\/www.france-culinaire.com\/?s={search_term_string}\"},\"query-input\":{\"@type\":\"PropertyValueSpecification\",\"valueRequired\":true,\"valueName\":\"search_term_string\"}}],\"inLanguage\":\"en-US\"}]}<\/script>\n<!-- \/ Yoast SEO plugin. -->","yoast_head_json":{"title":"\u00c9PICES ORIENTALES - France Culinaire D\u00e9veloppement","robots":{"index":"index","follow":"follow","max-snippet":"max-snippet:-1","max-image-preview":"max-image-preview:large","max-video-preview":"max-video-preview:-1"},"canonical":"https:\/\/www.france-culinaire.com\/product\/epices_orientales_9171\/","og_locale":"en_US","og_type":"article","og_title":"\u00c9PICES ORIENTALES - France Culinaire D\u00e9veloppement","og_description":"Assaisonnement note parfum\u00e9e, douce, orientale","og_url":"https:\/\/www.france-culinaire.com\/product\/epices_orientales_9171\/","og_site_name":"France Culinaire D\u00e9veloppement","article_modified_time":"2026-04-20T14:38:40+00:00","twitter_card":"summary_large_image","schema":{"@context":"https:\/\/schema.org","@graph":[{"@type":"WebPage","@id":"https:\/\/www.france-culinaire.com\/product\/epices_orientales_9171\/","url":"https:\/\/www.france-culinaire.com\/product\/epices_orientales_9171\/","name":"\u00c9PICES ORIENTALES - France Culinaire D\u00e9veloppement","isPartOf":{"@id":"https:\/\/www.france-culinaire.com\/#website"},"datePublished":"2026-04-20T14:36:43+00:00","dateModified":"2026-04-20T14:38:40+00:00","breadcrumb":{"@id":"https:\/\/www.france-culinaire.com\/product\/epices_orientales_9171\/#breadcrumb"},"inLanguage":"en-US","potentialAction":[{"@type":"ReadAction","target":["https:\/\/www.france-culinaire.com\/product\/epices_orientales_9171\/"]}]},{"@type":"BreadcrumbList","@id":"https:\/\/www.france-culinaire.com\/product\/epices_orientales_9171\/#breadcrumb","itemListElement":[{"@type":"ListItem","position":1,"name":"Home","item":"https:\/\/www.france-culinaire.com\/en\/"},{"@type":"ListItem","position":2,"name":"Boutique","item":"https:\/\/www.france-culinaire.com\/boutique-2\/"},{"@type":"ListItem","position":3,"name":"\u00c9PICES ORIENTALES"}]},{"@type":"WebSite","@id":"https:\/\/www.france-culinaire.com\/#website","url":"https:\/\/www.france-culinaire.com\/","name":"France Culinaire D\u00e9veloppement","description":"L\u2019aromatisation sur mesure","potentialAction":[{"@type":"SearchAction","target":{"@type":"EntryPoint","urlTemplate":"https:\/\/www.france-culinaire.com\/?s={search_term_string}"},"query-input":{"@type":"PropertyValueSpecification","valueRequired":true,"valueName":"search_term_string"}}],"inLanguage":"en-US"}]}},"_links":{"self":[{"href":"https:\/\/www.france-culinaire.com\/en\/wp-json\/wp\/v2\/product\/10973","targetHints":{"allow":["GET"]}}],"collection":[{"href":"https:\/\/www.france-culinaire.com\/en\/wp-json\/wp\/v2\/product"}],"about":[{"href":"https:\/\/www.france-culinaire.com\/en\/wp-json\/wp\/v2\/types\/product"}],"wp:attachment":[{"href":"https:\/\/www.france-culinaire.com\/en\/wp-json\/wp\/v2\/media?parent=10973"}],"wp:term":[{"taxonomy":"product_brand","embeddable":true,"href":"https:\/\/www.france-culinaire.com\/en\/wp-json\/wp\/v2\/product_brand?post=10973"},{"taxonomy":"product_type","embeddable":true,"href":"https:\/\/www.france-culinaire.com\/en\/wp-json\/wp\/v2\/product_type?post=10973"},{"taxonomy":"product_visibility","embeddable":true,"href":"https:\/\/www.france-culinaire.com\/en\/wp-json\/wp\/v2\/product_visibility?post=10973"},{"taxonomy":"product_cat","embeddable":true,"href":"https:\/\/www.france-culinaire.com\/en\/wp-json\/wp\/v2\/product_cat?post=10973"}],"curies":[{"name":"wp","href":"https:\/\/api.w.org\/{rel}","templated":true}]}}