{"id":10967,"date":"2026-04-20T15:12:12","date_gmt":"2026-04-20T13:12:12","guid":{"rendered":"https:\/\/www.france-culinaire.com\/product\/gout_fume_9155\/"},"modified":"2026-04-21T15:41:34","modified_gmt":"2026-04-21T13:41:34","slug":"gout_fume_9155","status":"publish","type":"product","link":"https:\/\/www.france-culinaire.com\/en\/product\/gout_fume_9155\/","title":{"rendered":"GO\u00dbT FUM\u00c9"},"content":{"rendered":"<p><strong>L&#8217;assaisonnement go\u00fbt fum\u00e9 apporte une flaveur fum\u00e9e, bois\u00e9e, et grill\u00e9e et une couleur beige. Cette sp\u00e9cialit\u00e9 aromatique est fabriqu\u00e9e en France.<\/strong><\/p>\n","protected":false},"excerpt":{"rendered":"<p>Assaisonnement note fum\u00e9e, bois\u00e9e, grill\u00e9e<\/p>\n","protected":false},"featured_media":0,"template":"","meta":[],"product_brand":[],"product_type":[2],"product_visibility":[],"product_cat":[1011],"class_list":{"0":"post-10967","1":"product","2":"type-product","3":"status-publish","5":"product_cat-produitsnotes-fumees","7":"first","8":"instock","9":"shipping-taxable","10":"product-type-simple"},"acf":{"fiche_technique":null,"fiche_methode":null},"yoast_head":"<!-- This site is optimized with the Yoast SEO plugin v27.1.1 - https:\/\/yoast.com\/product\/yoast-seo-wordpress\/ -->\n<title>GO\u00dbT FUM\u00c9 - France Culinaire D\u00e9veloppement<\/title>\n<meta name=\"robots\" content=\"index, follow, max-snippet:-1, max-image-preview:large, max-video-preview:-1\" \/>\n<link rel=\"canonical\" href=\"https:\/\/www.france-culinaire.com\/product\/gout_fume_9155\/\" \/>\n<meta property=\"og:locale\" content=\"en_US\" \/>\n<meta property=\"og:type\" content=\"article\" \/>\n<meta property=\"og:title\" content=\"GO\u00dbT FUM\u00c9 - France Culinaire D\u00e9veloppement\" \/>\n<meta property=\"og:description\" content=\"Assaisonnement note fum\u00e9e, bois\u00e9e, grill\u00e9e\" \/>\n<meta property=\"og:url\" content=\"https:\/\/www.france-culinaire.com\/product\/gout_fume_9155\/\" \/>\n<meta property=\"og:site_name\" content=\"France Culinaire D\u00e9veloppement\" \/>\n<meta property=\"article:modified_time\" content=\"2026-04-21T13:41:34+00:00\" \/>\n<meta name=\"twitter:card\" content=\"summary_large_image\" \/>\n<script type=\"application\/ld+json\" class=\"yoast-schema-graph\">{\"@context\":\"https:\/\/schema.org\",\"@graph\":[{\"@type\":\"WebPage\",\"@id\":\"https:\/\/www.france-culinaire.com\/product\/gout_fume_9155\/\",\"url\":\"https:\/\/www.france-culinaire.com\/product\/gout_fume_9155\/\",\"name\":\"GO\u00dbT FUM\u00c9 - France Culinaire D\u00e9veloppement\",\"isPartOf\":{\"@id\":\"https:\/\/www.france-culinaire.com\/#website\"},\"datePublished\":\"2026-04-20T13:12:12+00:00\",\"dateModified\":\"2026-04-21T13:41:34+00:00\",\"breadcrumb\":{\"@id\":\"https:\/\/www.france-culinaire.com\/product\/gout_fume_9155\/#breadcrumb\"},\"inLanguage\":\"en-US\",\"potentialAction\":[{\"@type\":\"ReadAction\",\"target\":[\"https:\/\/www.france-culinaire.com\/product\/gout_fume_9155\/\"]}]},{\"@type\":\"BreadcrumbList\",\"@id\":\"https:\/\/www.france-culinaire.com\/product\/gout_fume_9155\/#breadcrumb\",\"itemListElement\":[{\"@type\":\"ListItem\",\"position\":1,\"name\":\"Home\",\"item\":\"https:\/\/www.france-culinaire.com\/en\/\"},{\"@type\":\"ListItem\",\"position\":2,\"name\":\"Boutique\",\"item\":\"https:\/\/www.france-culinaire.com\/boutique-2\/\"},{\"@type\":\"ListItem\",\"position\":3,\"name\":\"GO\u00dbT FUM\u00c9\"}]},{\"@type\":\"WebSite\",\"@id\":\"https:\/\/www.france-culinaire.com\/#website\",\"url\":\"https:\/\/www.france-culinaire.com\/\",\"name\":\"France Culinaire D\u00e9veloppement\",\"description\":\"L\u2019aromatisation sur mesure\",\"potentialAction\":[{\"@type\":\"SearchAction\",\"target\":{\"@type\":\"EntryPoint\",\"urlTemplate\":\"https:\/\/www.france-culinaire.com\/?s={search_term_string}\"},\"query-input\":{\"@type\":\"PropertyValueSpecification\",\"valueRequired\":true,\"valueName\":\"search_term_string\"}}],\"inLanguage\":\"en-US\"}]}<\/script>\n<!-- \/ Yoast SEO plugin. -->","yoast_head_json":{"title":"GO\u00dbT FUM\u00c9 - France Culinaire D\u00e9veloppement","robots":{"index":"index","follow":"follow","max-snippet":"max-snippet:-1","max-image-preview":"max-image-preview:large","max-video-preview":"max-video-preview:-1"},"canonical":"https:\/\/www.france-culinaire.com\/product\/gout_fume_9155\/","og_locale":"en_US","og_type":"article","og_title":"GO\u00dbT FUM\u00c9 - France Culinaire D\u00e9veloppement","og_description":"Assaisonnement note fum\u00e9e, bois\u00e9e, grill\u00e9e","og_url":"https:\/\/www.france-culinaire.com\/product\/gout_fume_9155\/","og_site_name":"France Culinaire D\u00e9veloppement","article_modified_time":"2026-04-21T13:41:34+00:00","twitter_card":"summary_large_image","schema":{"@context":"https:\/\/schema.org","@graph":[{"@type":"WebPage","@id":"https:\/\/www.france-culinaire.com\/product\/gout_fume_9155\/","url":"https:\/\/www.france-culinaire.com\/product\/gout_fume_9155\/","name":"GO\u00dbT FUM\u00c9 - France Culinaire D\u00e9veloppement","isPartOf":{"@id":"https:\/\/www.france-culinaire.com\/#website"},"datePublished":"2026-04-20T13:12:12+00:00","dateModified":"2026-04-21T13:41:34+00:00","breadcrumb":{"@id":"https:\/\/www.france-culinaire.com\/product\/gout_fume_9155\/#breadcrumb"},"inLanguage":"en-US","potentialAction":[{"@type":"ReadAction","target":["https:\/\/www.france-culinaire.com\/product\/gout_fume_9155\/"]}]},{"@type":"BreadcrumbList","@id":"https:\/\/www.france-culinaire.com\/product\/gout_fume_9155\/#breadcrumb","itemListElement":[{"@type":"ListItem","position":1,"name":"Home","item":"https:\/\/www.france-culinaire.com\/en\/"},{"@type":"ListItem","position":2,"name":"Boutique","item":"https:\/\/www.france-culinaire.com\/boutique-2\/"},{"@type":"ListItem","position":3,"name":"GO\u00dbT FUM\u00c9"}]},{"@type":"WebSite","@id":"https:\/\/www.france-culinaire.com\/#website","url":"https:\/\/www.france-culinaire.com\/","name":"France Culinaire D\u00e9veloppement","description":"L\u2019aromatisation sur mesure","potentialAction":[{"@type":"SearchAction","target":{"@type":"EntryPoint","urlTemplate":"https:\/\/www.france-culinaire.com\/?s={search_term_string}"},"query-input":{"@type":"PropertyValueSpecification","valueRequired":true,"valueName":"search_term_string"}}],"inLanguage":"en-US"}]}},"_links":{"self":[{"href":"https:\/\/www.france-culinaire.com\/en\/wp-json\/wp\/v2\/product\/10967","targetHints":{"allow":["GET"]}}],"collection":[{"href":"https:\/\/www.france-culinaire.com\/en\/wp-json\/wp\/v2\/product"}],"about":[{"href":"https:\/\/www.france-culinaire.com\/en\/wp-json\/wp\/v2\/types\/product"}],"wp:attachment":[{"href":"https:\/\/www.france-culinaire.com\/en\/wp-json\/wp\/v2\/media?parent=10967"}],"wp:term":[{"taxonomy":"product_brand","embeddable":true,"href":"https:\/\/www.france-culinaire.com\/en\/wp-json\/wp\/v2\/product_brand?post=10967"},{"taxonomy":"product_type","embeddable":true,"href":"https:\/\/www.france-culinaire.com\/en\/wp-json\/wp\/v2\/product_type?post=10967"},{"taxonomy":"product_visibility","embeddable":true,"href":"https:\/\/www.france-culinaire.com\/en\/wp-json\/wp\/v2\/product_visibility?post=10967"},{"taxonomy":"product_cat","embeddable":true,"href":"https:\/\/www.france-culinaire.com\/en\/wp-json\/wp\/v2\/product_cat?post=10967"}],"curies":[{"name":"wp","href":"https:\/\/api.w.org\/{rel}","templated":true}]}}