{"id":10961,"date":"2026-04-20T11:20:21","date_gmt":"2026-04-20T09:20:21","guid":{"rendered":"https:\/\/www.france-culinaire.com\/product\/chorizo_7970\/"},"modified":"2026-04-22T14:32:51","modified_gmt":"2026-04-22T12:32:51","slug":"chorizo_fume_7970","status":"publish","type":"product","link":"https:\/\/www.france-culinaire.com\/en\/product\/chorizo_fume_7970\/","title":{"rendered":"CHORIZO FUM\u00c9"},"content":{"rendered":"<p><strong>L&#8217;assaisonnement chorizo apporte une flaveur fum\u00e9e, de piment douce, cumin et d&#8217;ail et une couleur rouge. Cette sp\u00e9cialit\u00e9 aromatique est fabriqu\u00e9e en France et s&#8217;utilise en saupoudrage sur pommes de terre, tapas, paella et charcuteries.<\/strong><\/p>\n<p><strong>5% en saupoudrage<\/strong><\/p>\n","protected":false},"excerpt":{"rendered":"<p>Assaisonnement note fum\u00e9e, piment doux, cumin et ail.<\/p>\n","protected":false},"featured_media":0,"template":"","meta":[],"product_brand":[],"product_type":[2],"product_visibility":[],"product_cat":[1014,770,992,1011],"class_list":{"0":"post-10961","1":"product","2":"type-product","3":"status-publish","5":"product_cat-produits-produitsnotes-fumesaromes-et-assaisonnements","6":"product_cat-produitsaromes-naturels","7":"product_cat-produits-produitsaromes-naturelsles-bouillons-notes-de-viandes","8":"product_cat-produitsnotes-fumees","10":"first","11":"instock","12":"shipping-taxable","13":"product-type-simple"},"acf":{"fiche_technique":null,"fiche_methode":null},"yoast_head":"<!-- This site is optimized with the Yoast SEO plugin v27.1.1 - https:\/\/yoast.com\/product\/yoast-seo-wordpress\/ -->\n<title>CHORIZO FUM\u00c9 - France Culinaire D\u00e9veloppement<\/title>\n<meta name=\"robots\" content=\"index, follow, max-snippet:-1, max-image-preview:large, max-video-preview:-1\" \/>\n<link rel=\"canonical\" href=\"https:\/\/www.france-culinaire.com\/product\/chorizo_fume_7970\/\" \/>\n<meta property=\"og:locale\" content=\"en_US\" \/>\n<meta property=\"og:type\" content=\"article\" \/>\n<meta property=\"og:title\" content=\"CHORIZO FUM\u00c9 - France Culinaire D\u00e9veloppement\" \/>\n<meta property=\"og:description\" content=\"Assaisonnement note fum\u00e9e, piment doux, cumin et ail.\" \/>\n<meta property=\"og:url\" content=\"https:\/\/www.france-culinaire.com\/product\/chorizo_fume_7970\/\" \/>\n<meta property=\"og:site_name\" content=\"France Culinaire D\u00e9veloppement\" \/>\n<meta property=\"article:modified_time\" content=\"2026-04-22T12:32:51+00:00\" \/>\n<meta name=\"twitter:card\" content=\"summary_large_image\" \/>\n<script type=\"application\/ld+json\" class=\"yoast-schema-graph\">{\"@context\":\"https:\/\/schema.org\",\"@graph\":[{\"@type\":\"WebPage\",\"@id\":\"https:\/\/www.france-culinaire.com\/product\/chorizo_fume_7970\/\",\"url\":\"https:\/\/www.france-culinaire.com\/product\/chorizo_fume_7970\/\",\"name\":\"CHORIZO FUM\u00c9 - France Culinaire D\u00e9veloppement\",\"isPartOf\":{\"@id\":\"https:\/\/www.france-culinaire.com\/#website\"},\"datePublished\":\"2026-04-20T09:20:21+00:00\",\"dateModified\":\"2026-04-22T12:32:51+00:00\",\"breadcrumb\":{\"@id\":\"https:\/\/www.france-culinaire.com\/product\/chorizo_fume_7970\/#breadcrumb\"},\"inLanguage\":\"en-US\",\"potentialAction\":[{\"@type\":\"ReadAction\",\"target\":[\"https:\/\/www.france-culinaire.com\/product\/chorizo_fume_7970\/\"]}]},{\"@type\":\"BreadcrumbList\",\"@id\":\"https:\/\/www.france-culinaire.com\/product\/chorizo_fume_7970\/#breadcrumb\",\"itemListElement\":[{\"@type\":\"ListItem\",\"position\":1,\"name\":\"Home\",\"item\":\"https:\/\/www.france-culinaire.com\/en\/\"},{\"@type\":\"ListItem\",\"position\":2,\"name\":\"Boutique\",\"item\":\"https:\/\/www.france-culinaire.com\/boutique-2\/\"},{\"@type\":\"ListItem\",\"position\":3,\"name\":\"CHORIZO FUM\u00c9\"}]},{\"@type\":\"WebSite\",\"@id\":\"https:\/\/www.france-culinaire.com\/#website\",\"url\":\"https:\/\/www.france-culinaire.com\/\",\"name\":\"France Culinaire D\u00e9veloppement\",\"description\":\"L\u2019aromatisation sur mesure\",\"potentialAction\":[{\"@type\":\"SearchAction\",\"target\":{\"@type\":\"EntryPoint\",\"urlTemplate\":\"https:\/\/www.france-culinaire.com\/?s={search_term_string}\"},\"query-input\":{\"@type\":\"PropertyValueSpecification\",\"valueRequired\":true,\"valueName\":\"search_term_string\"}}],\"inLanguage\":\"en-US\"}]}<\/script>\n<!-- \/ Yoast SEO plugin. -->","yoast_head_json":{"title":"CHORIZO FUM\u00c9 - France Culinaire D\u00e9veloppement","robots":{"index":"index","follow":"follow","max-snippet":"max-snippet:-1","max-image-preview":"max-image-preview:large","max-video-preview":"max-video-preview:-1"},"canonical":"https:\/\/www.france-culinaire.com\/product\/chorizo_fume_7970\/","og_locale":"en_US","og_type":"article","og_title":"CHORIZO FUM\u00c9 - France Culinaire D\u00e9veloppement","og_description":"Assaisonnement note fum\u00e9e, piment doux, cumin et ail.","og_url":"https:\/\/www.france-culinaire.com\/product\/chorizo_fume_7970\/","og_site_name":"France Culinaire D\u00e9veloppement","article_modified_time":"2026-04-22T12:32:51+00:00","twitter_card":"summary_large_image","schema":{"@context":"https:\/\/schema.org","@graph":[{"@type":"WebPage","@id":"https:\/\/www.france-culinaire.com\/product\/chorizo_fume_7970\/","url":"https:\/\/www.france-culinaire.com\/product\/chorizo_fume_7970\/","name":"CHORIZO FUM\u00c9 - France Culinaire D\u00e9veloppement","isPartOf":{"@id":"https:\/\/www.france-culinaire.com\/#website"},"datePublished":"2026-04-20T09:20:21+00:00","dateModified":"2026-04-22T12:32:51+00:00","breadcrumb":{"@id":"https:\/\/www.france-culinaire.com\/product\/chorizo_fume_7970\/#breadcrumb"},"inLanguage":"en-US","potentialAction":[{"@type":"ReadAction","target":["https:\/\/www.france-culinaire.com\/product\/chorizo_fume_7970\/"]}]},{"@type":"BreadcrumbList","@id":"https:\/\/www.france-culinaire.com\/product\/chorizo_fume_7970\/#breadcrumb","itemListElement":[{"@type":"ListItem","position":1,"name":"Home","item":"https:\/\/www.france-culinaire.com\/en\/"},{"@type":"ListItem","position":2,"name":"Boutique","item":"https:\/\/www.france-culinaire.com\/boutique-2\/"},{"@type":"ListItem","position":3,"name":"CHORIZO FUM\u00c9"}]},{"@type":"WebSite","@id":"https:\/\/www.france-culinaire.com\/#website","url":"https:\/\/www.france-culinaire.com\/","name":"France Culinaire D\u00e9veloppement","description":"L\u2019aromatisation sur mesure","potentialAction":[{"@type":"SearchAction","target":{"@type":"EntryPoint","urlTemplate":"https:\/\/www.france-culinaire.com\/?s={search_term_string}"},"query-input":{"@type":"PropertyValueSpecification","valueRequired":true,"valueName":"search_term_string"}}],"inLanguage":"en-US"}]}},"_links":{"self":[{"href":"https:\/\/www.france-culinaire.com\/en\/wp-json\/wp\/v2\/product\/10961","targetHints":{"allow":["GET"]}}],"collection":[{"href":"https:\/\/www.france-culinaire.com\/en\/wp-json\/wp\/v2\/product"}],"about":[{"href":"https:\/\/www.france-culinaire.com\/en\/wp-json\/wp\/v2\/types\/product"}],"wp:attachment":[{"href":"https:\/\/www.france-culinaire.com\/en\/wp-json\/wp\/v2\/media?parent=10961"}],"wp:term":[{"taxonomy":"product_brand","embeddable":true,"href":"https:\/\/www.france-culinaire.com\/en\/wp-json\/wp\/v2\/product_brand?post=10961"},{"taxonomy":"product_type","embeddable":true,"href":"https:\/\/www.france-culinaire.com\/en\/wp-json\/wp\/v2\/product_type?post=10961"},{"taxonomy":"product_visibility","embeddable":true,"href":"https:\/\/www.france-culinaire.com\/en\/wp-json\/wp\/v2\/product_visibility?post=10961"},{"taxonomy":"product_cat","embeddable":true,"href":"https:\/\/www.france-culinaire.com\/en\/wp-json\/wp\/v2\/product_cat?post=10961"}],"curies":[{"name":"wp","href":"https:\/\/api.w.org\/{rel}","templated":true}]}}