{"id":1008,"date":"2019-08-19T10:51:28","date_gmt":"2019-08-19T08:51:28","guid":{"rendered":"https:\/\/www.france-culinaire.com\/product\/dextrose-de-ble\/"},"modified":"2020-01-17T15:20:52","modified_gmt":"2020-01-17T13:20:52","slug":"dextrose-de-ble","status":"publish","type":"product","link":"https:\/\/www.france-culinaire.com\/en\/product\/dextrose-de-ble\/","title":{"rendered":"Dextrose de bl\u00e9"},"content":{"rendered":"\n<p><strong>Dextrose de bl\u00e9\u00a0monohydrat\u00e9 en poudre.<\/strong><\/p>\n<p>Le dextrose de bl\u00e9 est un glucose purifi\u00e9 et cristallis\u00e9, pour servir d&#8217;agent sucrant, de renfor\u00e7ateur de go\u00fbt, de stabilisant de couleur, de r\u00e9tenteur d&#8217;eau, de conservateur, d&#8217;anti-cristallisant et d&#8217;apport \u00e9nerg\u00e9tique. C&#8217;est un syst\u00e8me fonctionnel, fabriqu\u00e9 en France de flaveur sucr\u00e9e et de couleur blanche.<\/p>\n<p><strong>Dose d&#8217;utilisation : \u00e0 adapter selon usage.<\/strong><\/p>\n","protected":false},"excerpt":{"rendered":"<p>Sucre<\/p>\n","protected":false},"featured_media":2434,"template":"","meta":[],"product_brand":[],"product_type":[2],"product_visibility":[],"product_cat":[795],"class_list":{"0":"post-1008","1":"product","2":"type-product","3":"status-publish","4":"has-post-thumbnail","6":"product_cat-produitssystemes-fonctionnels","7":"product_tag-ble","8":"product_tag-conservateur","9":"product_tag-dextrose","10":"product_tag-poudre","11":"product_tag-stabilisant","12":"product_tag-sucre","14":"first","15":"instock","16":"shipping-taxable","17":"product-type-simple"},"acf":{"fiche_technique":"","fiche_methode":""},"yoast_head":"<!-- This site is optimized with the Yoast SEO plugin v27.1.1 - https:\/\/yoast.com\/product\/yoast-seo-wordpress\/ -->\n<title>Dextrose de bl\u00e9 - France Culinaire D\u00e9veloppement<\/title>\n<meta name=\"robots\" content=\"index, follow, max-snippet:-1, max-image-preview:large, max-video-preview:-1\" \/>\n<link rel=\"canonical\" href=\"https:\/\/www.france-culinaire.com\/product\/dextrose-de-ble\/\" \/>\n<meta property=\"og:locale\" content=\"en_US\" \/>\n<meta property=\"og:type\" content=\"article\" \/>\n<meta property=\"og:title\" content=\"Dextrose de bl\u00e9 - France Culinaire D\u00e9veloppement\" \/>\n<meta property=\"og:description\" content=\"Sucre\" \/>\n<meta property=\"og:url\" content=\"https:\/\/www.france-culinaire.com\/product\/dextrose-de-ble\/\" \/>\n<meta property=\"og:site_name\" content=\"France Culinaire D\u00e9veloppement\" \/>\n<meta property=\"article:modified_time\" content=\"2020-01-17T13:20:52+00:00\" \/>\n<meta property=\"og:image\" content=\"https:\/\/www.france-culinaire.com\/app\/uploads\/2019\/11\/bl_2.-1.png\" \/>\n\t<meta property=\"og:image:width\" content=\"398\" \/>\n\t<meta property=\"og:image:height\" content=\"640\" \/>\n\t<meta property=\"og:image:type\" content=\"image\/png\" \/>\n<meta name=\"twitter:card\" content=\"summary_large_image\" \/>\n<script type=\"application\/ld+json\" class=\"yoast-schema-graph\">{\"@context\":\"https:\/\/schema.org\",\"@graph\":[{\"@type\":\"WebPage\",\"@id\":\"https:\/\/www.france-culinaire.com\/product\/dextrose-de-ble\/\",\"url\":\"https:\/\/www.france-culinaire.com\/product\/dextrose-de-ble\/\",\"name\":\"Dextrose de bl\u00e9 - France Culinaire D\u00e9veloppement\",\"isPartOf\":{\"@id\":\"https:\/\/www.france-culinaire.com\/#website\"},\"primaryImageOfPage\":{\"@id\":\"https:\/\/www.france-culinaire.com\/product\/dextrose-de-ble\/#primaryimage\"},\"image\":{\"@id\":\"https:\/\/www.france-culinaire.com\/product\/dextrose-de-ble\/#primaryimage\"},\"thumbnailUrl\":\"https:\/\/www.france-culinaire.com\/app\/uploads\/2019\/11\/bl_2.-1.png\",\"datePublished\":\"2019-08-19T08:51:28+00:00\",\"dateModified\":\"2020-01-17T13:20:52+00:00\",\"breadcrumb\":{\"@id\":\"https:\/\/www.france-culinaire.com\/product\/dextrose-de-ble\/#breadcrumb\"},\"inLanguage\":\"en-US\",\"potentialAction\":[{\"@type\":\"ReadAction\",\"target\":[\"https:\/\/www.france-culinaire.com\/product\/dextrose-de-ble\/\"]}]},{\"@type\":\"ImageObject\",\"inLanguage\":\"en-US\",\"@id\":\"https:\/\/www.france-culinaire.com\/product\/dextrose-de-ble\/#primaryimage\",\"url\":\"https:\/\/www.france-culinaire.com\/app\/uploads\/2019\/11\/bl_2.-1.png\",\"contentUrl\":\"https:\/\/www.france-culinaire.com\/app\/uploads\/2019\/11\/bl_2.-1.png\",\"width\":398,\"height\":640},{\"@type\":\"BreadcrumbList\",\"@id\":\"https:\/\/www.france-culinaire.com\/product\/dextrose-de-ble\/#breadcrumb\",\"itemListElement\":[{\"@type\":\"ListItem\",\"position\":1,\"name\":\"Home\",\"item\":\"https:\/\/www.france-culinaire.com\/en\/\"},{\"@type\":\"ListItem\",\"position\":2,\"name\":\"Boutique\",\"item\":\"https:\/\/www.france-culinaire.com\/boutique-2\/\"},{\"@type\":\"ListItem\",\"position\":3,\"name\":\"Dextrose de bl\u00e9\"}]},{\"@type\":\"WebSite\",\"@id\":\"https:\/\/www.france-culinaire.com\/#website\",\"url\":\"https:\/\/www.france-culinaire.com\/\",\"name\":\"France Culinaire D\u00e9veloppement\",\"description\":\"L\u2019aromatisation sur mesure\",\"potentialAction\":[{\"@type\":\"SearchAction\",\"target\":{\"@type\":\"EntryPoint\",\"urlTemplate\":\"https:\/\/www.france-culinaire.com\/?s={search_term_string}\"},\"query-input\":{\"@type\":\"PropertyValueSpecification\",\"valueRequired\":true,\"valueName\":\"search_term_string\"}}],\"inLanguage\":\"en-US\"}]}<\/script>\n<!-- \/ Yoast SEO plugin. -->","yoast_head_json":{"title":"Dextrose de bl\u00e9 - France Culinaire D\u00e9veloppement","robots":{"index":"index","follow":"follow","max-snippet":"max-snippet:-1","max-image-preview":"max-image-preview:large","max-video-preview":"max-video-preview:-1"},"canonical":"https:\/\/www.france-culinaire.com\/product\/dextrose-de-ble\/","og_locale":"en_US","og_type":"article","og_title":"Dextrose de bl\u00e9 - France Culinaire D\u00e9veloppement","og_description":"Sucre","og_url":"https:\/\/www.france-culinaire.com\/product\/dextrose-de-ble\/","og_site_name":"France Culinaire D\u00e9veloppement","article_modified_time":"2020-01-17T13:20:52+00:00","og_image":[{"width":398,"height":640,"url":"https:\/\/www.france-culinaire.com\/app\/uploads\/2019\/11\/bl_2.-1.png","type":"image\/png"}],"twitter_card":"summary_large_image","schema":{"@context":"https:\/\/schema.org","@graph":[{"@type":"WebPage","@id":"https:\/\/www.france-culinaire.com\/product\/dextrose-de-ble\/","url":"https:\/\/www.france-culinaire.com\/product\/dextrose-de-ble\/","name":"Dextrose de bl\u00e9 - France Culinaire D\u00e9veloppement","isPartOf":{"@id":"https:\/\/www.france-culinaire.com\/#website"},"primaryImageOfPage":{"@id":"https:\/\/www.france-culinaire.com\/product\/dextrose-de-ble\/#primaryimage"},"image":{"@id":"https:\/\/www.france-culinaire.com\/product\/dextrose-de-ble\/#primaryimage"},"thumbnailUrl":"https:\/\/www.france-culinaire.com\/app\/uploads\/2019\/11\/bl_2.-1.png","datePublished":"2019-08-19T08:51:28+00:00","dateModified":"2020-01-17T13:20:52+00:00","breadcrumb":{"@id":"https:\/\/www.france-culinaire.com\/product\/dextrose-de-ble\/#breadcrumb"},"inLanguage":"en-US","potentialAction":[{"@type":"ReadAction","target":["https:\/\/www.france-culinaire.com\/product\/dextrose-de-ble\/"]}]},{"@type":"ImageObject","inLanguage":"en-US","@id":"https:\/\/www.france-culinaire.com\/product\/dextrose-de-ble\/#primaryimage","url":"https:\/\/www.france-culinaire.com\/app\/uploads\/2019\/11\/bl_2.-1.png","contentUrl":"https:\/\/www.france-culinaire.com\/app\/uploads\/2019\/11\/bl_2.-1.png","width":398,"height":640},{"@type":"BreadcrumbList","@id":"https:\/\/www.france-culinaire.com\/product\/dextrose-de-ble\/#breadcrumb","itemListElement":[{"@type":"ListItem","position":1,"name":"Home","item":"https:\/\/www.france-culinaire.com\/en\/"},{"@type":"ListItem","position":2,"name":"Boutique","item":"https:\/\/www.france-culinaire.com\/boutique-2\/"},{"@type":"ListItem","position":3,"name":"Dextrose de bl\u00e9"}]},{"@type":"WebSite","@id":"https:\/\/www.france-culinaire.com\/#website","url":"https:\/\/www.france-culinaire.com\/","name":"France Culinaire D\u00e9veloppement","description":"L\u2019aromatisation sur mesure","potentialAction":[{"@type":"SearchAction","target":{"@type":"EntryPoint","urlTemplate":"https:\/\/www.france-culinaire.com\/?s={search_term_string}"},"query-input":{"@type":"PropertyValueSpecification","valueRequired":true,"valueName":"search_term_string"}}],"inLanguage":"en-US"}]}},"_links":{"self":[{"href":"https:\/\/www.france-culinaire.com\/en\/wp-json\/wp\/v2\/product\/1008","targetHints":{"allow":["GET"]}}],"collection":[{"href":"https:\/\/www.france-culinaire.com\/en\/wp-json\/wp\/v2\/product"}],"about":[{"href":"https:\/\/www.france-culinaire.com\/en\/wp-json\/wp\/v2\/types\/product"}],"wp:featuredmedia":[{"embeddable":true,"href":"https:\/\/www.france-culinaire.com\/en\/wp-json\/wp\/v2\/media\/2434"}],"wp:attachment":[{"href":"https:\/\/www.france-culinaire.com\/en\/wp-json\/wp\/v2\/media?parent=1008"}],"wp:term":[{"taxonomy":"product_brand","embeddable":true,"href":"https:\/\/www.france-culinaire.com\/en\/wp-json\/wp\/v2\/product_brand?post=1008"},{"taxonomy":"product_type","embeddable":true,"href":"https:\/\/www.france-culinaire.com\/en\/wp-json\/wp\/v2\/product_type?post=1008"},{"taxonomy":"product_visibility","embeddable":true,"href":"https:\/\/www.france-culinaire.com\/en\/wp-json\/wp\/v2\/product_visibility?post=1008"},{"taxonomy":"product_cat","embeddable":true,"href":"https:\/\/www.france-culinaire.com\/en\/wp-json\/wp\/v2\/product_cat?post=1008"}],"curies":[{"name":"wp","href":"https:\/\/api.w.org\/{rel}","templated":true}]}}